{"id":11997,"date":"2024-11-08T11:51:05","date_gmt":"2024-11-08T11:51:05","guid":{"rendered":"https:\/\/crawl.es\/producto\/tensor-de-mans-adidas-ajustable-grip-trainer-per-a-forca-dagafarament-crawl\/"},"modified":"2024-11-08T11:51:05","modified_gmt":"2024-11-08T11:51:05","slug":"tensor-de-mans-adidas-ajustable-grip-trainer-per-a-forca-dagafarament-crawl","status":"publish","type":"product","link":"https:\/\/crawl.es\/ca\/producto\/tensor-de-mans-adidas-ajustable-grip-trainer-per-a-forca-dagafarament-crawl\/","title":{"rendered":"Tensor de M\u00e0 Adidas | Ajustable Grip Trainer per a For\u00e7a d&#8217;Agafarament | Crawl"},"content":{"rendered":"<p>Dissenyat per desenvolupar la for\u00e7a de subjecci\u00f3, l&#8217;Adidas Ajustable Grip Trainer s&#8217;adre\u00e7a espec\u00edficament als m\u00fasculs dels avantbra\u00e7os i les mans. El Trainer compta amb un moll de metall s\u00f2lid i un marc modelat de forma duradora. Permet augmentar no nom\u00e9s la for\u00e7a dels avantbra\u00e7os i les mans, sin\u00f3 que tamb\u00e9 augmenta la resist\u00e8ncia muscular, ajudant a realitzar aixecaments m\u00e9s pesats i majors repeticions sense que la subjecci\u00f3 falli.<\/p>\n<p>\u00a0<\/p>\n<p>Dissenyat amb un mecanisme ajustable \u00fanic, el Grip Trainer es pot ajustar entre 10 i 40 kg de resist\u00e8ncia. El dial de tensi\u00f3 del Trainer ajuda a evitar estancaments en l&#8217;entrenament i permet continuar desenvolupant la for\u00e7a de subjecci\u00f3 a mesura que es progresa. L&#8217;entrenador de subjecci\u00f3 ajustable tamb\u00e9 compta amb m\u00e0necs de goma per a una subjecci\u00f3 m\u00e9s forta quan s&#8217;aplica la m\u00e0xima pressi\u00f3.<\/p>\n<p>\u00a0<\/p>\n<p>Caracter\u00edstiques:<\/p>\n<p>Disseny dirigit a m\u00fasculs espec\u00edfics: Se centra en els m\u00fasculs dels avantbra\u00e7os i les mans, garantint un desenvolupament integral de la for\u00e7a de subjecci\u00f3.<\/p>\n<p>Materials d&#8217;alta qualitat: Moll de metall s\u00f2lid i marc modelat durador per assegurar una llarga vida \u00fatil i un rendiment \u00f2ptim.<\/p>\n<p>Ajustable: Mecanisme ajustable que permet variar la resist\u00e8ncia entre 10 i 40 kg, adaptant-se a diferents nivells de for\u00e7a i progr\u00e9s.<\/p>\n<p>Dial de tensi\u00f3: Ajuda a evitar estancaments en l&#8217;entrenament i permet un desenvolupament continu de la for\u00e7a de subjecci\u00f3.<\/p>\n<p>M\u00e0necs de goma: Proporcionen una subjecci\u00f3 m\u00e9s forta i segura en aplicar la m\u00e0xima pressi\u00f3, millorant l&#8217;efic\u00e0cia de l&#8217;entrenament.<\/p>\n","protected":false},"excerpt":{"rendered":"<p>El Tensor de M\u00e0 Adidas Ajustable Grip Trainer enforteix els avantbra\u00e7os i mans, ideal per desenvolupar la for\u00e7a de subjecci\u00f3. Perfecte per a entrenaments i esports.<\/p>\n","protected":false},"featured_media":10127,"comment_status":"open","ping_status":"closed","template":"","meta":[],"product_cat":[134,139],"product_tag":[],"brands":[{"id":403,"name":"Adidas","slug":"adidas"}],"_links":{"self":[{"href":"https:\/\/crawl.es\/ca\/wp-json\/wp\/v2\/product\/11997"}],"collection":[{"href":"https:\/\/crawl.es\/ca\/wp-json\/wp\/v2\/product"}],"about":[{"href":"https:\/\/crawl.es\/ca\/wp-json\/wp\/v2\/types\/product"}],"replies":[{"embeddable":true,"href":"https:\/\/crawl.es\/ca\/wp-json\/wp\/v2\/comments?post=11997"}],"wp:featuredmedia":[{"embeddable":true,"href":"https:\/\/crawl.es\/ca\/wp-json\/wp\/v2\/media\/10127"}],"wp:attachment":[{"href":"https:\/\/crawl.es\/ca\/wp-json\/wp\/v2\/media?parent=11997"}],"wp:term":[{"taxonomy":"product_cat","embeddable":true,"href":"https:\/\/crawl.es\/ca\/wp-json\/wp\/v2\/product_cat?post=11997"},{"taxonomy":"product_tag","embeddable":true,"href":"https:\/\/crawl.es\/ca\/wp-json\/wp\/v2\/product_tag?post=11997"}],"curies":[{"name":"wp","href":"https:\/\/api.w.org\/{rel}","templated":true}]}}