{"id":12006,"date":"2024-12-17T10:56:02","date_gmt":"2024-12-17T10:56:02","guid":{"rendered":"https:\/\/crawl.es\/producto\/ulleres-de-natacio-speedo-fastskin-speedsocket-2-mirror-vermell-blau-crawl\/"},"modified":"2024-12-17T10:56:02","modified_gmt":"2024-12-17T10:56:02","slug":"ulleres-de-natacio-speedo-fastskin-speedsocket-2-mirror-vermell-blau-crawl","status":"publish","type":"product","link":"https:\/\/crawl.es\/ca\/producto\/ulleres-de-natacio-speedo-fastskin-speedsocket-2-mirror-vermell-blau-crawl\/","title":{"rendered":"Ulleres de Nataci\u00f3 Speedo Fastskin Speedsocket 2 Mirror Vermell-Blau | CRAWL"},"content":{"rendered":"<p>Les ulleres de nataci\u00f3 Speedo Fastskin Speedsocket 2 amb lents mirallades estan dissenyades per oferir un rendiment superior en cada bra\u00e7ada. Compten amb una tira d&#8217;ajust de doble cap\u00e7al que garanteix un ajust segur, mentre que les lents amb recobriment anti-vapor proporcionen una excel\u00b7lent visi\u00f3.<\/p>\n<p>\u00a0<\/p>\n<p>Caracter\u00edstiques:<\/p>\n<p>Lent mirallades que redueixen la brillantor i l&#8217;enlluernament, convertint-se en l&#8217;opci\u00f3 ideal per a curses i competicions<\/p>\n<p>Ideals per nedar a l&#8217;aire lliure<\/p>\n<p>Tira d&#8217;ajust de doble cap\u00e7al per un ajust segur<\/p>\n<p>Ponts de nas intercanviables per un ajust individual<\/p>\n<p>Recobriment de lent amb efecte anti-vapor i protecci\u00f3 UV<\/p>\n<p>Bossa de les ulleres inclosa<\/p>\n<p>Tira d&#8217;ajust en silicona<\/p>\n<p>\u00a0<\/p>\n<p>Amb un disseny modern en colors vermell i blau, aquestes ulleres s\u00f3n perfectes per a nedadors que busquen rendiment i estil. No perdis l&#8217;oportunitat de millorar el teu rendiment amb les ulleres Speedo Fastskin Speedsocket 2 Mirror.<\/p>\n<p>\u00a0<\/p>\n<p>Refer\u00e8ncia de l&#8217;article:<\/p>\n<p>Ref: 8-1089717608<\/p>\n<p>\u00a0<\/p>\n<p>Compra ara i gaudeix d&#8217;una visi\u00f3 clara i segura en cada competici\u00f3 i entrenament.<\/p>\n","protected":false},"excerpt":{"rendered":"<p>Compra les ulleres de nataci\u00f3 Speedo Fastskin Speedsocket 2 Mirror vermell-blau a CRAWL. Amb lent mirallada, ajust de doble cap\u00e7al i recobriment anti-vapor per a una visi\u00f3 clara i segura.<\/p>\n","protected":false},"featured_media":12005,"comment_status":"open","ping_status":"closed","template":"","meta":[],"product_cat":[134,135],"product_tag":[],"brands":[{"id":307,"name":"Speedo","slug":"speedo"}],"_links":{"self":[{"href":"https:\/\/crawl.es\/ca\/wp-json\/wp\/v2\/product\/12006"}],"collection":[{"href":"https:\/\/crawl.es\/ca\/wp-json\/wp\/v2\/product"}],"about":[{"href":"https:\/\/crawl.es\/ca\/wp-json\/wp\/v2\/types\/product"}],"replies":[{"embeddable":true,"href":"https:\/\/crawl.es\/ca\/wp-json\/wp\/v2\/comments?post=12006"}],"wp:featuredmedia":[{"embeddable":true,"href":"https:\/\/crawl.es\/ca\/wp-json\/wp\/v2\/media\/12005"}],"wp:attachment":[{"href":"https:\/\/crawl.es\/ca\/wp-json\/wp\/v2\/media?parent=12006"}],"wp:term":[{"taxonomy":"product_cat","embeddable":true,"href":"https:\/\/crawl.es\/ca\/wp-json\/wp\/v2\/product_cat?post=12006"},{"taxonomy":"product_tag","embeddable":true,"href":"https:\/\/crawl.es\/ca\/wp-json\/wp\/v2\/product_tag?post=12006"}],"curies":[{"name":"wp","href":"https:\/\/api.w.org\/{rel}","templated":true}]}}