{"id":12008,"date":"2024-11-08T10:09:43","date_gmt":"2024-11-08T10:09:43","guid":{"rendered":"https:\/\/crawl.es\/producto\/adidas-cordo-de-transport-per-a-lestora-crawl\/"},"modified":"2024-11-08T10:09:43","modified_gmt":"2024-11-08T10:09:43","slug":"adidas-cordo-de-transport-per-a-lestora-crawl","status":"publish","type":"product","link":"https:\/\/crawl.es\/ca\/producto\/adidas-cordo-de-transport-per-a-lestora-crawl\/","title":{"rendered":"Adidas cord\u00f3 de transport per a l&#8217;estora | CRAWL"},"content":{"rendered":"<p>Lleugera i duradora, teixida amb una forta barreja de cot\u00f3, la corretja de transport per estoreta Adidas \u00e9s apta per a qualsevol mida d&#8217;estoreta de ioga, pilates o entrenament Dissenyada per cordar-se i afluixar f\u00e0cilment a trav\u00e9s dels dos ajustadors lliscants, el disseny en bucle de la corretja \u00e9s perfecte per utilitzar mentre viatja: simplement poseu la corretja sobre la seva taula, recolliu-la i estar\u00e0 llest per comen\u00e7ar.<\/p>\n<p>\u00a0<\/p>\n<p>Caracter\u00edstiques destacables:<\/p>\n<p>&#8211; Composici\u00f3 de material de poli\u00e8ster\/cot\u00f3 teixit durador.<\/p>\n<p>&#8211; Totalment ajustable: simplement col\u00b7locant un bucle sobre la taula i lliscant els ajustadors.<\/p>\n<p>&#8211; Resistent per\u00f2 c\u00f2moda quan es porta a l&#8217;espatlla.<\/p>\n<p>&#8211; Ideal per a qualsevol mida de ioga, pilates o estoreta d&#8217;entrenament.<\/p>\n<p>&#8211; Disseny de bucle simple per a f\u00e0cil fixaci\u00f3 i alliberament r\u00e0pid.<\/p>\n<p>&#8211; Embalatge en envasos 100% reciclables.<\/p>\n<p>\u00a0<\/p>\n<p>\u00das recomanat:<\/p>\n<p>Perfecta per portar la teva estoreta de ioga, pilates o entrenament de manera c\u00f2moda i segura Aquesta corretja ofereix una combinaci\u00f3 perfecta de durabilitat i comoditat, permetent transportar-la amb facilitat.<\/p>\n<p>\u00a0<\/p>\n<p>Color:<\/p>\n<p>&#8211; Gris.<\/p>\n<p>\u00a0<\/p>\n<p>No perdis l&#8217;oportunitat d&#8217;adquirir l&#8217;Adidas Cord\u00f3 de transport per estoreta grisa de CRAWL. Compra ara i porta la teva estoreta amb estil i comoditat!<\/p>\n","protected":false},"excerpt":{"rendered":"<div>\u00a0<\/div>\n<p>Compra el Cord\u00f3 de transport per a estoreta gris d&#8217;Adidas a CRAWL. Lleuger i durador, ideal per a qualsevol mida d&#8217;estoreta. Material: poli\u00e8ster\/cot\u00f3.<\/p>\n","protected":false},"featured_media":10106,"comment_status":"open","ping_status":"closed","template":"","meta":[],"product_cat":[134,139],"product_tag":[],"brands":[{"id":403,"name":"Adidas","slug":"adidas"}],"_links":{"self":[{"href":"https:\/\/crawl.es\/ca\/wp-json\/wp\/v2\/product\/12008"}],"collection":[{"href":"https:\/\/crawl.es\/ca\/wp-json\/wp\/v2\/product"}],"about":[{"href":"https:\/\/crawl.es\/ca\/wp-json\/wp\/v2\/types\/product"}],"replies":[{"embeddable":true,"href":"https:\/\/crawl.es\/ca\/wp-json\/wp\/v2\/comments?post=12008"}],"wp:featuredmedia":[{"embeddable":true,"href":"https:\/\/crawl.es\/ca\/wp-json\/wp\/v2\/media\/10106"}],"wp:attachment":[{"href":"https:\/\/crawl.es\/ca\/wp-json\/wp\/v2\/media?parent=12008"}],"wp:term":[{"taxonomy":"product_cat","embeddable":true,"href":"https:\/\/crawl.es\/ca\/wp-json\/wp\/v2\/product_cat?post=12008"},{"taxonomy":"product_tag","embeddable":true,"href":"https:\/\/crawl.es\/ca\/wp-json\/wp\/v2\/product_tag?post=12008"}],"curies":[{"name":"wp","href":"https:\/\/api.w.org\/{rel}","templated":true}]}}