{"id":12010,"date":"2024-11-08T09:47:09","date_gmt":"2024-11-08T09:47:09","guid":{"rendered":"https:\/\/crawl.es\/producto\/adidas-estora-de-ioga-negre-4mm-crawl\/"},"modified":"2024-11-08T09:47:09","modified_gmt":"2024-11-08T09:47:09","slug":"adidas-estora-de-ioga-negre-4mm-crawl","status":"publish","type":"product","link":"https:\/\/crawl.es\/ca\/producto\/adidas-estora-de-ioga-negre-4mm-crawl\/","title":{"rendered":"Adidas Estora de ioga negre 4mm | CRAWL"},"content":{"rendered":"<p>L&#8217;eleg\u00e0ncia i la comoditat sempre conjuguen b\u00e9. L&#8217;estoreta de ioga de 4 mm d&#8217;Adidas s&#8217;ha dissenyat perqu\u00e8 assoleixis l&#8217;excel\u00b7l\u00e8ncia en la teva pr\u00e0ctica di\u00e0ria. El confort i la subjecci\u00f3 s&#8217;uneixen per oferir-te una plataforma segura en cada postura.<\/p>\n<p>\u00a0<\/p>\n<p>Caracter\u00edstiques destacables:<\/p>\n<p>Confort i subjecci\u00f3: Perfecta per mantenir l&#8217;estabilitat i la comoditat durant les teves postures.<\/p>\n<p>Sostenibilitat: Fabricada parcialment amb materials reciclats i sense PVC, contribuint a reduir el seu impacte mediambiental.<\/p>\n<p>Textura: Base i superf\u00edcie lleugerament texturitzades per millorar l&#8217;adher\u00e8ncia.<\/p>\n<p>\u00a0<\/p>\n<p>Composici\u00f3 del material:<\/p>\n<p>EVA i PE: Materials que proporcionen suavitat i flexibilitat.<\/p>\n<p>50% de materials reciclats.<\/p>\n<p>\u00a0<\/p>\n<p>Dimensions:<\/p>\n<p>178 cm x 62 cm x 0,4 cm.<\/p>\n<p>\u00a0<\/p>\n<p>\u00das recomanat: Ideal per a practicar ioga i altres activitats de benestar, oferint una combinaci\u00f3 perfecta de confort i sostenibilitat.<\/p>\n<p>\u00a0<\/p>\n<p>Color: Negre.<\/p>\n<p>\u00a0<\/p>\n<p>Refer\u00e8ncia de l&#8217;article:<\/p>\n<p>Ref: IV2479.<\/p>\n<p>\u00a0<\/p>\n<p>No perdis l&#8217;oportunitat d&#8217;elevar la teva pr\u00e0ctica di\u00e0ria amb l&#8217;Adidas Estoreta de ioga negra 4mm de CRAWL. Compra ara i gaudeix d&#8217;un confort inigualable!<\/p>\n","protected":false},"excerpt":{"rendered":"<div>\u00a0<\/div>\n<p>Compra l&#8217;Adidas Estoreta de ioga negra 4mm a CRAWL. Confort i sostenibilitat per a la teva pr\u00e0ctica di\u00e0ria. Dimensions: 178 cm x 62 cm x 0,4 cm.<\/p>\n<p>Ref: IV2479<\/p>\n","protected":false},"featured_media":10097,"comment_status":"open","ping_status":"closed","template":"","meta":[],"product_cat":[134,139],"product_tag":[],"brands":[{"id":403,"name":"Adidas","slug":"adidas"}],"_links":{"self":[{"href":"https:\/\/crawl.es\/ca\/wp-json\/wp\/v2\/product\/12010"}],"collection":[{"href":"https:\/\/crawl.es\/ca\/wp-json\/wp\/v2\/product"}],"about":[{"href":"https:\/\/crawl.es\/ca\/wp-json\/wp\/v2\/types\/product"}],"replies":[{"embeddable":true,"href":"https:\/\/crawl.es\/ca\/wp-json\/wp\/v2\/comments?post=12010"}],"wp:featuredmedia":[{"embeddable":true,"href":"https:\/\/crawl.es\/ca\/wp-json\/wp\/v2\/media\/10097"}],"wp:attachment":[{"href":"https:\/\/crawl.es\/ca\/wp-json\/wp\/v2\/media?parent=12010"}],"wp:term":[{"taxonomy":"product_cat","embeddable":true,"href":"https:\/\/crawl.es\/ca\/wp-json\/wp\/v2\/product_cat?post=12010"},{"taxonomy":"product_tag","embeddable":true,"href":"https:\/\/crawl.es\/ca\/wp-json\/wp\/v2\/product_tag?post=12010"}],"curies":[{"name":"wp","href":"https:\/\/api.w.org\/{rel}","templated":true}]}}