{"id":12050,"date":"2024-12-19T09:19:09","date_gmt":"2024-12-19T09:19:09","guid":{"rendered":"https:\/\/crawl.es\/producto\/arena-banyador-powerskin-impulso-ref-008603110-crawl\/"},"modified":"2024-12-19T09:19:09","modified_gmt":"2024-12-19T09:19:09","slug":"arena-banyador-powerskin-impulso-ref-008603110-crawl","status":"publish","type":"product","link":"https:\/\/crawl.es\/ca\/producto\/arena-banyador-powerskin-impulso-ref-008603110-crawl\/","title":{"rendered":"Arena Banyador Powerskin Impulso REF: 008603110 | Crawl"},"content":{"rendered":"<p>L&#8217;Arena Women&#8217;s Powerskin Impulso Openback Kneeskin &#8211; Future Dusk \u00e9s un vestit de competici\u00f3 de compressi\u00f3 flexible i lleuger per a nedadores competitives. T\u00e9 un nivell de compressi\u00f3 moderat que d\u00f3na suport als teus m\u00fasculs mentre competeixes. El vestit de competici\u00f3 eleva el teu cos a una millor posici\u00f3 a l&#8217;aigua i t\u00e9 costures de perfil baix amb col\u00b7locaci\u00f3 estrat\u00e8gica per reduir la resist\u00e8ncia i permetre m\u00e9s llibertat de moviment.<\/p>\n<p>\u00a0<\/p>\n<p>Est\u00e0 fet del millor teixit itali\u00e0 teixit per a una durabilitat i resist\u00e8ncia avan\u00e7ades, mantenint la seva forma al llarg del temps. Aquest teixit \u00e9s lleuger i de secat r\u00e0pid, el que el fa perfecte per a m\u00faltiples esdeveniments. Combinat amb el seu tractament hidrof\u00f2bic, s&#8217;obt\u00e9 una m\u00ednima absorci\u00f3 d&#8217;aigua i resist\u00e8ncia, ajudant a millorar la teva velocitat a l&#8217;aigua.<\/p>\n<p>\u00a0<\/p>\n<p>Caracter\u00edstiques i Beneficis:<\/p>\n<p>&#8211; Compressi\u00f3 moderada per a suport muscular i millor posici\u00f3 del cos.<\/p>\n<p>&#8211; Teixit durador i resistent per a una vida \u00fatil m\u00e9s llarga i manteniment de la forma.<\/p>\n<p>&#8211; Baixa absorci\u00f3 d&#8217;aigua i superf\u00edcie m\u00e9s llisa per reduir encara m\u00e9s la resist\u00e8ncia.<\/p>\n<p>&#8211; Gran comoditat amb menys restricci\u00f3 mentre nades.<\/p>\n","protected":false},"excerpt":{"rendered":"<p>Descobreix l&#8217;Arena Women&#8217;s Powerskin Impulso Openback Kneeskin &#8211; Future Dusk. Compressi\u00f3 moderada, teixit durador i resistent, baixa absorci\u00f3 d&#8217;aigua. Ideal per a competicions.<\/p>\n","protected":false},"featured_media":12039,"comment_status":"open","ping_status":"closed","template":"","meta":[],"product_cat":[227],"product_tag":[],"brands":[{"id":312,"name":"ARENA","slug":"arena"}],"_links":{"self":[{"href":"https:\/\/crawl.es\/ca\/wp-json\/wp\/v2\/product\/12050"}],"collection":[{"href":"https:\/\/crawl.es\/ca\/wp-json\/wp\/v2\/product"}],"about":[{"href":"https:\/\/crawl.es\/ca\/wp-json\/wp\/v2\/types\/product"}],"replies":[{"embeddable":true,"href":"https:\/\/crawl.es\/ca\/wp-json\/wp\/v2\/comments?post=12050"}],"wp:featuredmedia":[{"embeddable":true,"href":"https:\/\/crawl.es\/ca\/wp-json\/wp\/v2\/media\/12039"}],"wp:attachment":[{"href":"https:\/\/crawl.es\/ca\/wp-json\/wp\/v2\/media?parent=12050"}],"wp:term":[{"taxonomy":"product_cat","embeddable":true,"href":"https:\/\/crawl.es\/ca\/wp-json\/wp\/v2\/product_cat?post=12050"},{"taxonomy":"product_tag","embeddable":true,"href":"https:\/\/crawl.es\/ca\/wp-json\/wp\/v2\/product_tag?post=12050"}],"curies":[{"name":"wp","href":"https:\/\/api.w.org\/{rel}","templated":true}]}}