{"id":12069,"date":"2024-11-07T12:26:33","date_gmt":"2024-11-07T12:26:33","guid":{"rendered":"https:\/\/crawl.es\/producto\/gimar-top-girl-power-negre-y-fucsia-crawl\/"},"modified":"2024-11-07T12:26:33","modified_gmt":"2024-11-07T12:26:33","slug":"gimar-top-girl-power-negre-y-fucsia-crawl","status":"publish","type":"product","link":"https:\/\/crawl.es\/ca\/producto\/gimar-top-girl-power-negre-y-fucsia-crawl\/","title":{"rendered":"Gimar top girl power &#8211; Negre y F\u00facsia | CRAWL"},"content":{"rendered":"<p>El Gimar top girl power en Negre i F\u00facsia \u00e9s perfecte per a gimnastes junior. Amb un disseny sublimat i molt bona subjecci\u00f3, aquest top ofereix comoditat i estil durant els teus entrenaments.<\/p>\n<p>\u00a0<\/p>\n<p>Caracter\u00edstiques destacables:<\/p>\n<p>Disseny sublimat en negre i f\u00facsia.<\/p>\n<p>Molt bona subjecci\u00f3 per a un ajust perfecte.<\/p>\n<p>Material d&#8217;alta qualitat per a durabilitat i comoditat.<\/p>\n<p>\u00a0<\/p>\n<p>\u00das recomanat:<\/p>\n<p>Ideal per a entrenaments diaris i competicions, aquest top assegura que puguis moure&#8217;t lliurement i amb confian\u00e7a.<\/p>\n<p>\u00a0<\/p>\n<p>No perdis l&#8217;oportunitat de millorar el teu rendiment amb el Gimar top girl power en Negre i F\u00facsia de CRAWL. Compra ara i destaca en la teva pr\u00f2xima sessi\u00f3 de gimn\u00e0stica!<\/p>\n","protected":false},"excerpt":{"rendered":"<div>\u00a0<\/div>\n<p>Compra el Gimar top girl power en Negre i F\u00facsia a CRAWL. Molt bona subjecci\u00f3 i disseny sublimat.<\/p>\n","protected":false},"featured_media":10091,"comment_status":"open","ping_status":"closed","template":"","meta":[],"product_cat":[159,156],"product_tag":[],"brands":[{"id":27,"name":"Gimar","slug":"gimar"}],"_links":{"self":[{"href":"https:\/\/crawl.es\/ca\/wp-json\/wp\/v2\/product\/12069"}],"collection":[{"href":"https:\/\/crawl.es\/ca\/wp-json\/wp\/v2\/product"}],"about":[{"href":"https:\/\/crawl.es\/ca\/wp-json\/wp\/v2\/types\/product"}],"replies":[{"embeddable":true,"href":"https:\/\/crawl.es\/ca\/wp-json\/wp\/v2\/comments?post=12069"}],"wp:featuredmedia":[{"embeddable":true,"href":"https:\/\/crawl.es\/ca\/wp-json\/wp\/v2\/media\/10091"}],"wp:attachment":[{"href":"https:\/\/crawl.es\/ca\/wp-json\/wp\/v2\/media?parent=12069"}],"wp:term":[{"taxonomy":"product_cat","embeddable":true,"href":"https:\/\/crawl.es\/ca\/wp-json\/wp\/v2\/product_cat?post=12069"},{"taxonomy":"product_tag","embeddable":true,"href":"https:\/\/crawl.es\/ca\/wp-json\/wp\/v2\/product_tag?post=12069"}],"curies":[{"name":"wp","href":"https:\/\/api.w.org\/{rel}","templated":true}]}}