{"id":12072,"date":"2024-11-07T12:21:27","date_gmt":"2024-11-07T12:21:27","guid":{"rendered":"https:\/\/crawl.es\/producto\/gimar-top-aigua-colors-crawl\/"},"modified":"2024-11-07T12:21:27","modified_gmt":"2024-11-07T12:21:27","slug":"gimar-top-aigua-colors-crawl","status":"publish","type":"product","link":"https:\/\/crawl.es\/ca\/producto\/gimar-top-aigua-colors-crawl\/","title":{"rendered":"Gimar top aigua colors | CRAWL"},"content":{"rendered":"<p>El Gimar top aigua colors \u00e9s perfecte per a gimnastes junior. Amb un bonic degradat en colors de l&#8217;arc de Sant Mart\u00ed i molt bona subjecci\u00f3, aquest top ofereix comoditat i estil durant els teus entrenaments.<\/p>\n<p>Caracter\u00edstiques destacables:<\/p>\n<p>Disseny sublimat amb un bonic degradat en colors de l&#8217;arc de Sant Mart\u00ed.<\/p>\n<p>Molt bona subjecci\u00f3 per a un ajust perfecte.<\/p>\n<p>Material d&#8217;alta qualitat per a durabilitat i comoditat.<\/p>\n<p>\u00a0<\/p>\n<p>\u00das recomanat:<\/p>\n<p>Ideal per a entrenaments diaris i competicions, aquest top assegura que et puguis moure lliurement i amb confian\u00e7a.<\/p>\n<p>\u00a0<\/p>\n<p>No perdis l&#8217;oportunitat de millorar el teu rendiment amb el Gimar top aigua colors de CRAWL. Compra ara i destaca en la teva pr\u00f2xima sessi\u00f3 de gimn\u00e0stica!<\/p>\n","protected":false},"excerpt":{"rendered":"<div>\u00a0<\/div>\n<p>Compra el Gimar top aigua colors a CRAWL. Bonic degradat en colors de l&#8217;arc de Sant Mart\u00ed i molt bona subjecci\u00f3.<\/p>\n","protected":false},"featured_media":10078,"comment_status":"open","ping_status":"closed","template":"","meta":[],"product_cat":[158,156],"product_tag":[],"brands":[{"id":27,"name":"Gimar","slug":"gimar"}],"_links":{"self":[{"href":"https:\/\/crawl.es\/ca\/wp-json\/wp\/v2\/product\/12072"}],"collection":[{"href":"https:\/\/crawl.es\/ca\/wp-json\/wp\/v2\/product"}],"about":[{"href":"https:\/\/crawl.es\/ca\/wp-json\/wp\/v2\/types\/product"}],"replies":[{"embeddable":true,"href":"https:\/\/crawl.es\/ca\/wp-json\/wp\/v2\/comments?post=12072"}],"wp:featuredmedia":[{"embeddable":true,"href":"https:\/\/crawl.es\/ca\/wp-json\/wp\/v2\/media\/10078"}],"wp:attachment":[{"href":"https:\/\/crawl.es\/ca\/wp-json\/wp\/v2\/media?parent=12072"}],"wp:term":[{"taxonomy":"product_cat","embeddable":true,"href":"https:\/\/crawl.es\/ca\/wp-json\/wp\/v2\/product_cat?post=12072"},{"taxonomy":"product_tag","embeddable":true,"href":"https:\/\/crawl.es\/ca\/wp-json\/wp\/v2\/product_tag?post=12072"}],"curies":[{"name":"wp","href":"https:\/\/api.w.org\/{rel}","templated":true}]}}