{"id":12077,"date":"2024-11-07T11:55:56","date_gmt":"2024-11-07T11:55:56","guid":{"rendered":"https:\/\/crawl.es\/producto\/gimar-top-curt-grafitti-crawl\/"},"modified":"2024-12-19T09:58:29","modified_gmt":"2024-12-19T09:58:29","slug":"gimar-top-curt-grafitti-crawl","status":"publish","type":"product","link":"https:\/\/crawl.es\/ca\/producto\/gimar-top-curt-grafitti-crawl\/","title":{"rendered":"Gimar top curt grafitti | CRAWL"},"content":{"rendered":"<p>El Gimar top curt graffiti \u00e9s perfecte per a gimnastes joves que busquen un estil \u00fanic i modern. Amb una estampaci\u00f3 de graffiti de paret i rivets en fosforit rosa, aquest top ofereix comoditat i subjecci\u00f3 durant els entrenaments.<\/p>\n<p>\u00a0<\/p>\n<p>Caracter\u00edstiques destacables:<\/p>\n<p>Disseny amb estampaci\u00f3 de graffiti de paret.<\/p>\n<p>Rivets en fosforit rosa per a un toc de color.<\/p>\n<p>Molt bona subjecci\u00f3 per a un ajust perfecte.<\/p>\n<p>Material d&#8217;alta qualitat per a durabilitat i comoditat.<\/p>\n<p>\u00a0<\/p>\n<p>\u00das recomanat:<\/p>\n<p>Ideal per a entrenaments diaris i competicions, aquest top assegura que les gimnastes es puguin moure lliurement i amb confian\u00e7a.<\/p>\n<p>\u00a0<\/p>\n<p>No perdis l&#8217;oportunitat de destacar amb el Gimar top curt graffiti de CRAWL. Compra ara i llueix un estil \u00fanic en la teva pr\u00f2xima sessi\u00f3 de gimn\u00e0stica!<\/p>\n","protected":false},"excerpt":{"rendered":"<p>Compra el Gimar top curt graffiti a CRAWL. Disseny amb estampaci\u00f3 de graffiti de paret i rivets en fosforit rosa. Talla junior.<\/p>\n","protected":false},"featured_media":10069,"comment_status":"open","ping_status":"closed","template":"","meta":[],"product_cat":[158,156],"product_tag":[],"brands":[{"id":27,"name":"Gimar","slug":"gimar"}],"_links":{"self":[{"href":"https:\/\/crawl.es\/ca\/wp-json\/wp\/v2\/product\/12077"}],"collection":[{"href":"https:\/\/crawl.es\/ca\/wp-json\/wp\/v2\/product"}],"about":[{"href":"https:\/\/crawl.es\/ca\/wp-json\/wp\/v2\/types\/product"}],"replies":[{"embeddable":true,"href":"https:\/\/crawl.es\/ca\/wp-json\/wp\/v2\/comments?post=12077"}],"wp:featuredmedia":[{"embeddable":true,"href":"https:\/\/crawl.es\/ca\/wp-json\/wp\/v2\/media\/10069"}],"wp:attachment":[{"href":"https:\/\/crawl.es\/ca\/wp-json\/wp\/v2\/media?parent=12077"}],"wp:term":[{"taxonomy":"product_cat","embeddable":true,"href":"https:\/\/crawl.es\/ca\/wp-json\/wp\/v2\/product_cat?post=12077"},{"taxonomy":"product_tag","embeddable":true,"href":"https:\/\/crawl.es\/ca\/wp-json\/wp\/v2\/product_tag?post=12077"}],"curies":[{"name":"wp","href":"https:\/\/api.w.org\/{rel}","templated":true}]}}