{"id":12079,"date":"2024-11-07T11:44:53","date_gmt":"2024-11-07T11:44:53","guid":{"rendered":"https:\/\/crawl.es\/producto\/gimar-top-blublu-crawl\/"},"modified":"2024-12-19T10:01:08","modified_gmt":"2024-12-19T10:01:08","slug":"gimar-top-blublu-crawl","status":"publish","type":"product","link":"https:\/\/crawl.es\/ca\/producto\/gimar-top-blublu-crawl\/","title":{"rendered":"Gimar top blublu | CRAWL"},"content":{"rendered":"<p>El Gimar top blublu \u00e9s perfecte per a gimnastes joves que busquen un estil vibrant i modern. Amb una estampaci\u00f3 de colors i rivets en fosforit verd, aquest top ofereix comoditat i subjecci\u00f3 durant els entrenaments.<\/p>\n<p>\u00a0<\/p>\n<p>Caracter\u00edstiques destacables:<\/p>\n<p>Disseny amb estampaci\u00f3 de colors.<\/p>\n<p>Rivets en fosforescent verd per a un toc de color.<\/p>\n<p>Molt bona subjecci\u00f3 per a un ajust perfecte.<\/p>\n<p>Material d&#8217;alta qualitat per a durabilitat i comoditat.<\/p>\n<p>\u00a0<\/p>\n<p>\u00das recomanat:<\/p>\n<p>Ideal per a entrenaments diaris i competicions, aquest top assegura que les gimnastes es puguin moure lliurement i amb confian\u00e7a.<\/p>\n<p>\u00a0<\/p>\n<p>No perdis l&#8217;oportunitat de destacar amb el Gimar top blublu de CRAWL. Compra ara i llueix un estil \u00fanic en la teva pr\u00f2xima sessi\u00f3 de gimn\u00e0stica!<\/p>\n","protected":false},"excerpt":{"rendered":"<p>Compra el Gimar top blublu a CRAWL. Disseny amb estampaci\u00f3 de colors i rivets en verd fosforescent. Talla junior.<\/p>\n","protected":false},"featured_media":10063,"comment_status":"open","ping_status":"closed","template":"","meta":[],"product_cat":[158,156],"product_tag":[],"brands":[{"id":27,"name":"Gimar","slug":"gimar"}],"_links":{"self":[{"href":"https:\/\/crawl.es\/ca\/wp-json\/wp\/v2\/product\/12079"}],"collection":[{"href":"https:\/\/crawl.es\/ca\/wp-json\/wp\/v2\/product"}],"about":[{"href":"https:\/\/crawl.es\/ca\/wp-json\/wp\/v2\/types\/product"}],"replies":[{"embeddable":true,"href":"https:\/\/crawl.es\/ca\/wp-json\/wp\/v2\/comments?post=12079"}],"wp:featuredmedia":[{"embeddable":true,"href":"https:\/\/crawl.es\/ca\/wp-json\/wp\/v2\/media\/10063"}],"wp:attachment":[{"href":"https:\/\/crawl.es\/ca\/wp-json\/wp\/v2\/media?parent=12079"}],"wp:term":[{"taxonomy":"product_cat","embeddable":true,"href":"https:\/\/crawl.es\/ca\/wp-json\/wp\/v2\/product_cat?post=12079"},{"taxonomy":"product_tag","embeddable":true,"href":"https:\/\/crawl.es\/ca\/wp-json\/wp\/v2\/product_tag?post=12079"}],"curies":[{"name":"wp","href":"https:\/\/api.w.org\/{rel}","templated":true}]}}