{"id":12086,"date":"2024-11-07T10:50:32","date_gmt":"2024-11-07T10:50:32","guid":{"rendered":"https:\/\/crawl.es\/producto\/ampolla-runbott-sport-blau-fosc-oscuro-750ml-crawl\/"},"modified":"2024-11-07T10:50:32","modified_gmt":"2024-11-07T10:50:32","slug":"ampolla-runbott-sport-blau-fosc-oscuro-750ml-crawl","status":"publish","type":"product","link":"https:\/\/crawl.es\/ca\/producto\/ampolla-runbott-sport-blau-fosc-oscuro-750ml-crawl\/","title":{"rendered":"Ampolla Runbott Sport Blau Fosc 750ml | CRAWL"},"content":{"rendered":"<p>Amb totes les qualitats de Runbott Sport 60 per\u00f2 amb m\u00e9s capacitat, la Ampolla Runbott Sport 750ml \u00e9s perfecta per portar les teves begudes on vulguis. Amb recobriment cer\u00e0mic i tap roscat, aquesta ampolla mant\u00e9 les teves begudes fredes durant 24 hores i calentes durant 12.<\/p>\n<p>Caracter\u00edstiques destacables:<\/p>\n<p>Capacitat: 75 cl.<\/p>\n<p>Recobriment interior cer\u00e0mic per evitar transfer\u00e8ncies de sabor i olors desagradables.<\/p>\n<p>Acabat resistent i antiratllades.<\/p>\n<p>Doble paret amb a\u00efllament intermedi.<\/p>\n<p>Apte per contenir begudes carbonatades.<\/p>\n<p>Fabricada amb acer 304 de qualitat aliment\u00e0ria.<\/p>\n<p>Lliure de BPA.<\/p>\n<p>Base de goma antilliscant.<\/p>\n<p>Mant\u00e9 les teves begudes fredes durant 24 hores i calentes durant 12 hores.<\/p>\n<p>\u00a0<\/p>\n<p>\u00das recomanat:<\/p>\n<p>Ideal per portar les teves begudes preferides, ja siguin fredes o calentes, a qualsevol lloc. Perfecta per a activitats a l&#8217;aire lliure, la feina, el gimn\u00e0s o qualsevol ocasi\u00f3 on necessitis mantenir les teves begudes a la temperatura desitjada.<\/p>\n<p>\u00a0<\/p>\n<p>No perdis l&#8217;oportunitat de tenir l&#8217;Ampolla Runbott Sport 750ml de CRAWL. Compra ara i gaudeix de les teves begudes en perfectes condicions!<\/p>\n","protected":false},"excerpt":{"rendered":"<div>\u00a0<\/div>\n<p>Compra l&#8217;Ampolla Runbott Sport 750ml a CRAWL. Mant\u00e9 les teves begudes fredes 24 hores i calentes 12 hores. Capacitat: 75 cl. Resistent i antilliscant.<\/p>\n","protected":false},"featured_media":10037,"comment_status":"open","ping_status":"closed","template":"","meta":[],"product_cat":[134,139],"product_tag":[],"brands":[{"id":291,"name":"Runbott","slug":"runbott"}],"_links":{"self":[{"href":"https:\/\/crawl.es\/ca\/wp-json\/wp\/v2\/product\/12086"}],"collection":[{"href":"https:\/\/crawl.es\/ca\/wp-json\/wp\/v2\/product"}],"about":[{"href":"https:\/\/crawl.es\/ca\/wp-json\/wp\/v2\/types\/product"}],"replies":[{"embeddable":true,"href":"https:\/\/crawl.es\/ca\/wp-json\/wp\/v2\/comments?post=12086"}],"wp:featuredmedia":[{"embeddable":true,"href":"https:\/\/crawl.es\/ca\/wp-json\/wp\/v2\/media\/10037"}],"wp:attachment":[{"href":"https:\/\/crawl.es\/ca\/wp-json\/wp\/v2\/media?parent=12086"}],"wp:term":[{"taxonomy":"product_cat","embeddable":true,"href":"https:\/\/crawl.es\/ca\/wp-json\/wp\/v2\/product_cat?post=12086"},{"taxonomy":"product_tag","embeddable":true,"href":"https:\/\/crawl.es\/ca\/wp-json\/wp\/v2\/product_tag?post=12086"}],"curies":[{"name":"wp","href":"https:\/\/api.w.org\/{rel}","templated":true}]}}