{"id":12090,"date":"2024-11-06T12:33:34","date_gmt":"2024-11-06T12:33:34","guid":{"rendered":"https:\/\/crawl.es\/producto\/gorro-turbo-de-silicona-metalitzat-4-colors-crawl\/"},"modified":"2024-11-06T12:33:34","modified_gmt":"2024-11-06T12:33:34","slug":"gorro-turbo-de-silicona-metalitzat-4-colors-crawl","status":"publish","type":"product","link":"https:\/\/crawl.es\/ca\/producto\/gorro-turbo-de-silicona-metalitzat-4-colors-crawl\/","title":{"rendered":"Gorro Turbo de Silicona Metalitzat | 4 Colors | Crawl"},"content":{"rendered":"<p>El Gorra Turbo de Silicona Metalitzat combina qualitat i estil amb un disseny elegant en 4 colors. Fabricat amb la millor silicona del mercat, aquest gorra ofereix elasticitat i suavitat al tacte, garantint una excel\u00b7lent subjecci\u00f3 sense renunciar a la comoditat. Resistent al clor, els raigs UV i l&#8217;aigua del mar, est\u00e0 dissenyat per durar fins i tot en condicions d&#8217;\u00fas intens. Ideal per a entrenaments diaris o competicions, aquest gorra \u00e9s perfecte per a nedadors que busquen rendiment i durabilitat.<\/p>\n<p>\u00a0<\/p>\n<p>Caracter\u00edstiques destacables:<\/p>\n<p>Fabricat amb silicona 100%.<\/p>\n<p>Disseny aerodin\u00e0mic per a un ajust \u00f2ptim.<\/p>\n<p>El\u00e0stic i adaptable, f\u00e0cil de posar i treure.<\/p>\n<p>Resist\u00e8ncia superior al clor i a l&#8217;exposici\u00f3 solar.<\/p>\n<p>\u00a0<\/p>\n<p>\u00das recomanat:<\/p>\n<p>Ideal tant per a piscines cobertes com descobertes, aquest gorra \u00e9s una opci\u00f3 fiable per a nedadors ocasionals i professionals. Gaudeix d&#8217;un estil metal\u00b7litzat \u00fanic amb la qualitat Turbo!<\/p>\n","protected":false},"excerpt":{"rendered":"<div>\u00a0<\/div>\n<p>Descobreix el Gorra Turbo de Silicona Metalitzat. El\u00e0stic, c\u00f2mode i resistent al clor, als raigs UV i a l&#8217;aigua del mar. Perfecte per a entrenaments i competicions.<\/p>\n","protected":false},"featured_media":9971,"comment_status":"open","ping_status":"closed","template":"","meta":[],"product_cat":[138,134],"product_tag":[],"brands":[{"id":22,"name":"Turbo","slug":"turbo"}],"_links":{"self":[{"href":"https:\/\/crawl.es\/ca\/wp-json\/wp\/v2\/product\/12090"}],"collection":[{"href":"https:\/\/crawl.es\/ca\/wp-json\/wp\/v2\/product"}],"about":[{"href":"https:\/\/crawl.es\/ca\/wp-json\/wp\/v2\/types\/product"}],"replies":[{"embeddable":true,"href":"https:\/\/crawl.es\/ca\/wp-json\/wp\/v2\/comments?post=12090"}],"wp:featuredmedia":[{"embeddable":true,"href":"https:\/\/crawl.es\/ca\/wp-json\/wp\/v2\/media\/9971"}],"wp:attachment":[{"href":"https:\/\/crawl.es\/ca\/wp-json\/wp\/v2\/media?parent=12090"}],"wp:term":[{"taxonomy":"product_cat","embeddable":true,"href":"https:\/\/crawl.es\/ca\/wp-json\/wp\/v2\/product_cat?post=12090"},{"taxonomy":"product_tag","embeddable":true,"href":"https:\/\/crawl.es\/ca\/wp-json\/wp\/v2\/product_tag?post=12090"}],"curies":[{"name":"wp","href":"https:\/\/api.w.org\/{rel}","templated":true}]}}