{"id":12096,"date":"2024-11-06T12:01:57","date_gmt":"2024-11-06T12:01:57","guid":{"rendered":"https:\/\/crawl.es\/producto\/banyador-turbo-dona-sirene-brillant-edicio-limitada-crawl\/"},"modified":"2024-11-06T12:01:57","modified_gmt":"2024-11-06T12:01:57","slug":"banyador-turbo-dona-sirene-brillant-edicio-limitada-crawl","status":"publish","type":"product","link":"https:\/\/crawl.es\/ca\/producto\/banyador-turbo-dona-sirene-brillant-edicio-limitada-crawl\/","title":{"rendered":"Banyador Turbo Dona Sirene Brillant Edici\u00f3 Limitada | Crawl"},"content":{"rendered":"<p>Descobreix el banyador Turbo Dona Sirene Brillant, edici\u00f3 limitada. Amb un disseny \u00fanic i sofisticat, ideal per a entrenaments i competicions. Confeccionat amb materials d&#8217;alta qualitat per a m\u00e0xima comoditat i rendiment.<\/p>\n<p>Aquest banyador Turbo est\u00e0 especialment dissenyat per a la pr\u00e0ctica de la nataci\u00f3. Est\u00e0 confeccionat amb el millor teixit del mercat i compta amb un doble folre davanter. \u00c9s resistent al clor de la piscina i als raigs UV, cosa que garanteix que la intensitat dels seus colors es mantingui amb l&#8217;\u00fas repetit en el temps.<\/p>\n<p>\u00a0<\/p>\n<p>Caracter\u00edstiques destacables:<\/p>\n<p>Disseny \u00fanic i sofisticat: El banyador Turbo Dona Sirene Brillant destaca pel seu disseny exclusiu en edici\u00f3 limitada, que aporta un toc d&#8217;eleg\u00e0ncia i distinci\u00f3.<\/p>\n<p>Alta resist\u00e8ncia: Fabricat amb materials d&#8217;alta qualitat, aquest banyador ofereix una durabilitat excepcional enfront del clor i els raigs UV, assegurant que els seus colors brillants no es desvaneixin.<\/p>\n<p>Doble folre davanter: Per a una major comoditat i seguretat, el banyador compta amb un doble folre davanter que proporciona una excel\u00b7lent subjecci\u00f3 i evita transpar\u00e8ncies.<\/p>\n<p>M\u00e0xim rendiment: Dissenyat per oferir el m\u00e0xim rendiment en entrenaments i competicions, garantint una llibertat de moviment total i una \u00f2ptima subjecci\u00f3.<\/p>\n<p>\u00a0<\/p>\n<p>\u00das recomanat:<\/p>\n<p>Ideal tant per a entrenaments diaris com per a competicions, aquest banyador assegura que les nedadores es puguin moure amb total llibertat i confian\u00e7a. Gr\u00e0cies al seu disseny resistent i c\u00f2mode, \u00e9s perfecte per a llargues sessions de nataci\u00f3, garantint un rendiment superior i una aparen\u00e7a impecable.<\/p>\n<p>\u00a0<\/p>\n<p>No perdis l&#8217;oportunitat de destacar a la piscina amb el banyador Turbo Dona Sirene Brillant, edici\u00f3 limitada de CRAWL. Compra ara i llueix un estil \u00fanic mentre millores el teu rendiment en cada bra\u00e7ada!<\/p>\n","protected":false},"excerpt":{"rendered":"<p>\u00a0<\/p>\n<p>Descobreix el banyador Turbo Dona Sirene Brillant, edici\u00f3 limitada. Amb un disseny \u00fanic i sofisticat, ideal per a entrenaments i competicions. Confeccionat amb materials d&#8217;alta qualitat per a m\u00e0xima comoditat i rendiment.<\/p>\n<p>Ref: 89089BLE<\/p>\n","protected":false},"featured_media":9967,"comment_status":"open","ping_status":"closed","template":"","meta":[],"product_cat":[227,231,232],"product_tag":[],"brands":[{"id":22,"name":"Turbo","slug":"turbo"}],"_links":{"self":[{"href":"https:\/\/crawl.es\/ca\/wp-json\/wp\/v2\/product\/12096"}],"collection":[{"href":"https:\/\/crawl.es\/ca\/wp-json\/wp\/v2\/product"}],"about":[{"href":"https:\/\/crawl.es\/ca\/wp-json\/wp\/v2\/types\/product"}],"replies":[{"embeddable":true,"href":"https:\/\/crawl.es\/ca\/wp-json\/wp\/v2\/comments?post=12096"}],"wp:featuredmedia":[{"embeddable":true,"href":"https:\/\/crawl.es\/ca\/wp-json\/wp\/v2\/media\/9967"}],"wp:attachment":[{"href":"https:\/\/crawl.es\/ca\/wp-json\/wp\/v2\/media?parent=12096"}],"wp:term":[{"taxonomy":"product_cat","embeddable":true,"href":"https:\/\/crawl.es\/ca\/wp-json\/wp\/v2\/product_cat?post=12096"},{"taxonomy":"product_tag","embeddable":true,"href":"https:\/\/crawl.es\/ca\/wp-json\/wp\/v2\/product_tag?post=12096"}],"curies":[{"name":"wp","href":"https:\/\/api.w.org\/{rel}","templated":true}]}}