{"id":12101,"date":"2024-11-06T11:20:20","date_gmt":"2024-11-06T11:20:20","guid":{"rendered":"https:\/\/crawl.es\/producto\/aletas-turbo-elite-pro-coral-crawl\/"},"modified":"2024-11-06T11:20:20","modified_gmt":"2024-11-06T11:20:20","slug":"aletas-turbo-elite-pro-coral-crawl","status":"publish","type":"product","link":"https:\/\/crawl.es\/ca\/producto\/aletas-turbo-elite-pro-coral-crawl\/","title":{"rendered":"Aletes Turbo Elite Pro Coral | CRAWL"},"content":{"rendered":"<p>Turbo posa al teu abast el millor material d&#8217;entrenament per a \u00fas a piscina i en aig\u00fces obertes. Amb aquest material d&#8217;entrenament aconseguir\u00e0s millorar els teus resultats, t\u00e8cnica, resist\u00e8ncia i pot\u00e8ncia a l&#8217;aigua. Aquestes aletes de nataci\u00f3 s\u00f3n perfectes per afegir dinamisme i qualitat als exercicis dels teus entrenaments a piscina. El material d&#8217;entrenament far\u00e0 que augmenti la teva intensitat en els entrenaments i es treballin zones musculars que no solen treballar-se de forma habitual.<\/p>\n<p>\u00a0<\/p>\n<p>Caracter\u00edstiques destacables:<\/p>\n<p>Confort i durabilitat: Dissenyades per assegurar la comoditat durant la pr\u00e0ctica esportiva.<\/p>\n<p>Materials resistents: Fabricades amb materials duradors per a un \u00fas prolongat.<\/p>\n<p>Millora de la t\u00e8cnica: Ajuden a perfeccionar la t\u00e8cnica de nataci\u00f3 i la posici\u00f3 corporal.<\/p>\n<p>Increment de la intensitat: Augmenten la intensitat dels entrenaments i treballen diferents grups musculars.<\/p>\n<p>\u00a0<\/p>\n<p>\u00das recomanat:<\/p>\n<p>Ideals per a nedadors que busquen millorar la seva t\u00e8cnica, resist\u00e8ncia i pot\u00e8ncia a l&#8217;aigua. Aquestes aletes ofereixen una combinaci\u00f3 perfecta de confort i efectivitat, permetent als esportistes rendir al m\u00e0xim en els seus entrenaments.<\/p>\n<p>\u00a0<\/p>\n<p>No perdis l&#8217;oportunitat de millorar el teu rendiment amb les Aletes Turbo Elite Pro Coral de CRAWL. Compra ara i porta els teus entrenaments al seg\u00fcent nivell!<\/p>\n","protected":false},"excerpt":{"rendered":"<div>\u00a0<\/div>\n<p>Compra les Aletes Turbo Elite Pro Coral a CRAWL. Millora els teus resultats, t\u00e8cnica, resist\u00e8ncia i pot\u00e8ncia a l&#8217;aigua. Perfectes per a entrenament a piscina i aig\u00fces obertes.<\/p>\n","protected":false},"featured_media":9959,"comment_status":"open","ping_status":"closed","template":"","meta":[],"product_cat":[134,139],"product_tag":[],"brands":[{"id":22,"name":"Turbo","slug":"turbo"}],"_links":{"self":[{"href":"https:\/\/crawl.es\/ca\/wp-json\/wp\/v2\/product\/12101"}],"collection":[{"href":"https:\/\/crawl.es\/ca\/wp-json\/wp\/v2\/product"}],"about":[{"href":"https:\/\/crawl.es\/ca\/wp-json\/wp\/v2\/types\/product"}],"replies":[{"embeddable":true,"href":"https:\/\/crawl.es\/ca\/wp-json\/wp\/v2\/comments?post=12101"}],"wp:featuredmedia":[{"embeddable":true,"href":"https:\/\/crawl.es\/ca\/wp-json\/wp\/v2\/media\/9959"}],"wp:attachment":[{"href":"https:\/\/crawl.es\/ca\/wp-json\/wp\/v2\/media?parent=12101"}],"wp:term":[{"taxonomy":"product_cat","embeddable":true,"href":"https:\/\/crawl.es\/ca\/wp-json\/wp\/v2\/product_cat?post=12101"},{"taxonomy":"product_tag","embeddable":true,"href":"https:\/\/crawl.es\/ca\/wp-json\/wp\/v2\/product_tag?post=12101"}],"curies":[{"name":"wp","href":"https:\/\/api.w.org\/{rel}","templated":true}]}}