{"id":12108,"date":"2025-10-15T17:26:12","date_gmt":"2024-10-30T17:26:12","guid":{"rendered":"https:\/\/crawl.es\/producto\/tovallola-coto-microfibra-turbo-145-x-100-comic-shadow-crawl\/"},"modified":"2024-10-30T17:26:12","modified_gmt":"2024-10-30T17:26:12","slug":"tovallola-coto-microfibra-turbo-145-x-100-comic-shadow-crawl","status":"publish","type":"product","link":"https:\/\/crawl.es\/ca\/producto\/tovallola-coto-microfibra-turbo-145-x-100-comic-shadow-crawl\/","title":{"rendered":"Tovallola Cot\u00f3-Microfibra Turbo (145 x 100) Comic-Shadow | CRAWL"},"content":{"rendered":"<p>Podem assegurar que les tovalloles TURBO s\u00f3n de la millor qualitat possible. El teixit de microfibra i el cot\u00f3 utilitzat s\u00f3n de primera qualitat, permetent aix\u00ed un assecat r\u00e0pid i una perfecta resist\u00e8ncia al clor. De la mateixa manera, aquestes tovalloles s\u00f3n molt lleugeres i ocupen poc espai a l&#8217;hora de guardar-les en qualsevol bossa o motxilla.<\/p>\n<p>\u00a0<\/p>\n<p>Caracter\u00edstiques destacables:<\/p>\n<p>Assecat r\u00e0pid: Gr\u00e0cies al teixit de microfibra i cot\u00f3 d&#8217;alta qualitat.<\/p>\n<p>Resist\u00e8ncia al clor: Ideal per a \u00fas en piscines.<\/p>\n<p>Lleugera i compacta: F\u00e0cil de guardar en qualsevol bossa o motxilla.<\/p>\n<p>\u00das professional: Utilitzades per esportistes d&#8217;elit de la selecci\u00f3 Espanyola, dels Estats Units, Austr\u00e0lia, entre altres equips nacionals de primer nivell.<\/p>\n<p>\u00a0<\/p>\n<p>Dimensions:<\/p>\n<p>145 x 100 cm.<\/p>\n<p>\u00a0<\/p>\n<p>\u00das recomanat:<\/p>\n<p>Perfecta per a esportistes que busquen una tovallola d&#8217;alta qualitat amb excel\u00b7lent absorci\u00f3 i assecat r\u00e0pid. Ideal per a usar en piscines i altres entorns aqu\u00e0tics.<\/p>\n<p>\u00a0<\/p>\n<p>No perdis l&#8217;oportunitat de tenir la Tovallola Cot\u00f3-Microfibra Turbo Comic-Shadow de CRAWL. Compra ara i gaudeix de la seva qualitat i rendiment!<\/p>\n","protected":false},"excerpt":{"rendered":"<p>\u00a0<\/p>\n<p>Compra la Tovallola Cot\u00f3-Microfibra Turbo (145 x 100) Comic-Shadow a CRAWL. Assecat r\u00e0pid i resist\u00e8ncia al clor. Utilitzada per esportistes d&#8217;elit.<\/p>\n<p>Ref: 9841742<\/p>\n","protected":false},"featured_media":15423,"comment_status":"open","ping_status":"closed","template":"","meta":[],"product_cat":[134,144,145],"product_tag":[],"brands":[{"id":22,"name":"Turbo","slug":"turbo"}],"_links":{"self":[{"href":"https:\/\/crawl.es\/ca\/wp-json\/wp\/v2\/product\/12108"}],"collection":[{"href":"https:\/\/crawl.es\/ca\/wp-json\/wp\/v2\/product"}],"about":[{"href":"https:\/\/crawl.es\/ca\/wp-json\/wp\/v2\/types\/product"}],"replies":[{"embeddable":true,"href":"https:\/\/crawl.es\/ca\/wp-json\/wp\/v2\/comments?post=12108"}],"wp:featuredmedia":[{"embeddable":true,"href":"https:\/\/crawl.es\/ca\/wp-json\/wp\/v2\/media\/15423"}],"wp:attachment":[{"href":"https:\/\/crawl.es\/ca\/wp-json\/wp\/v2\/media?parent=12108"}],"wp:term":[{"taxonomy":"product_cat","embeddable":true,"href":"https:\/\/crawl.es\/ca\/wp-json\/wp\/v2\/product_cat?post=12108"},{"taxonomy":"product_tag","embeddable":true,"href":"https:\/\/crawl.es\/ca\/wp-json\/wp\/v2\/product_tag?post=12108"}],"curies":[{"name":"wp","href":"https:\/\/api.w.org\/{rel}","templated":true}]}}