{"id":12109,"date":"2024-10-30T16:21:30","date_gmt":"2024-10-30T16:21:30","guid":{"rendered":"https:\/\/crawl.es\/producto\/speedo-equipment-mesh-bag-crawl\/"},"modified":"2024-12-19T10:52:22","modified_gmt":"2024-12-19T10:52:22","slug":"speedo-equipment-mesh-bag-crawl","status":"publish","type":"product","link":"https:\/\/crawl.es\/ca\/producto\/speedo-equipment-mesh-bag-crawl\/","title":{"rendered":"Speedo Equipment Mesh Bag | CRAWL"},"content":{"rendered":"<p>La Speedo Equipment Mesh Bag \u00e9s gran i espaiosa, ideal per transportar tot el teu equip de nataci\u00f3. La seva fabricaci\u00f3 en malla permet un excel\u00b7lent drenatge i ventilaci\u00f3, assegurant que tots els elements de la teva equipaci\u00f3 s&#8217;assequin r\u00e0pidament.<\/p>\n<p>\u00a0<\/p>\n<p>Caracter\u00edstiques destacables:<\/p>\n<p>Fabricaci\u00f3 en malla: Permet un gran drenatge i ventilaci\u00f3.\u00a0<\/p>\n<p>Capacitat: 35 litres, perfecta per portar tot el teu equip.<\/p>\n<p>Lleugera i resistent: Ideal per a un \u00fas diari i per transportar-la c\u00f2modament.<\/p>\n<p>Disseny pr\u00e0ctic: F\u00e0cil d&#8217;usar i transportar.<\/p>\n<p>\u00a0<\/p>\n<p>\u00das recomanat:<\/p>\n<p>Ideal per a nedadors i esportistes que necessiten un espai ampli i ventilat per la seva equipaci\u00f3. Perfecta per a entrenaments i competicions a piscina.<\/p>\n<p>\u00a0<\/p>\n<p>No perdis l&#8217;oportunitat de tenir la Speedo Equipment Mesh Bag de CRAWL. Compra ara i mantingues el teu equip sempre sec i ventilat!<\/p>\n","protected":false},"excerpt":{"rendered":"<div>\u00a0<\/div>\n<p>Compra la Speedo Equipment Mesh Bag a CRAWL. Gran i espaiosa, amb fabricaci\u00f3 en malla per a un drenatge i ventilaci\u00f3 \u00f2ptims. Capacitat: 35 litres.<\/p>\n<p>REF: 8074076446\u00a0<\/p>\n","protected":false},"featured_media":9929,"comment_status":"open","ping_status":"closed","template":"","meta":[],"product_cat":[134,142],"product_tag":[],"brands":[{"id":307,"name":"Speedo","slug":"speedo"}],"_links":{"self":[{"href":"https:\/\/crawl.es\/ca\/wp-json\/wp\/v2\/product\/12109"}],"collection":[{"href":"https:\/\/crawl.es\/ca\/wp-json\/wp\/v2\/product"}],"about":[{"href":"https:\/\/crawl.es\/ca\/wp-json\/wp\/v2\/types\/product"}],"replies":[{"embeddable":true,"href":"https:\/\/crawl.es\/ca\/wp-json\/wp\/v2\/comments?post=12109"}],"wp:featuredmedia":[{"embeddable":true,"href":"https:\/\/crawl.es\/ca\/wp-json\/wp\/v2\/media\/9929"}],"wp:attachment":[{"href":"https:\/\/crawl.es\/ca\/wp-json\/wp\/v2\/media?parent=12109"}],"wp:term":[{"taxonomy":"product_cat","embeddable":true,"href":"https:\/\/crawl.es\/ca\/wp-json\/wp\/v2\/product_cat?post=12109"},{"taxonomy":"product_tag","embeddable":true,"href":"https:\/\/crawl.es\/ca\/wp-json\/wp\/v2\/product_tag?post=12109"}],"curies":[{"name":"wp","href":"https:\/\/api.w.org\/{rel}","templated":true}]}}