{"id":12110,"date":"2024-10-30T16:07:50","date_gmt":"2024-10-30T16:07:50","guid":{"rendered":"https:\/\/crawl.es\/producto\/speedo-printed-mesh-bags-crawl\/"},"modified":"2024-12-19T10:58:39","modified_gmt":"2024-12-19T10:58:39","slug":"speedo-printed-mesh-bags-crawl","status":"publish","type":"product","link":"https:\/\/crawl.es\/ca\/producto\/speedo-printed-mesh-bags-crawl\/","title":{"rendered":"SPEEDO Printed Mesh Bags | CRAWL"},"content":{"rendered":"<p>La Speedo Equipment Mesh Bag \u00e9s gran i espaiosa, ideal per transportar tot el teu equip de nataci\u00f3. La seva fabricaci\u00f3 en malla permet un excel\u00b7lent drenatge i ventilaci\u00f3, assegurant que tots els elements de la teva equipaci\u00f3 s&#8217;assequin r\u00e0pidament.<\/p>\n<p>\u00a0<\/p>\n<p>Caracter\u00edstiques destacables:<\/p>\n<p>Fabricaci\u00f3 en malla: Permet un gran drenatge i ventilaci\u00f3.<\/p>\n<p>Capacitat: 35 litres, perfecta per portar tot el teu equip.<\/p>\n<p>Lleugera i resistent: Ideal per a un \u00fas diari i per transportar-la c\u00f2modament.<\/p>\n<p>Disseny pr\u00e0ctic: F\u00e0cil d&#8217;usar i transportar.<\/p>\n<p>\u00a0<\/p>\n<p>\u00das recomanat:<\/p>\n<p>Perfecta per a nedadors i esportistes que necessiten un espai ampli i ventilat per la seva equipaci\u00f3. Ideal per a entrenaments i competicions a piscina.<\/p>\n<p>\u00a0<\/p>\n<p>No perdis l&#8217;oportunitat de tenir les SPEEDO Printed Mesh Bags de CRAWL. Compra ara i mant\u00e9n el teu equip sempre sec i ventilat!<\/p>\n","protected":false},"excerpt":{"rendered":"<p>Compra les SPEEDO Printed Mesh Bags a CRAWL. Bossa estampada de reixeta, gran i espaiosa per transportar tot el teu equip. Capacitat: 35 litres. Ideal per a l&#8217;\u00fas diari.<\/p>\n<p>\u00a0<\/p>\n<p>\u00a0<\/p>\n","protected":false},"featured_media":9913,"comment_status":"open","ping_status":"closed","template":"","meta":[],"product_cat":[134,142],"product_tag":[],"brands":[{"id":307,"name":"Speedo","slug":"speedo"}],"_links":{"self":[{"href":"https:\/\/crawl.es\/ca\/wp-json\/wp\/v2\/product\/12110"}],"collection":[{"href":"https:\/\/crawl.es\/ca\/wp-json\/wp\/v2\/product"}],"about":[{"href":"https:\/\/crawl.es\/ca\/wp-json\/wp\/v2\/types\/product"}],"replies":[{"embeddable":true,"href":"https:\/\/crawl.es\/ca\/wp-json\/wp\/v2\/comments?post=12110"}],"wp:featuredmedia":[{"embeddable":true,"href":"https:\/\/crawl.es\/ca\/wp-json\/wp\/v2\/media\/9913"}],"wp:attachment":[{"href":"https:\/\/crawl.es\/ca\/wp-json\/wp\/v2\/media?parent=12110"}],"wp:term":[{"taxonomy":"product_cat","embeddable":true,"href":"https:\/\/crawl.es\/ca\/wp-json\/wp\/v2\/product_cat?post=12110"},{"taxonomy":"product_tag","embeddable":true,"href":"https:\/\/crawl.es\/ca\/wp-json\/wp\/v2\/product_tag?post=12110"}],"curies":[{"name":"wp","href":"https:\/\/api.w.org\/{rel}","templated":true}]}}