{"id":12113,"date":"2024-10-25T16:51:30","date_gmt":"2024-10-25T16:51:30","guid":{"rendered":"https:\/\/crawl.es\/producto\/banyador-arena-tallat-baix-home-one-biglogo-roba-natacio-crawl\/"},"modified":"2024-10-25T16:51:30","modified_gmt":"2024-10-25T16:51:30","slug":"banyador-arena-tallat-baix-home-one-biglogo-roba-natacio-crawl","status":"publish","type":"product","link":"https:\/\/crawl.es\/ca\/producto\/banyador-arena-tallat-baix-home-one-biglogo-roba-natacio-crawl\/","title":{"rendered":"Banyador Arena Tallat Baix Home One Biglogo | Roba Nataci\u00f3 Crawl"},"content":{"rendered":"<p>Presentem el Banyador de Tallat baix per a home Arena One Big Logo, una elegant barreja de disseny innovador i eleg\u00e0ncia atl\u00e8tica. Confeccionat a partir d&#8217;una sola pe\u00e7a de teixit, aquest banyador presenta una \u00fanica costura a la part posterior, la qual cosa redueix la resist\u00e8ncia i millora la comoditat. El rivet en contrast i el logotip atrevit afegeixen un toc cridaner i esportiu a aquest destacat estil. Posa-te&#8217;l per a la nataci\u00f3 intensiva o l&#8217;entrenament competitiu.<\/p>\n<p>\u00a0<\/p>\n<p>Teixit: MaxLife Eco \u00e9s el nostre nou teixit per a banyadors produ\u00eft a partir de fonts gestionades responsablement que ofereix la m\u00e0xima resist\u00e8ncia al clor i un rendiment durador. Fabricat amb almenys un 50 % de poli\u00e8ster reciclat provinent d&#8217;ampolles de pl\u00e0stic, aquest innovador material s&#8217;ajusta b\u00e9 i mant\u00e9 la forma amb el pas del temps. Incorpora protecci\u00f3 UV 50+ i \u00e9s d&#8217;assecat r\u00e0pid.<\/p>\n<p>\u00a0<\/p>\n<p>Banyador Arena Talle Baix Home One Biglogo, c\u00f2mode, elegant i perfecte per a entrenaments intensos. Ideal per a nedadors exigents.<\/p>\n","protected":false},"excerpt":{"rendered":"<div>\u00a0<\/div>\n<p>Banyador Arena Tallat Baix Home One Biglogo, c\u00f2mode, elegant i perfecte per a entrenaments intensos. Ideal per a nedadors exigents.<\/p>\n","protected":false},"featured_media":9885,"comment_status":"open","ping_status":"closed","template":"","meta":[],"product_cat":[147],"product_tag":[],"brands":[{"id":312,"name":"ARENA","slug":"arena"}],"_links":{"self":[{"href":"https:\/\/crawl.es\/ca\/wp-json\/wp\/v2\/product\/12113"}],"collection":[{"href":"https:\/\/crawl.es\/ca\/wp-json\/wp\/v2\/product"}],"about":[{"href":"https:\/\/crawl.es\/ca\/wp-json\/wp\/v2\/types\/product"}],"replies":[{"embeddable":true,"href":"https:\/\/crawl.es\/ca\/wp-json\/wp\/v2\/comments?post=12113"}],"wp:featuredmedia":[{"embeddable":true,"href":"https:\/\/crawl.es\/ca\/wp-json\/wp\/v2\/media\/9885"}],"wp:attachment":[{"href":"https:\/\/crawl.es\/ca\/wp-json\/wp\/v2\/media?parent=12113"}],"wp:term":[{"taxonomy":"product_cat","embeddable":true,"href":"https:\/\/crawl.es\/ca\/wp-json\/wp\/v2\/product_cat?post=12113"},{"taxonomy":"product_tag","embeddable":true,"href":"https:\/\/crawl.es\/ca\/wp-json\/wp\/v2\/product_tag?post=12113"}],"curies":[{"name":"wp","href":"https:\/\/api.w.org\/{rel}","templated":true}]}}