{"id":12116,"date":"2024-10-25T09:19:46","date_gmt":"2024-10-25T09:19:46","guid":{"rendered":"https:\/\/crawl.es\/producto\/ulleres-de-natacio-scorpion-mirror-comoditat-i-resistencia-crawl\/"},"modified":"2024-10-25T09:19:46","modified_gmt":"2024-10-25T09:19:46","slug":"ulleres-de-natacio-scorpion-mirror-comoditat-i-resistencia-crawl","status":"publish","type":"product","link":"https:\/\/crawl.es\/ca\/producto\/ulleres-de-natacio-scorpion-mirror-comoditat-i-resistencia-crawl\/","title":{"rendered":"Ulleres de Nataci\u00f3 Scorpion Mirror | Comoditat i Resist\u00e8ncia | Crawl"},"content":{"rendered":"<p>Presentem les ulleres de nataci\u00f3 Turbo Scorpion Mirror, dissenyades per oferir la millor experi\u00e8ncia a la piscina. Fabricades amb la millor mat\u00e8ria primera del mercat, aquestes ulleres estan confeccionades amb silicona l\u00edquida i altres materials d&#8217;alta qualitat que asseguren una gran resist\u00e8ncia al clor i a l&#8217;\u00fas diari. La comoditat \u00e9s fonamental a l&#8217;hora de realitzar llargs entrenaments, i aquestes ulleres de nataci\u00f3 estan dissenyades per complir amb les expectatives dels nedadors m\u00e9s exigents.<\/p>\n<p>\u00a0<\/p>\n<p>Caracter\u00edstiques destacables:<\/p>\n<p>Fabricaci\u00f3 en silicona l\u00edquida: Ofereix una gran resist\u00e8ncia al clor i a l&#8217;\u00fas diari, assegurant la durabilitat del producte.<\/p>\n<p>Pont nasal ajustable: Permet un ajust personalitzat per a m\u00e9s comoditat durant els entrenaments.<\/p>\n<p>Comoditat superior: Ideals per evitar els ulls irritats i vermells despr\u00e9s d&#8217;una sessi\u00f3 d&#8217;entrenament a la piscina.<\/p>\n<p>Disseny ergon\u00f2mic: S&#8217;adapta perfectament a la forma del rostre, garantint un segellat herm\u00e8tic i una visi\u00f3 clara sota l&#8217;aigua.<\/p>\n<p>\u00a0<\/p>\n<p>\u00das recomanat:<\/p>\n<p>Les ulleres de nataci\u00f3 Turbo Scorpion Mirror s\u00f3n perfectes per a nedadors que busquen una combinaci\u00f3 de comoditat i resist\u00e8ncia. Ideals per a entrenaments llargs i sessions intensives a la piscina, aquestes ulleres asseguren que puguis concentrar-te en el teu rendiment sense preocupar-te per la irritaci\u00f3 dels ulls o la incomoditat.<\/p>\n","protected":false},"excerpt":{"rendered":"<div>\u00a0<\/div>\n<p>Les ulleres de nataci\u00f3 Scorpion Mirror estan fabricades amb silicona l\u00edquida, oferint resist\u00e8ncia al clor i a l&#8217;\u00fas diari. Ideals per a entrenaments llargs, amb pont nasal ajustable per a m\u00e9s comoditat.<\/p>\n","protected":false},"featured_media":9882,"comment_status":"open","ping_status":"closed","template":"","meta":[],"product_cat":[134,135],"product_tag":[],"brands":[{"id":22,"name":"Turbo","slug":"turbo"}],"_links":{"self":[{"href":"https:\/\/crawl.es\/ca\/wp-json\/wp\/v2\/product\/12116"}],"collection":[{"href":"https:\/\/crawl.es\/ca\/wp-json\/wp\/v2\/product"}],"about":[{"href":"https:\/\/crawl.es\/ca\/wp-json\/wp\/v2\/types\/product"}],"replies":[{"embeddable":true,"href":"https:\/\/crawl.es\/ca\/wp-json\/wp\/v2\/comments?post=12116"}],"wp:featuredmedia":[{"embeddable":true,"href":"https:\/\/crawl.es\/ca\/wp-json\/wp\/v2\/media\/9882"}],"wp:attachment":[{"href":"https:\/\/crawl.es\/ca\/wp-json\/wp\/v2\/media?parent=12116"}],"wp:term":[{"taxonomy":"product_cat","embeddable":true,"href":"https:\/\/crawl.es\/ca\/wp-json\/wp\/v2\/product_cat?post=12116"},{"taxonomy":"product_tag","embeddable":true,"href":"https:\/\/crawl.es\/ca\/wp-json\/wp\/v2\/product_tag?post=12116"}],"curies":[{"name":"wp","href":"https:\/\/api.w.org\/{rel}","templated":true}]}}