{"id":12126,"date":"2024-10-22T11:12:05","date_gmt":"2024-10-22T11:12:05","guid":{"rendered":"https:\/\/crawl.es\/producto\/turbo-bossa-mesh-amb-butxaques-60x50-28-30-l-crawl-2\/"},"modified":"2024-10-22T11:12:05","modified_gmt":"2024-10-22T11:12:05","slug":"turbo-bossa-mesh-amb-butxaques-60x50-28-30-l-crawl-2","status":"publish","type":"product","link":"https:\/\/crawl.es\/ca\/producto\/turbo-bossa-mesh-amb-butxaques-60x50-28-30-l-crawl-2\/","title":{"rendered":"Turbo Bossa Mesh amb Butxaques (60&#215;50) 28-30 L | CRAWL"},"content":{"rendered":"<p>Les motxilles Turbo s\u00f3n l&#8217;elecci\u00f3 perfecta per a nedadors i entusiastes dels esports aqu\u00e0tics que necessiten una motxilla duradora i fiable per portar el seu equip. Fabricades amb poli\u00e8ster, nil\u00f3 i altres materials de primera qualitat, tots ells materials resistents a l&#8217;aigua, les motxilles Turbo estan dissenyades per suportar les condicions m\u00e9s dures i mantenir les teves pertinences segures i seques.<\/p>\n<p>Caracter\u00edstiques destacables:<\/p>\n<p>Materials d&#8217;alta qualitat: Poli\u00e8ster i nil\u00f3 resistents a l&#8217;aigua.<\/p>\n<p>M\u00faltiples compartiments: Dissenyats per mantenir el teu equip organitzat i accessible.<\/p>\n<p>Corretges ajustables: Per a un transport c\u00f2mode i segur.<\/p>\n<p>Resistent a l&#8217;aigua: Garanteix que el seu interior es mantingui sec fins i tot en condicions humides.<\/p>\n<p>\u00a0<\/p>\n<p>\u00das recomanat:<\/p>\n<p>Les motxilles Turbo s\u00f3n perfectes per a una \u00e0mplia gamma d&#8217;esports aqu\u00e0tics, com la nataci\u00f3, el waterpolo, busseig, triatl\u00f3, etc. La seva construcci\u00f3 resistent a l&#8217;aigua garanteix que el seu interior es mantingui sec, fins i tot quan estan exposades a l&#8217;aigua o a la humitat. Les motxilles tamb\u00e9 compten amb corretges ajustables per portar-les c\u00f2modament i transportar-les amb facilitat.<\/p>\n<p>\u00a0<\/p>\n<p>Dimensions:<\/p>\n<p>60&#215;50 cm, amb capacitat de 28-30 L.<\/p>\n<p>\u00a0<\/p>\n<p>No perdis l&#8217;oportunitat d&#8217;adquirir la Turbo Bossa Mesh amb Butxaques (60&#215;50) 28-30 L de CRAWL. Compra ara i gaudeix de la comoditat i durabilitat que ofereix per portar el teu equip de nataci\u00f3!<\/p>\n","protected":false},"excerpt":{"rendered":"<div>\u00a0<\/div>\n<p>Compra la Turbo Bossa Mesh amb Butxaques (60&#215;50) 28-30 L a CRAWL. Resistent a l&#8217;aigua, duradora. Perfecta per a esportistes aqu\u00e0tics.<\/p>\n","protected":false},"featured_media":9819,"comment_status":"open","ping_status":"closed","template":"","meta":[],"product_cat":[134,142],"product_tag":[],"brands":[{"id":22,"name":"Turbo","slug":"turbo"}],"_links":{"self":[{"href":"https:\/\/crawl.es\/ca\/wp-json\/wp\/v2\/product\/12126"}],"collection":[{"href":"https:\/\/crawl.es\/ca\/wp-json\/wp\/v2\/product"}],"about":[{"href":"https:\/\/crawl.es\/ca\/wp-json\/wp\/v2\/types\/product"}],"replies":[{"embeddable":true,"href":"https:\/\/crawl.es\/ca\/wp-json\/wp\/v2\/comments?post=12126"}],"wp:featuredmedia":[{"embeddable":true,"href":"https:\/\/crawl.es\/ca\/wp-json\/wp\/v2\/media\/9819"}],"wp:attachment":[{"href":"https:\/\/crawl.es\/ca\/wp-json\/wp\/v2\/media?parent=12126"}],"wp:term":[{"taxonomy":"product_cat","embeddable":true,"href":"https:\/\/crawl.es\/ca\/wp-json\/wp\/v2\/product_cat?post=12126"},{"taxonomy":"product_tag","embeddable":true,"href":"https:\/\/crawl.es\/ca\/wp-json\/wp\/v2\/product_tag?post=12126"}],"curies":[{"name":"wp","href":"https:\/\/api.w.org\/{rel}","templated":true}]}}