{"id":12132,"date":"2024-10-14T14:51:59","date_gmt":"2024-10-14T14:51:59","guid":{"rendered":"https:\/\/crawl.es\/producto\/banyador-arena-team-swimsuit-swim-pro-solid-crawl\/"},"modified":"2024-10-14T14:51:59","modified_gmt":"2024-10-14T14:51:59","slug":"banyador-arena-team-swimsuit-swim-pro-solid-crawl","status":"publish","type":"product","link":"https:\/\/crawl.es\/ca\/producto\/banyador-arena-team-swimsuit-swim-pro-solid-crawl\/","title":{"rendered":"Banyador Arena Team Swimsuit Swim Pro Solid | Crawl"},"content":{"rendered":"<p>Descripci\u00f3: El durador i esportiu banyador llis per a dona arena Swim Pro Team de la l\u00ednia arena Performance \u00e9s ideal per a nedadores de competici\u00f3 i nedadores habituals que neden amb freq\u00fc\u00e8ncia a la piscina. El teixit MaxLife Eco altament resistent al clor i amb protecci\u00f3 UV UPF 50+ integrada \u00e9s durador i de secat extremadament r\u00e0pid. Aquesta evoluci\u00f3 respectuosa amb el medi ambient del teixit MaxLife de arena cont\u00e9 almenys un 50 % de poli\u00e8ster reciclat obtingut de botelles de PET.<\/p>\n<p>A m\u00e9s, el proc\u00e9s de producci\u00f3 s&#8217;ha optimitzat per estalviar energia, reduir les emissions de CO\u2082 i minimitzar l&#8217;\u00fas d&#8217;aigua. L&#8217;esquena ergon\u00f2mica i les tires amples garanteixen un ajust segur i un bon suport de la zona del pit i la cintura. Tots els components del teixit etiquetats com a STANDARD 100 by OEKO-TEX\u00ae han estat sotmesos a una prova de subst\u00e0ncies nocives i, per tant, s\u00f3n innocus per a la salut humana. Aquesta prova la realitzen instituts col\u00b7laboradors independents de OEKO-TEX\u00ae basant-se en el nostre ampli cat\u00e0leg de criteris.<\/p>\n<p>Composici\u00f3: 100% Poli\u00e8ster (teixit ecol\u00f2gic: 51% de Poli\u00e8ster Reciclat)<\/p>\n<p>Rentat: Rentar amb programa per a peces de color a 40\u00b0C<\/p>\n<p>No usar lleixiu, No assecar, No netejar en humit, Planxar a baixa temperatura<\/p>\n","protected":false},"excerpt":{"rendered":"<p>El banyador Arena Team Swimsuit Swim Pro Solid \u00e9s perfecte per a entrenaments intensius i competicions. El seu disseny ergon\u00f2mic i el seu material d&#8217;alta qualitat ofereixen comoditat i rendiment excepcionals. Ideal per a nedadors que busquen un ajust perfecte i durabilitat.<\/p>\n<p>Ref: 89089BLE<\/p>\n","protected":false},"featured_media":9777,"comment_status":"open","ping_status":"closed","template":"","meta":[],"product_cat":[227,232],"product_tag":[],"brands":[{"id":312,"name":"ARENA","slug":"arena"}],"_links":{"self":[{"href":"https:\/\/crawl.es\/ca\/wp-json\/wp\/v2\/product\/12132"}],"collection":[{"href":"https:\/\/crawl.es\/ca\/wp-json\/wp\/v2\/product"}],"about":[{"href":"https:\/\/crawl.es\/ca\/wp-json\/wp\/v2\/types\/product"}],"replies":[{"embeddable":true,"href":"https:\/\/crawl.es\/ca\/wp-json\/wp\/v2\/comments?post=12132"}],"wp:featuredmedia":[{"embeddable":true,"href":"https:\/\/crawl.es\/ca\/wp-json\/wp\/v2\/media\/9777"}],"wp:attachment":[{"href":"https:\/\/crawl.es\/ca\/wp-json\/wp\/v2\/media?parent=12132"}],"wp:term":[{"taxonomy":"product_cat","embeddable":true,"href":"https:\/\/crawl.es\/ca\/wp-json\/wp\/v2\/product_cat?post=12132"},{"taxonomy":"product_tag","embeddable":true,"href":"https:\/\/crawl.es\/ca\/wp-json\/wp\/v2\/product_tag?post=12132"}],"curies":[{"name":"wp","href":"https:\/\/api.w.org\/{rel}","templated":true}]}}