{"id":12141,"date":"2024-10-10T16:52:10","date_gmt":"2024-10-10T16:52:10","guid":{"rendered":"https:\/\/crawl.es\/producto\/banyador-natacio-turbo-dona-revolution-comic-shadow-crawl\/"},"modified":"2024-10-10T16:52:10","modified_gmt":"2024-10-10T16:52:10","slug":"banyador-natacio-turbo-dona-revolution-comic-shadow-crawl","status":"publish","type":"product","link":"https:\/\/crawl.es\/ca\/producto\/banyador-natacio-turbo-dona-revolution-comic-shadow-crawl\/","title":{"rendered":"Banyador Nataci\u00f3 Turbo Dona Revolution Comic-Shadow | Crawl"},"content":{"rendered":"<p>Aquest banyador Turbo est\u00e0 especialment dissenyat per a la pr\u00e0ctica de la nataci\u00f3. Els tirants estrets aporten una total llibertat de moviment i flexibilitat, adaptant-se perfectament al cos de la dona. En cobrir menys l&#8217;espatlla que el tirant ample, evita marques per contrast de tonalitats de pell a causa de l&#8217;exposici\u00f3 solar. Est\u00e0 confeccionat amb el millor teixit del mercat amb un doble folre davanter. \u00c9s resistent al clor de la piscina i als raigs UV. I per aix\u00f2, la intensitat dels seus colors es mant\u00e9 amb l&#8217;\u00fas repetit en el temps.<\/p>\n<p>\u00c9s considerat un dels banyadors m\u00e9s resistents del m\u00f3n.<\/p>\n<p>\u00a0<\/p>\n<p>Caracter\u00edstiques destacables:<\/p>\n<p>Costures refor\u00e7ades<\/p>\n<p>Tirants fins<\/p>\n<p>Folre davanter complet<\/p>\n<p>Resistent al clor<\/p>\n<p>Colors duradors<\/p>\n<p>Composici\u00f3: 55% poli\u00e8ster PBT, 45% poli\u00e8ster<\/p>\n<p>\u00a0<\/p>\n<p>\u00das recomanat:<\/p>\n<p>Banyador perfecte per a la pr\u00e0ctica de la nataci\u00f3 com a banyador d&#8217;entrenament. Gr\u00e0cies a la seva gran adaptabilitat al cos, no arrossega aigua en nedar i el fa una opci\u00f3 molt c\u00f2moda per a l&#8217;\u00fas diari.<\/p>\n<p>\u00a0<\/p>\n<p>Moltes nedadores prefereixen el tirant estret durant els entrenaments a l&#8217;aire lliure quan estan exposades als raigs solars. D&#8217;aquesta manera, eviten tenir una evident marca de bronzejat a la pell.<\/p>\n<p>\u00a0<\/p>\n<p>Aquest article t\u00e9 una talla m\u00e9s petita de l&#8217;habitual, i per aix\u00f2, recomanem optar per una talla superior a l&#8217;habitual. En cas de comparar-lo amb el banyador Turbo de tirant ample, suggerim optar per una talla inferior at\u00e8s que tallen una mica m\u00e9s gran.<\/p>\n","protected":false},"excerpt":{"rendered":"<p>Descobreix el banyador Turbo Dona Revolution Comic-Shadow, dissenyat per oferir m\u00e0xim confort i suport durant els teus entrenaments i competicions. Amb un disseny \u00fanic i teixit d&#8217;alta qualitat, \u00e9s l&#8217;elecci\u00f3 ideal per a nedadores exigents.<\/p>\n<p>Ref: 83174230<\/p>\n","protected":false},"featured_media":9762,"comment_status":"open","ping_status":"closed","template":"","meta":[],"product_cat":[227,232,234],"product_tag":[],"brands":[{"id":22,"name":"Turbo","slug":"turbo"}],"_links":{"self":[{"href":"https:\/\/crawl.es\/ca\/wp-json\/wp\/v2\/product\/12141"}],"collection":[{"href":"https:\/\/crawl.es\/ca\/wp-json\/wp\/v2\/product"}],"about":[{"href":"https:\/\/crawl.es\/ca\/wp-json\/wp\/v2\/types\/product"}],"replies":[{"embeddable":true,"href":"https:\/\/crawl.es\/ca\/wp-json\/wp\/v2\/comments?post=12141"}],"wp:featuredmedia":[{"embeddable":true,"href":"https:\/\/crawl.es\/ca\/wp-json\/wp\/v2\/media\/9762"}],"wp:attachment":[{"href":"https:\/\/crawl.es\/ca\/wp-json\/wp\/v2\/media?parent=12141"}],"wp:term":[{"taxonomy":"product_cat","embeddable":true,"href":"https:\/\/crawl.es\/ca\/wp-json\/wp\/v2\/product_cat?post=12141"},{"taxonomy":"product_tag","embeddable":true,"href":"https:\/\/crawl.es\/ca\/wp-json\/wp\/v2\/product_tag?post=12141"}],"curies":[{"name":"wp","href":"https:\/\/api.w.org\/{rel}","templated":true}]}}