{"id":12144,"date":"2024-10-10T16:46:03","date_gmt":"2024-10-10T16:46:03","guid":{"rendered":"https:\/\/crawl.es\/producto\/banyador-turbo-wp-paint-vortex-roba-de-waterpolo-crawl\/"},"modified":"2024-10-10T16:46:03","modified_gmt":"2024-10-10T16:46:03","slug":"banyador-turbo-wp-paint-vortex-roba-de-waterpolo-crawl","status":"publish","type":"product","link":"https:\/\/crawl.es\/ca\/producto\/banyador-turbo-wp-paint-vortex-roba-de-waterpolo-crawl\/","title":{"rendered":"Banyador Turbo WP Paint Vortex | Roba de Waterpolo Crawl"},"content":{"rendered":"<p>El banyador de waterpolo Turbo per a home est\u00e0 especialment dissenyat per a la pr\u00e0ctica professional o amateur del waterpolo.<\/p>\n<p>S\u00f3n banyadors pensats per ser utilitzats durant els entrenaments o partits de waterpolo. Amb m\u00e9s de 50 anys d&#8217;experi\u00e8ncia, s&#8217;ha dissenyat un patr\u00f3 extremadament c\u00f2mode, que s&#8217;adapta perfectament al cos, aportant aix\u00ed comoditat i sensaci\u00f3 de lleugeresa.<\/p>\n<p>D&#8217;aquesta manera, els banyadors de waterpolo faciliten la mobilitat a l&#8217;aigua, evitant l&#8217;arrossegament de l&#8217;aigua i permetent un moviment m\u00e9s r\u00e0pid al nedar.<\/p>\n<p>Per\u00f2 sens dubte, els banyadors Turbo s\u00f3n de la millor qualitat, utilitzant sempre els materials de m\u00e9s qualitat del mercat.<\/p>\n<p>Aix\u00f2 \u00e9s el que els converteix en els millors banyadors del m\u00f3n.<\/p>\n<p>\u00a0<\/p>\n<p>Caracter\u00edstiques d&#8217;un banyador de waterpolo Turbo per a home<\/p>\n<p>Un banyador d&#8217;home apte per a la pr\u00e0ctica professional del waterpolo ha de ser de primera qualitat i sempre amb teixit anticloro. La qualitat dels materials, l&#8217;adher\u00e8ncia del vestit al cos i la seva ergonomia s\u00f3n aspectes fonamentals.<\/p>\n<p>Per aix\u00f2, els banyadors de waterpolo Turbo per a home no nom\u00e9s estan confeccionats amb els millors materials, sin\u00f3 que tamb\u00e9 compten amb costures refor\u00e7ades i una doble capa de teixit per afavorir la durabilitat en el temps. A m\u00e9s, per descomptat, s\u00f3n banyadors dissenyats per ser resistents al clor i als raigs UV.<\/p>\n<p>D&#8217;aquesta manera, els colors mantenen la seva vitalitat durant molt de temps sense patir desgast.<\/p>\n","protected":false},"excerpt":{"rendered":"<div>\u00a0<\/div>\n<p>Banyador Turbo WP Paint Vortex per a home, ideal per a waterpolo. Amb un disseny \u00fanic i gran resist\u00e8ncia, aquest banyador assegura un ajust perfecte i una m\u00e0xima comoditat durant els partits i entrenaments.<\/p>\n","protected":false},"featured_media":9755,"comment_status":"open","ping_status":"closed","template":"","meta":[],"product_cat":[147,151,154,155],"product_tag":[],"brands":[{"id":22,"name":"Turbo","slug":"turbo"}],"_links":{"self":[{"href":"https:\/\/crawl.es\/ca\/wp-json\/wp\/v2\/product\/12144"}],"collection":[{"href":"https:\/\/crawl.es\/ca\/wp-json\/wp\/v2\/product"}],"about":[{"href":"https:\/\/crawl.es\/ca\/wp-json\/wp\/v2\/types\/product"}],"replies":[{"embeddable":true,"href":"https:\/\/crawl.es\/ca\/wp-json\/wp\/v2\/comments?post=12144"}],"wp:featuredmedia":[{"embeddable":true,"href":"https:\/\/crawl.es\/ca\/wp-json\/wp\/v2\/media\/9755"}],"wp:attachment":[{"href":"https:\/\/crawl.es\/ca\/wp-json\/wp\/v2\/media?parent=12144"}],"wp:term":[{"taxonomy":"product_cat","embeddable":true,"href":"https:\/\/crawl.es\/ca\/wp-json\/wp\/v2\/product_cat?post=12144"},{"taxonomy":"product_tag","embeddable":true,"href":"https:\/\/crawl.es\/ca\/wp-json\/wp\/v2\/product_tag?post=12144"}],"curies":[{"name":"wp","href":"https:\/\/api.w.org\/{rel}","templated":true}]}}