{"id":12160,"date":"2024-10-10T15:24:25","date_gmt":"2024-10-10T15:24:25","guid":{"rendered":"https:\/\/crawl.es\/producto\/banyador-natacio-turbo-dona-revolution-rainbow-24-crawl\/"},"modified":"2024-10-10T15:24:25","modified_gmt":"2024-10-10T15:24:25","slug":"banyador-natacio-turbo-dona-revolution-rainbow-24-crawl","status":"publish","type":"product","link":"https:\/\/crawl.es\/ca\/producto\/banyador-natacio-turbo-dona-revolution-rainbow-24-crawl\/","title":{"rendered":"Banyador Nataci\u00f3 Turbo Dona Revolution Rainbow 24 | Crawl"},"content":{"rendered":"<p>Aquest banyador Turbo est\u00e0 especialment dissenyat per a la pr\u00e0ctica de la nataci\u00f3. Els tirants estrets aporten una total llibertat de moviment i flexibilitat, adaptant-se perfectament al cos de la dona. En cobrir menys l&#8217;espatlla que el tirant ample, evita marques per contrast de tonalitats de pell a causa de l&#8217;exposici\u00f3 solar. Est\u00e0 confeccionat amb el millor teixit del mercat amb un doble folre davanter. \u00c9s resistent al clor de la piscina i als raigs UV. I per aix\u00f2, la intensitat dels seus colors es mant\u00e9 amb l&#8217;\u00fas repetit en el temps.<\/p>\n<p>\u00c9s considerat un dels banyadors m\u00e9s resistents del m\u00f3n.<\/p>\n<p>\u00a0<\/p>\n<p>Caracter\u00edstiques destacables:<\/p>\n<p>Costures refor\u00e7ades<\/p>\n<p>Tirants fins<\/p>\n<p>Folre davanter complet<\/p>\n<p>Resistent al clor<\/p>\n<p>Colors duradors<\/p>\n<p>Composici\u00f3: 55% poli\u00e8ster PBT, 45% poli\u00e8ster<\/p>\n","protected":false},"excerpt":{"rendered":"<p>El banyador Turbo Dona Revolution Rainbow 24 destaca pel seu disseny vibrant i la seva tecnologia avan\u00e7ada que proporciona un ajust perfecte i suport a cada bra\u00e7ada. Ideal per a nedadores que busquen comoditat i estil.<\/p>\n<p>Ref: 83184230<\/p>\n","protected":false},"featured_media":9730,"comment_status":"open","ping_status":"closed","template":"","meta":[],"product_cat":[227,232],"product_tag":[],"brands":[{"id":22,"name":"Turbo","slug":"turbo"}],"_links":{"self":[{"href":"https:\/\/crawl.es\/ca\/wp-json\/wp\/v2\/product\/12160"}],"collection":[{"href":"https:\/\/crawl.es\/ca\/wp-json\/wp\/v2\/product"}],"about":[{"href":"https:\/\/crawl.es\/ca\/wp-json\/wp\/v2\/types\/product"}],"replies":[{"embeddable":true,"href":"https:\/\/crawl.es\/ca\/wp-json\/wp\/v2\/comments?post=12160"}],"wp:featuredmedia":[{"embeddable":true,"href":"https:\/\/crawl.es\/ca\/wp-json\/wp\/v2\/media\/9730"}],"wp:attachment":[{"href":"https:\/\/crawl.es\/ca\/wp-json\/wp\/v2\/media?parent=12160"}],"wp:term":[{"taxonomy":"product_cat","embeddable":true,"href":"https:\/\/crawl.es\/ca\/wp-json\/wp\/v2\/product_cat?post=12160"},{"taxonomy":"product_tag","embeddable":true,"href":"https:\/\/crawl.es\/ca\/wp-json\/wp\/v2\/product_tag?post=12160"}],"curies":[{"name":"wp","href":"https:\/\/api.w.org\/{rel}","templated":true}]}}