{"id":12165,"date":"2024-10-09T09:08:34","date_gmt":"2024-10-09T09:08:34","guid":{"rendered":"https:\/\/crawl.es\/producto\/ulleres-arena-cobra-ultra-swipe-mirror-pink-crawl\/"},"modified":"2024-10-09T09:08:34","modified_gmt":"2024-10-09T09:08:34","slug":"ulleres-arena-cobra-ultra-swipe-mirror-pink-crawl","status":"publish","type":"product","link":"https:\/\/crawl.es\/ca\/producto\/ulleres-arena-cobra-ultra-swipe-mirror-pink-crawl\/","title":{"rendered":"Ulleres Arena Cobra Ultra Swipe Mirror Pink | Crawl"},"content":{"rendered":"<p>Descripci\u00f3: Endavant, r\u00e0pid i n\u00edtid: Descobreix les ulleres de nataci\u00f3 de competici\u00f3 espejades unisex m\u00e9s avan\u00e7ades en una nova versi\u00f3 d&#8217;edici\u00f3 limitada, les Diamonds Cobra Ultra Swipe Mirror de arena. Les modernes ulleres de nataci\u00f3 amb un elegant disseny hidrodin\u00e0mic s\u00f3n perfectes per a nedadors de competici\u00f3 i estan aprovades per la FINA.<\/p>\n<p>Formen part de l&#8217;exclusiva col\u00b7lecci\u00f3 Diamonds de arena dedicada a la resili\u00e8ncia de tots nosaltres que, com els diamants, llu\u00efm m\u00e9s quan estem junts. Les ulleres de nataci\u00f3 estan equipades amb la revolucion\u00e0ria tecnologia antivapor Swipe de arena, que dura deu vegades m\u00e9s que la protecci\u00f3 antivapor convencional. Per a una visi\u00f3 perfectament n\u00edtida.<\/p>\n<p>Durant molt de temps. Per reactivar el tractament antivapor quan vegis els primers signes de vapor, passa cinc vegades el dit per l&#8217;interior de les lents amb elles dins de l&#8217;aigua. Les lents de baix perfil minimitzen la resist\u00e8ncia a l&#8217;aigua fins a l&#8217;extrem i ofereixen una excel\u00b7lent hidrodin\u00e0mica. Es subministren amb cinc ponts de nas intercanviables per a una perfecta adaptaci\u00f3 a les diferents formes de la cara i el nas. La doble corretja s&#8217;ajusta f\u00e0cilment a la part posterior del cap i garanteix un ajust estable, fins i tot durant l&#8217;inici i els girs.<\/p>\n<p>El disseny innovador de les patilles garanteix un ajust segur especialment en les immersions. Les lents compten amb protecci\u00f3 UV i no contenen PVC. Les ulleres de nataci\u00f3 estan disponibles amb lents clares per a entorns amb poca llum i per a aquells que prefereixen la m\u00e0xima lluminositat, i lents fosques per a entorns lluminosos o per a aquells que volen la m\u00e0xima protecci\u00f3 contra la llum.<\/p>\n<p>Composici\u00f3: 70% Policarbonat, 20% Silicona, 10% Elast\u00f2mer Termopl\u00e0stic<\/p>\n<p>Rentat: Esbandir les ulleres de nataci\u00f3 amb aigua dol\u00e7a despr\u00e9s de cada \u00fas. No tocar ni netejar les ulleres per dins.<\/p>\n<p>Per protegir les ulleres, guardar-les en una bossa de microfibra.<\/p>\n","protected":false},"excerpt":{"rendered":"<p>Les ulleres Arena Cobra Ultra Swipe Mirror Pink ofereixen visi\u00f3 n\u00edtida i resist\u00e8ncia a l&#8217;aigua amb la tecnologia antivapor Swipe. Aprovades per la FINA, s\u00f3n ideals per a nedadors de competici\u00f3. Brilla a cada entrenament!<\/p>\n","protected":false},"featured_media":9705,"comment_status":"open","ping_status":"closed","template":"","meta":[],"product_cat":[134,135],"product_tag":[],"brands":[{"id":312,"name":"ARENA","slug":"arena"}],"_links":{"self":[{"href":"https:\/\/crawl.es\/ca\/wp-json\/wp\/v2\/product\/12165"}],"collection":[{"href":"https:\/\/crawl.es\/ca\/wp-json\/wp\/v2\/product"}],"about":[{"href":"https:\/\/crawl.es\/ca\/wp-json\/wp\/v2\/types\/product"}],"replies":[{"embeddable":true,"href":"https:\/\/crawl.es\/ca\/wp-json\/wp\/v2\/comments?post=12165"}],"wp:featuredmedia":[{"embeddable":true,"href":"https:\/\/crawl.es\/ca\/wp-json\/wp\/v2\/media\/9705"}],"wp:attachment":[{"href":"https:\/\/crawl.es\/ca\/wp-json\/wp\/v2\/media?parent=12165"}],"wp:term":[{"taxonomy":"product_cat","embeddable":true,"href":"https:\/\/crawl.es\/ca\/wp-json\/wp\/v2\/product_cat?post=12165"},{"taxonomy":"product_tag","embeddable":true,"href":"https:\/\/crawl.es\/ca\/wp-json\/wp\/v2\/product_tag?post=12165"}],"curies":[{"name":"wp","href":"https:\/\/api.w.org\/{rel}","templated":true}]}}