{"id":12166,"date":"2024-10-09T09:01:01","date_gmt":"2024-10-09T09:01:01","guid":{"rendered":"https:\/\/crawl.es\/producto\/ulleres-arena-spider-junior-blanc-blau-crawl\/"},"modified":"2024-10-09T09:01:01","modified_gmt":"2024-10-09T09:01:01","slug":"ulleres-arena-spider-junior-blanc-blau-crawl","status":"publish","type":"product","link":"https:\/\/crawl.es\/ca\/producto\/ulleres-arena-spider-junior-blanc-blau-crawl\/","title":{"rendered":"Ulleres Arena Spider Junior Blanc\/Blau | CRAWL"},"content":{"rendered":"<p>Les senzilles, segures i acolorides ulleres de nataci\u00f3 Arena Spider Junior Mirror per a nens estan dissenyades per a joves nedadors de 6 a 12 anys. Amb segellat de silicona hipoal\u00b7lerg\u00e8nica extremadament suau que garanteix el m\u00e0xim confort. Amb lents d&#8217;espill i un 33% de silicona reciclada per a un futur m\u00e9s sostenible.<\/p>\n<p>\u00a0<\/p>\n<p>Caracter\u00edstiques destacables:<\/p>\n<p>Segellat de silicona hipoal\u00b7lerg\u00e8nica extremadament suau: Garanteix el m\u00e0xim confort.<\/p>\n<p>Lents d&#8217;espill: Proporcionen un estil modern i funcionalitat.<\/p>\n<p>33% de silicona reciclada: Contribueix a un futur m\u00e9s sostenible.<\/p>\n<p>Corretja simple amb clip posterior: Ofereix un ajust segur i la m\u00e0xima facilitat d&#8217;\u00fas.<\/p>\n<p>Pont de nas autoajustable: S&#8217;adapta a la forma de la cara durant l&#8217;\u00fas.<\/p>\n<p>Ajust cenyit: Evita qualsevol filtraci\u00f3 d&#8217;aigua.<\/p>\n<p>Pel\u00b7l\u00edcula antivapor i protecci\u00f3 UV: Proporcionen una visi\u00f3 clara i protecci\u00f3 contra els raigs solars.<\/p>\n<p>No cont\u00e9 PVC: M\u00e9s segur per als nens i el medi ambient.<\/p>\n<p>\u00a0<\/p>\n<p>Composici\u00f3 del material:<\/p>\n<p>80% policarbonat.<\/p>\n<p>20% silicona (ecol\u00f2gica: 33% silicona reciclada).<\/p>\n<p>\u00a0<\/p>\n<p>\u00das recomanat:<\/p>\n<p>Perfectes per a nens en els seus entrenaments diaris, assegurant una visi\u00f3 clara i c\u00f2moda, permetent concentrar-se en cada bra\u00e7ada.<\/p>\n<p>\u00a0<\/p>\n<p>No perdis l&#8217;oportunitat de millorar l&#8217;experi\u00e8ncia a l&#8217;aigua del teu fill amb les Ulleres Arena Spider Junior Blanc\/Blaus de CRAWL. Compra ara i gaudeix d&#8217;una nataci\u00f3 superior!<\/p>\n","protected":false},"excerpt":{"rendered":"<p>Compra les Ulleres Arena Spider Junior Blanc\/Blaus a CRAWL. C\u00f2modes, segures i ecol\u00f2giques, dissenyades per a nens de 6 a 12 anys.\u00a0<\/p>\n<p>Ref: 92338<\/p>\n","protected":false},"featured_media":9700,"comment_status":"open","ping_status":"closed","template":"","meta":[],"product_cat":[412,156],"product_tag":[],"brands":[{"id":312,"name":"ARENA","slug":"arena"}],"_links":{"self":[{"href":"https:\/\/crawl.es\/ca\/wp-json\/wp\/v2\/product\/12166"}],"collection":[{"href":"https:\/\/crawl.es\/ca\/wp-json\/wp\/v2\/product"}],"about":[{"href":"https:\/\/crawl.es\/ca\/wp-json\/wp\/v2\/types\/product"}],"replies":[{"embeddable":true,"href":"https:\/\/crawl.es\/ca\/wp-json\/wp\/v2\/comments?post=12166"}],"wp:featuredmedia":[{"embeddable":true,"href":"https:\/\/crawl.es\/ca\/wp-json\/wp\/v2\/media\/9700"}],"wp:attachment":[{"href":"https:\/\/crawl.es\/ca\/wp-json\/wp\/v2\/media?parent=12166"}],"wp:term":[{"taxonomy":"product_cat","embeddable":true,"href":"https:\/\/crawl.es\/ca\/wp-json\/wp\/v2\/product_cat?post=12166"},{"taxonomy":"product_tag","embeddable":true,"href":"https:\/\/crawl.es\/ca\/wp-json\/wp\/v2\/product_tag?post=12166"}],"curies":[{"name":"wp","href":"https:\/\/api.w.org\/{rel}","templated":true}]}}