{"id":12167,"date":"2024-10-07T11:20:54","date_gmt":"2024-10-07T11:20:54","guid":{"rendered":"https:\/\/crawl.es\/producto\/arena-kickboard-escape-crawl\/"},"modified":"2024-10-07T11:20:54","modified_gmt":"2024-10-07T11:20:54","slug":"arena-kickboard-escape-crawl","status":"publish","type":"product","link":"https:\/\/crawl.es\/ca\/producto\/arena-kickboard-escape-crawl\/","title":{"rendered":"Arena Kickboard Escape | CRAWL"},"content":{"rendered":"<p>La moderna taula de flotaci\u00f3 Arena Kickboard Escape unisex \u00e9s ideal com a ajuda de flotaci\u00f3 per a nedadors sense formaci\u00f3. Tamb\u00e9 \u00e9s perfecta per a nedadors entrenats que busquen millorar la for\u00e7a o la t\u00e8cnica. Ajuda a millorar l&#8217;estabilitat del cos i a enfortir les cames. A m\u00e9s, \u00e9s \u00fatil durant els exercicis per perfeccionar la t\u00e8cnica de la cossa. Els bra\u00e7os romanen c\u00f2modament recolzats mentre la part superior del cos no es mou, permetent una concentraci\u00f3 perfecta en l&#8217;entrenament de les cames.<\/p>\n<p>\u00a0<\/p>\n<p>Caracter\u00edstiques destacables:<\/p>\n<p>Disseny modern: Ideal tant per a principiants com per a nedadors avan\u00e7ats.<\/p>\n<p>Millora la t\u00e8cnica i la for\u00e7a: Perfecta per enfortir les cames i millorar l&#8217;estabilitat corporal.<\/p>\n<p>Orificis de subjecci\u00f3: Permeten diferents posicions de la m\u00e0.<\/p>\n<p>Sense PVC: Fabricada amb materials segurs i de gran qualitat.<\/p>\n<p>\u00a0<\/p>\n<p>Composici\u00f3 del material:<\/p>\n<p>100% etilvinilacetat.<\/p>\n<p>\u00a0<\/p>\n<p>\u00das recomanat:<\/p>\n<p>Perfecta per a qualsevol nedador que vulgui millorar la seva t\u00e8cnica i for\u00e7a en la nataci\u00f3. Ideal per a exercicis d&#8217;entrenament de cames a la piscina.<\/p>\n<p>\u00a0<\/p>\n<p>No perdis l&#8217;oportunitat de tenir la Arena Kickboard Escape de CRAWL. Compra ara i porta el teu entrenament de nataci\u00f3 al seg\u00fcent nivell!<\/p>\n","protected":false},"excerpt":{"rendered":"<div>\u00a0<\/div>\n<p>Compra la Arena Kickboard Escape a CRAWL. Taula de flotaci\u00f3 ideal per millorar la t\u00e8cnica i for\u00e7a en la nataci\u00f3.<\/p>\n","protected":false},"featured_media":9670,"comment_status":"open","ping_status":"closed","template":"","meta":[],"product_cat":[134,139],"product_tag":[],"brands":[{"id":312,"name":"ARENA","slug":"arena"}],"_links":{"self":[{"href":"https:\/\/crawl.es\/ca\/wp-json\/wp\/v2\/product\/12167"}],"collection":[{"href":"https:\/\/crawl.es\/ca\/wp-json\/wp\/v2\/product"}],"about":[{"href":"https:\/\/crawl.es\/ca\/wp-json\/wp\/v2\/types\/product"}],"replies":[{"embeddable":true,"href":"https:\/\/crawl.es\/ca\/wp-json\/wp\/v2\/comments?post=12167"}],"wp:featuredmedia":[{"embeddable":true,"href":"https:\/\/crawl.es\/ca\/wp-json\/wp\/v2\/media\/9670"}],"wp:attachment":[{"href":"https:\/\/crawl.es\/ca\/wp-json\/wp\/v2\/media?parent=12167"}],"wp:term":[{"taxonomy":"product_cat","embeddable":true,"href":"https:\/\/crawl.es\/ca\/wp-json\/wp\/v2\/product_cat?post=12167"},{"taxonomy":"product_tag","embeddable":true,"href":"https:\/\/crawl.es\/ca\/wp-json\/wp\/v2\/product_tag?post=12167"}],"curies":[{"name":"wp","href":"https:\/\/api.w.org\/{rel}","templated":true}]}}