{"id":12169,"date":"2024-10-03T09:46:28","date_gmt":"2024-10-03T09:46:28","guid":{"rendered":"https:\/\/crawl.es\/producto\/gorro-silicona-turbo-hibiscus-wave-crawl\/"},"modified":"2024-10-03T09:46:28","modified_gmt":"2024-10-03T09:46:28","slug":"gorro-silicona-turbo-hibiscus-wave-crawl","status":"publish","type":"product","link":"https:\/\/crawl.es\/ca\/producto\/gorro-silicona-turbo-hibiscus-wave-crawl\/","title":{"rendered":"Gorro Silicona Turbo Hibiscus-Wave | CRAWL"},"content":{"rendered":"<p>Aquest gorra Turbo est\u00e0 compost per la millor silicona del mercat. \u00c9s un producte el\u00e0stic, amb tacte suau i amb gran extensibilitat. D&#8217;aquesta manera, s&#8217;assegura una bona subjecci\u00f3 i alhora comoditat. Els estampats s\u00f3n resistents al clor, als raigs UV i a l&#8217;aigua de mar. Es pot utilitzar per a entrenaments diaris o competicions amb total garantia de satisfacci\u00f3.<\/p>\n<p>\u00a0<\/p>\n<p>Caracter\u00edstiques destacables:<\/p>\n<p>Silicona 100%<\/p>\n<p>Perfecte per a piscina coberta i descoberta<\/p>\n<p>El\u00e0stic per a un ajust segur i adaptable<\/p>\n<p>Forma aerodin\u00e0mica<\/p>\n<p>F\u00e0cil de posar i treure<\/p>\n<p>\u00a0<\/p>\n<p>\u00das recomanat:<\/p>\n<p>Perfecte per a la pr\u00e0ctica de la nataci\u00f3. Pensat per a un \u00fas diari en entrenaments o b\u00e9 per a competicions. La densitat espec\u00edfica de la silicona el fa un gorra molt resistent i flexible.<\/p>\n","protected":false},"excerpt":{"rendered":"<p>Compra el Gorro Silicona Turbo Hibiscus-Wave a CRAWL. Resistent al clor i als raigs UV, perfecte per a entrenaments i competicions.<\/p>\n<p>Ref<strong>:<\/strong> 9702289<\/p>\n","protected":false},"featured_media":12730,"comment_status":"open","ping_status":"closed","template":"","meta":[],"product_cat":[138,134],"product_tag":[],"brands":[{"id":22,"name":"Turbo","slug":"turbo"}],"_links":{"self":[{"href":"https:\/\/crawl.es\/ca\/wp-json\/wp\/v2\/product\/12169"}],"collection":[{"href":"https:\/\/crawl.es\/ca\/wp-json\/wp\/v2\/product"}],"about":[{"href":"https:\/\/crawl.es\/ca\/wp-json\/wp\/v2\/types\/product"}],"replies":[{"embeddable":true,"href":"https:\/\/crawl.es\/ca\/wp-json\/wp\/v2\/comments?post=12169"}],"wp:featuredmedia":[{"embeddable":true,"href":"https:\/\/crawl.es\/ca\/wp-json\/wp\/v2\/media\/12730"}],"wp:attachment":[{"href":"https:\/\/crawl.es\/ca\/wp-json\/wp\/v2\/media?parent=12169"}],"wp:term":[{"taxonomy":"product_cat","embeddable":true,"href":"https:\/\/crawl.es\/ca\/wp-json\/wp\/v2\/product_cat?post=12169"},{"taxonomy":"product_tag","embeddable":true,"href":"https:\/\/crawl.es\/ca\/wp-json\/wp\/v2\/product_tag?post=12169"}],"curies":[{"name":"wp","href":"https:\/\/api.w.org\/{rel}","templated":true}]}}