{"id":12204,"date":"2024-12-20T11:12:27","date_gmt":"2024-12-20T11:12:27","guid":{"rendered":"https:\/\/crawl.es\/producto\/banyador-turbo-waterpolo-kamu-crawl\/"},"modified":"2024-12-20T11:12:27","modified_gmt":"2024-12-20T11:12:27","slug":"banyador-turbo-waterpolo-kamu-crawl","status":"publish","type":"product","link":"https:\/\/crawl.es\/ca\/producto\/banyador-turbo-waterpolo-kamu-crawl\/","title":{"rendered":"Banyador Turbo Waterpolo Kamu | Crawl"},"content":{"rendered":"<p>El banyador de waterpolo Turbo per a home est\u00e0 especialment dissenyat per a la pr\u00e0ctica professional o amateur del waterpolo. Amb m\u00e9s de 50 anys d&#8217;experi\u00e8ncia, Turbo ha creat un patr\u00f3 extremadament c\u00f2mode que s&#8217;adapta perfectament al cos, aportant una sensaci\u00f3 de lleugeresa i comoditat incomparables.<\/p>\n<p>Aquest banyador est\u00e0 pensat per a ser utilitzat tant en entrenaments com en partits, facilitant la mobilitat a l&#8217;aigua i evitant l&#8217;arrossegament de l&#8217;aigua, permetent un moviment m\u00e9s r\u00e0pid i eficient. Sens dubte, els banyadors Turbo s\u00f3n reconeguts per la seva excel\u00b7lent qualitat, ja que sempre utilitzen materials de primera categoria.<\/p>\n<p>\u00a0<\/p>\n<p>Caracter\u00edstiques d&#8217;un banyador de waterpolo Turbo per a home:<\/p>\n<p>Qualitat premium: Confeccionat amb teixit anticloro per a una major durabilitat.<\/p>\n<p>Adher\u00e8ncia perfecta: El banyador s&#8217;ajusta perfectament al cos, oferint una ergonomia \u00f2ptima.<\/p>\n<p>Resist\u00e8ncia UV: Els materials utilitzats s\u00f3n resistents als raigs UV, mantenint els colors vibrants durant molt de temps.<\/p>\n<p>Costures refor\u00e7ades: Per afavorir la durabilitat i resist\u00e8ncia al desgast.<\/p>\n<p>Doble capa de teixit: Assegura una llarga vida \u00fatil i m\u00e0xima resist\u00e8ncia.<\/p>\n<p>\u00a0<\/p>\n<p>\u00das recomanat: Des de Turbo recomanem utilitzar la braguita per a la pr\u00e0ctica de waterpolo o entrenament de nataci\u00f3. El seu ajust perfecte al cos dificulta que el waterpolista sigui agafat pels rivals, una caracter\u00edstica essencial per a la competici\u00f3. A m\u00e9s, aquests banyadors no arrosseguen aigua durant el moviment, millorant aix\u00ed la mobilitat i l&#8217;efici\u00e8ncia a l&#8217;aigua.<\/p>\n<p>\u00a0<\/p>\n<p>Tots els banyadors de waterpolo de Turbo compten amb un folre complet a la part davantera i posterior, aix\u00ed com amb un cord\u00f3 ajustable per a una adaptabilitat \u00f2ptima.<\/p>\n","protected":false},"excerpt":{"rendered":"<p>Descobreix el banyador Turbo Kamu per a home, dissenyat per a la pr\u00e0ctica professional o amateur del waterpolo. Confeccionat amb teixit anticloro i costures refor\u00e7ades, aquest banyador ofereix m\u00e0xima comoditat i resist\u00e8ncia.<\/p>\n","protected":false},"featured_media":12202,"comment_status":"open","ping_status":"closed","template":"","meta":[],"product_cat":[147,152,155],"product_tag":[],"brands":[{"id":22,"name":"Turbo","slug":"turbo"}],"_links":{"self":[{"href":"https:\/\/crawl.es\/ca\/wp-json\/wp\/v2\/product\/12204"}],"collection":[{"href":"https:\/\/crawl.es\/ca\/wp-json\/wp\/v2\/product"}],"about":[{"href":"https:\/\/crawl.es\/ca\/wp-json\/wp\/v2\/types\/product"}],"replies":[{"embeddable":true,"href":"https:\/\/crawl.es\/ca\/wp-json\/wp\/v2\/comments?post=12204"}],"wp:featuredmedia":[{"embeddable":true,"href":"https:\/\/crawl.es\/ca\/wp-json\/wp\/v2\/media\/12202"}],"wp:attachment":[{"href":"https:\/\/crawl.es\/ca\/wp-json\/wp\/v2\/media?parent=12204"}],"wp:term":[{"taxonomy":"product_cat","embeddable":true,"href":"https:\/\/crawl.es\/ca\/wp-json\/wp\/v2\/product_cat?post=12204"},{"taxonomy":"product_tag","embeddable":true,"href":"https:\/\/crawl.es\/ca\/wp-json\/wp\/v2\/product_tag?post=12204"}],"curies":[{"name":"wp","href":"https:\/\/api.w.org\/{rel}","templated":true}]}}