{"id":12206,"date":"2024-02-14T16:03:02","date_gmt":"2024-02-14T16:03:02","guid":{"rendered":"https:\/\/crawl.es\/producto\/banyador-slip-waterpolo-turbo-spring-dragons-banyador-turbo-per-a-waterpolo-crawl\/"},"modified":"2024-02-14T16:03:02","modified_gmt":"2024-02-14T16:03:02","slug":"banyador-slip-waterpolo-turbo-spring-dragons-banyador-turbo-per-a-waterpolo-crawl","status":"publish","type":"product","link":"https:\/\/crawl.es\/ca\/producto\/banyador-slip-waterpolo-turbo-spring-dragons-banyador-turbo-per-a-waterpolo-crawl\/","title":{"rendered":"Banyador Slip Waterpolo Turbo Spring Dragons | Banyador Turbo per a Waterpolo | Crawl"},"content":{"rendered":"<p>El banyador de waterpolo Turbo per a home est\u00e0 especialment dissenyat per a la pr\u00e0ctica professional o amateur del waterpolo.<\/p>\n<p>S\u00f3n banyadors pensats per ser utilitzats durant els entrenaments o partits de waterpolo. Amb m\u00e9s de 50 anys d&#8217;experi\u00e8ncia, s&#8217;ha dissenyat un patr\u00f3 extremadament c\u00f2mode, que s&#8217;adapta perfectament al cos, aportant aix\u00ed comoditat i sensaci\u00f3 de lleugeresa.<\/p>\n<p>D&#8217;aquesta manera, els banyadors de waterpolo faciliten la mobilitat a l&#8217;aigua, evitant l&#8217;arrossegament de l&#8217;aigua i permetent un moviment m\u00e9s r\u00e0pid al nedar.<\/p>\n<p>Per\u00f2 sens dubte, els banyadors Turbo s\u00f3n de la millor qualitat, utilitzant sempre els materials de m\u00e9s qualitat del mercat.<\/p>\n<p>Aix\u00f2 \u00e9s el que els converteix en els millors banyadors del m\u00f3n.<\/p>\n<p>\u00a0<\/p>\n<p>Caracter\u00edstiques d&#8217;un banyador de waterpolo Turbo per a home:<\/p>\n<p>Un banyador d&#8217;home apte per a la pr\u00e0ctica professional del waterpolo ha de ser de primera qualitat i sempre amb teixit anticloro. La qualitat dels materials, l&#8217;adher\u00e8ncia del vestit al cos i la seva ergonomia s\u00f3n aspectes fonamentals.<\/p>\n<p>Per aix\u00f2, els banyadors de waterpolo Turbo per a home no nom\u00e9s estan confeccionats amb els millors materials, sin\u00f3 que tamb\u00e9 compten amb costures refor\u00e7ades i una doble capa de teixit per afavorir la durabilitat en el temps. A m\u00e9s, per descomptat, s\u00f3n banyadors dissenyats per ser resistents al clor i als raigs UV.<\/p>\n<p>D&#8217;aquesta manera, els colors mantenen la seva vitalitat durant molt de temps sense patir desgast.<\/p>\n<p>\u00a0<\/p>\n<p>\u00das recomanat de banyador per a waterpolo<\/p>\n<p>Des de Turbo recomanem utilitzar la braguita per practicar waterpolo o entrenar nataci\u00f3. En estar perfectament ajustat al cos, dificulta que el waterpolista sigui agafat pels seus rivals, una cosa de vital import\u00e0ncia. A m\u00e9s a m\u00e9s, els nostres banyadors no arrosseguen aigua durant el moviment, millorant la mobilitat de l&#8217;home que els utilitza. \u00c9s per aix\u00f2 que es poden utilitzar sense cap problema per a la nataci\u00f3 o esports aqu\u00e0tics similars.<\/p>\n<p>A m\u00e9s, tots els banyadors de waterpolo tenen un folre complet a la part davantera i posterior i un cord\u00f3 ajustable per a una millor adaptabilitat.<\/p>\n","protected":false},"excerpt":{"rendered":"<p>Fes que cada partit compti amb el Banyador Slip Waterpolo Turbo Spring Dragons! Amb un disseny impactant i d&#8217;alta qualitat, aquest banyador \u00e9s perfecte per a jugadors de waterpolo que busquen comoditat, estil i rendiment. No esperis m\u00e9s, aconsegueix el teu i domina la piscina!<\/p>\n<p>REF: 731655<\/p>\n","protected":false},"featured_media":7879,"comment_status":"open","ping_status":"closed","template":"","meta":[],"product_cat":[147,152,155],"product_tag":[],"brands":[{"id":22,"name":"Turbo","slug":"turbo"}],"_links":{"self":[{"href":"https:\/\/crawl.es\/ca\/wp-json\/wp\/v2\/product\/12206"}],"collection":[{"href":"https:\/\/crawl.es\/ca\/wp-json\/wp\/v2\/product"}],"about":[{"href":"https:\/\/crawl.es\/ca\/wp-json\/wp\/v2\/types\/product"}],"replies":[{"embeddable":true,"href":"https:\/\/crawl.es\/ca\/wp-json\/wp\/v2\/comments?post=12206"}],"wp:featuredmedia":[{"embeddable":true,"href":"https:\/\/crawl.es\/ca\/wp-json\/wp\/v2\/media\/7879"}],"wp:attachment":[{"href":"https:\/\/crawl.es\/ca\/wp-json\/wp\/v2\/media?parent=12206"}],"wp:term":[{"taxonomy":"product_cat","embeddable":true,"href":"https:\/\/crawl.es\/ca\/wp-json\/wp\/v2\/product_cat?post=12206"},{"taxonomy":"product_tag","embeddable":true,"href":"https:\/\/crawl.es\/ca\/wp-json\/wp\/v2\/product_tag?post=12206"}],"curies":[{"name":"wp","href":"https:\/\/api.w.org\/{rel}","templated":true}]}}