{"id":12231,"date":"2025-12-02T16:34:01","date_gmt":"2024-10-02T16:34:01","guid":{"rendered":"https:\/\/crawl.es\/producto\/gorro-silicona-turbo-eat-my-bubbles-crawl\/"},"modified":"2024-10-02T16:34:01","modified_gmt":"2024-10-02T16:34:01","slug":"gorro-silicona-turbo-eat-my-bubbles-crawl","status":"publish","type":"product","link":"https:\/\/crawl.es\/ca\/producto\/gorro-silicona-turbo-eat-my-bubbles-crawl\/","title":{"rendered":"Gorro Silicona Turbo Eat-My-Bubbles | CRAWL"},"content":{"rendered":"<p>Descobreix el Gorro Silicona Turbo Eat-My-Bubbles, l&#8217;elecci\u00f3 ideal per a nedadors exigents Fabricat amb 100% silicona d&#8217;alta qualitat, aquesta gorra ofereix una elasticitat superior i un tacte suau, assegurant una subjecci\u00f3 c\u00f2moda i segura. clor, raigs UV ia l&#8217;aigua del mar, garantint durabilitat i estil a qualsevol entorn aqu\u00e0tic.<\/p>\n<p>\u00a0<\/p>\n<p>Caracter\u00edstiques destacables:<\/p>\n<p>&#8211; Silicona 100%: Material premium que garanteix durabilitat.<\/p>\n<p>&#8211; Versatilitat: Perfecte per a piscina coberta i descoberta.<\/p>\n<p>&#8211; El\u00e0stic: Ajust segur i adaptable a qualsevol mida de cap.<\/p>\n<p>&#8211; Forma aerodin\u00e0mica: Millora el teu rendiment a l&#8217;aigua.<\/p>\n<p>&#8211; F\u00e0cil de posar i treure: Per a m\u00e9s comoditat i practicitat.<\/p>\n<p>\u00a0<\/p>\n<p>\u00a0**\u00das recomanat**:<\/p>\n<p>Aquesta gorra \u00e9s perfecta per a la pr\u00e0ctica di\u00e0ria de la nataci\u00f3, tant en entrenaments com en competicions.<\/p>\n<p>\u00a0<\/p>\n<p>No deixeu passar l&#8217;oportunitat de millorar el vostre rendiment amb el Gorro Silicona Turbo Eat-My-Bubbles de CRAWL. Compra ara i gaudeix duna nataci\u00f3 superior!<\/p>\n","protected":false},"excerpt":{"rendered":"<p>Compra el Gorro Silicona Turbo Eat-My-Bubbles a CRAWL. Resistent al clor i UV, perfecte per a entrenaments i competicions.<\/p>\n","protected":false},"featured_media":15758,"comment_status":"open","ping_status":"closed","template":"","meta":[],"product_cat":[138,134],"product_tag":[],"brands":[{"id":22,"name":"Turbo","slug":"turbo"}],"_links":{"self":[{"href":"https:\/\/crawl.es\/ca\/wp-json\/wp\/v2\/product\/12231"}],"collection":[{"href":"https:\/\/crawl.es\/ca\/wp-json\/wp\/v2\/product"}],"about":[{"href":"https:\/\/crawl.es\/ca\/wp-json\/wp\/v2\/types\/product"}],"replies":[{"embeddable":true,"href":"https:\/\/crawl.es\/ca\/wp-json\/wp\/v2\/comments?post=12231"}],"wp:featuredmedia":[{"embeddable":true,"href":"https:\/\/crawl.es\/ca\/wp-json\/wp\/v2\/media\/15758"}],"wp:attachment":[{"href":"https:\/\/crawl.es\/ca\/wp-json\/wp\/v2\/media?parent=12231"}],"wp:term":[{"taxonomy":"product_cat","embeddable":true,"href":"https:\/\/crawl.es\/ca\/wp-json\/wp\/v2\/product_cat?post=12231"},{"taxonomy":"product_tag","embeddable":true,"href":"https:\/\/crawl.es\/ca\/wp-json\/wp\/v2\/product_tag?post=12231"}],"curies":[{"name":"wp","href":"https:\/\/api.w.org\/{rel}","templated":true}]}}