{"id":12301,"date":"2025-01-10T10:59:11","date_gmt":"2025-01-10T10:59:11","guid":{"rendered":"https:\/\/crawl.es\/producto\/banyador-dona-sirene-comfort-ref-89089-crawl\/"},"modified":"2025-01-10T10:59:11","modified_gmt":"2025-01-10T10:59:11","slug":"banyador-dona-sirene-comfort-ref-89089-crawl","status":"publish","type":"product","link":"https:\/\/crawl.es\/ca\/producto\/banyador-dona-sirene-comfort-ref-89089-crawl\/","title":{"rendered":"BANYADOR DONA SIRENE COMFORT REF.89089 | CRAWL"},"content":{"rendered":"<p>El Banyador Dona Sirene Comfort de Turbo est\u00e0 especialment dissenyat per a la pr\u00e0ctica de la nataci\u00f3 Confeccionat amb el millor teixit del mercat i un doble folre davanter, aquest banyador \u00e9s resistent al clor de la piscina i als raigs UV. dels seus colors es mant\u00e9 fins i tot amb l\u00fas repetit al llarg del temps.<\/p>\n<p>Considerat un dels banyadors m\u00e9s resistents del m\u00f3n, el Banyador Dona Sirene Comfort ofereix caracter\u00edstiques destacables que el fan ideal per a nedadores exigents.<\/p>\n<p>\u00a0<\/p>\n<p>Caracter\u00edstiques Destacables:<\/p>\n<p>Costures Refor\u00e7ades: Augmenten la durabilitat del banyador.<\/p>\n<p>Folre Davanter Complet: Proporciona major comoditat i suport.<\/p>\n<p>Resistent al Clor: Ideal per a \u00fas en piscines.<\/p>\n<p>Colors Duradors: Mantenen la intensitat amb el temps.<\/p>\n<p>Composici\u00f3: 55% poli\u00e8ster PBT, 45% poli\u00e8ster.<\/p>\n<p>\u00a0<\/p>\n<p>\u00das Recomanat:<\/p>\n<p>Aquest banyador \u00e9s perfecte per a la pr\u00e0ctica de la nataci\u00f3 com a banyador d&#8217;entrenament. Gr\u00e0cies a la seva gran adaptabilitat al cos, no arrossega aigua en nedar, cosa que el converteix en una opci\u00f3 comod\u00edssima per a l&#8217;\u00fas diari.<\/p>\n<p>\u00a0<\/p>\n<p>Nota: Aquest article t\u00e9 un tallatge m\u00e9s petit del que \u00e9s habitual, per la qual cosa es recomana optar per una talla superior a l&#8217;habitual.<\/p>\n","protected":false},"excerpt":{"rendered":"<p>Descobreix el Banyador Dona Sirene Comfort REF.89089 de Turbo, dissenyat per a la pr\u00e0ctica de la Nataci\u00f3. Amb doble folre davanter i resist\u00e8ncia al clor i raigs UV, els seus colors es mantenen amb l\u00fas repetit. Compra ara a Crawl!<\/p>\n","protected":false},"featured_media":12275,"comment_status":"open","ping_status":"closed","template":"","meta":[],"product_cat":[227,231,232],"product_tag":[],"brands":[{"id":22,"name":"Turbo","slug":"turbo"}],"_links":{"self":[{"href":"https:\/\/crawl.es\/ca\/wp-json\/wp\/v2\/product\/12301"}],"collection":[{"href":"https:\/\/crawl.es\/ca\/wp-json\/wp\/v2\/product"}],"about":[{"href":"https:\/\/crawl.es\/ca\/wp-json\/wp\/v2\/types\/product"}],"replies":[{"embeddable":true,"href":"https:\/\/crawl.es\/ca\/wp-json\/wp\/v2\/comments?post=12301"}],"wp:featuredmedia":[{"embeddable":true,"href":"https:\/\/crawl.es\/ca\/wp-json\/wp\/v2\/media\/12275"}],"wp:attachment":[{"href":"https:\/\/crawl.es\/ca\/wp-json\/wp\/v2\/media?parent=12301"}],"wp:term":[{"taxonomy":"product_cat","embeddable":true,"href":"https:\/\/crawl.es\/ca\/wp-json\/wp\/v2\/product_cat?post=12301"},{"taxonomy":"product_tag","embeddable":true,"href":"https:\/\/crawl.es\/ca\/wp-json\/wp\/v2\/product_tag?post=12301"}],"curies":[{"name":"wp","href":"https:\/\/api.w.org\/{rel}","templated":true}]}}