{"id":12317,"date":"2024-09-20T15:23:24","date_gmt":"2024-09-20T15:23:24","guid":{"rendered":"https:\/\/crawl.es\/producto\/ulleres-arena-cobra-edge-swipe-mirror-esmeralda-groc-crawl\/"},"modified":"2024-09-20T15:23:24","modified_gmt":"2024-09-20T15:23:24","slug":"ulleres-arena-cobra-edge-swipe-mirror-esmeralda-groc-crawl","status":"publish","type":"product","link":"https:\/\/crawl.es\/ca\/producto\/ulleres-arena-cobra-edge-swipe-mirror-esmeralda-groc-crawl\/","title":{"rendered":"Ulleres Arena Cobra Edge Swipe Mirror | Esmeralda\/Groc | Crawl"},"content":{"rendered":"<p>Descobriu les innovadores ulleres de nataci\u00f3 de competici\u00f3 d&#8217;\u00faltima generaci\u00f3: les Cobra Edge Swipe Mirror d&#8217;Arena, ultramodernes i d&#8217;alt rendiment. Aquestes ulleres de nataci\u00f3, aprovades per la FINA, s\u00f3n perfectes per a nedadors de competici\u00f3. Dissenyades amb una visibilitat lateral i cap amunt sense precedents, un espai m\u00e9s gran per a les pestanyes, un pont de nas millorat i juntes suaus i ergon\u00f2miques per a un major confort.<\/p>\n<p>\u00a0<\/p>\n<p>Caracter\u00edstiques Principals:<\/p>\n<p>Tecnologia Antibaho Swipe: Equipades amb la revolucion\u00e0ria tecnologia antibaho Swipe d&#8217;Arena, que dura deu vegades m\u00e9s que la protecci\u00f3 antibaf convencional. Per a una visi\u00f3 perfectament n\u00edtida durant molt de temps. Per reactivar el tractament antibaf, passa cinc vegades el dit per l&#8217;interior de les ulleres amb elles dins de l&#8217;aigua en veure els primers signes de baf.<\/p>\n<p>Lents de Baix Perfil: Minimitza la resist\u00e8ncia a l&#8217;aigua i ofereix una hidrodin\u00e0mica excel\u00b7lent.<\/p>\n<p>Cinc Ponts de Nas Intercanviables: Permet una adaptaci\u00f3 perfecta a diferents formes de cara i nas.<\/p>\n<p>Curvatura Millorada: Ofereix una pressi\u00f3 m\u00e9s lleugera al nas per a m\u00e9s confort.<\/p>\n<p>Doble Corretja Ajustable: S&#8217;ajusta f\u00e0cilment a la part posterior del cap i garanteix un ajustament estable, fins i tot durant l&#8217;arrencada i els girs.<\/p>\n<p>Innovador Disseny de Patilles: Garanteix un ajustament segur, especialment a les immersions.<\/p>\n<p>Protecci\u00f3 UV: Les lents tenen protecci\u00f3 UV i no contenen PVC.<\/p>\n<p>Disponibilitat de Lents: Les ulleres estan disponibles amb lents de enfosquiment mitj\u00e0 per a condicions de lluminositat mitjanes o variables, i lents fosques per a entorns lluminosos o per als que volen la m\u00e0xima protecci\u00f3 contra la llum.<\/p>\n<p>\u00a0<\/p>\n<p>Material i Cura:<\/p>\n<p>Composici\u00f3: 70% policarbonat, 20% silicona, 10% elast\u00f2mer termopl\u00e0stic.<\/p>\n<p>\u00a0<\/p>\n<p>Instruccions de Cura: No rentar.<\/p>\n<p>\u00a0<\/p>\n<p>Ideal per a Competici\u00f3:<\/p>\n<p>Les ulleres Cobra Edge Swipe Mirror s\u00f3n ideals per a nedadors de competici\u00f3 que busquen les millors prestacions. Trieu el vostre estil personal entre una \u00e0mplia gamma de tons de lent i colors de marc.<\/p>\n","protected":false},"excerpt":{"rendered":"<p>Las gafas Arena Cobra Edge Swipe Mirror ofrecen rendimiento de alto nivel con la tecnolog\u00eda antivaho Swipe. Aprobadas por la FINA, perfectas para competiciones. Visi\u00f3n n\u00edtida y dise\u00f1o ergon\u00f3mico.<\/p>\n","protected":false},"featured_media":9504,"comment_status":"open","ping_status":"closed","template":"","meta":[],"product_cat":[134,135],"product_tag":[],"brands":[{"id":312,"name":"ARENA","slug":"arena"}],"_links":{"self":[{"href":"https:\/\/crawl.es\/ca\/wp-json\/wp\/v2\/product\/12317"}],"collection":[{"href":"https:\/\/crawl.es\/ca\/wp-json\/wp\/v2\/product"}],"about":[{"href":"https:\/\/crawl.es\/ca\/wp-json\/wp\/v2\/types\/product"}],"replies":[{"embeddable":true,"href":"https:\/\/crawl.es\/ca\/wp-json\/wp\/v2\/comments?post=12317"}],"wp:featuredmedia":[{"embeddable":true,"href":"https:\/\/crawl.es\/ca\/wp-json\/wp\/v2\/media\/9504"}],"wp:attachment":[{"href":"https:\/\/crawl.es\/ca\/wp-json\/wp\/v2\/media?parent=12317"}],"wp:term":[{"taxonomy":"product_cat","embeddable":true,"href":"https:\/\/crawl.es\/ca\/wp-json\/wp\/v2\/product_cat?post=12317"},{"taxonomy":"product_tag","embeddable":true,"href":"https:\/\/crawl.es\/ca\/wp-json\/wp\/v2\/product_tag?post=12317"}],"curies":[{"name":"wp","href":"https:\/\/api.w.org\/{rel}","templated":true}]}}