{"id":12318,"date":"2024-07-18T09:20:18","date_gmt":"2024-07-18T09:20:18","guid":{"rendered":"https:\/\/crawl.es\/producto\/cressi-antifog-spray-60ml-crawl\/"},"modified":"2024-07-18T09:20:18","modified_gmt":"2024-07-18T09:20:18","slug":"cressi-antifog-spray-60ml-crawl","status":"publish","type":"product","link":"https:\/\/crawl.es\/ca\/producto\/cressi-antifog-spray-60ml-crawl\/","title":{"rendered":"CRESSI Antifog Spray 60ml | CRAWL"},"content":{"rendered":"<p>Aquest producte ha estat dissenyat espec\u00edficament com a protector antibaf per a ulleres de busseig i nataci\u00f3, encara que resulta igualment efectiu sobre qualsevol superf\u00edcie v\u00edtria (interior de parabrises, miralls de bany, ulleres de visi\u00f3, etc.).<\/p>\n<p>\u00a0<\/p>\n<p>Caracter\u00edstiques destacables:<\/p>\n<p>&#8211; Efectivitat i seguretat: Aplicat correctament, crea un film protector que impedeix la condensaci\u00f3 de microgotes.<\/p>\n<p>&#8211; Composici\u00f3 segura: Donat el seu pH neutre (7,0) i la nul\u00b7la irritabilitat dels seus components, \u00e9s idoni per ser usat en superf\u00edcies properes als ulls.<\/p>\n<p>&#8211; Base d&#8217;aigua desionitzada: No cont\u00e9 dissolvents org\u00e0nics (alcohol isoprop\u00edlic, et\u00edlic, glicols, etc.) que podrien evaporar-se i afectar les superf\u00edcies i els fluids oculars.<\/p>\n<p>&#8211; Efectivitat perllongada: La seva baixa concentraci\u00f3 en tensioactius i silicona allarga la seva efectivitat durant unes 2 hores aproximadament.<\/p>\n<p>\u00a0<\/p>\n<p>\u00das recomanat:<\/p>\n<p>Perfecte per a ulleres de busseig i nataci\u00f3, aix\u00ed com qualsevol superf\u00edcie v\u00edtria que necessiti protecci\u00f3 antibaf. Ideal per a activitats de nataci\u00f3 i busseig.<\/p>\n<p>No perdis l&#8217;oportunitat de tenir CRESSI Antifog Spray 60ml de CRAWL. Compra ara i mantingues les teves ulleres i superf\u00edcies v\u00edtrees lliures de baf!<\/p>\n","protected":false},"excerpt":{"rendered":"<p>Compra el CRESSI Antifog Spray 60ml a CRAWL. Protector antibaf per a ulleres de busseig i nataci\u00f3. Efectiu i segur, amb pH neutre i base daigua desionitzada.<\/p>\n","protected":false},"featured_media":9363,"comment_status":"open","ping_status":"closed","template":"","meta":[],"product_cat":[134,139],"product_tag":[],"brands":[{"id":381,"name":"CRESSI","slug":"cressi"}],"_links":{"self":[{"href":"https:\/\/crawl.es\/ca\/wp-json\/wp\/v2\/product\/12318"}],"collection":[{"href":"https:\/\/crawl.es\/ca\/wp-json\/wp\/v2\/product"}],"about":[{"href":"https:\/\/crawl.es\/ca\/wp-json\/wp\/v2\/types\/product"}],"replies":[{"embeddable":true,"href":"https:\/\/crawl.es\/ca\/wp-json\/wp\/v2\/comments?post=12318"}],"wp:featuredmedia":[{"embeddable":true,"href":"https:\/\/crawl.es\/ca\/wp-json\/wp\/v2\/media\/9363"}],"wp:attachment":[{"href":"https:\/\/crawl.es\/ca\/wp-json\/wp\/v2\/media?parent=12318"}],"wp:term":[{"taxonomy":"product_cat","embeddable":true,"href":"https:\/\/crawl.es\/ca\/wp-json\/wp\/v2\/product_cat?post=12318"},{"taxonomy":"product_tag","embeddable":true,"href":"https:\/\/crawl.es\/ca\/wp-json\/wp\/v2\/product_tag?post=12318"}],"curies":[{"name":"wp","href":"https:\/\/api.w.org\/{rel}","templated":true}]}}