{"id":12319,"date":"2024-07-18T09:08:05","date_gmt":"2024-07-18T09:08:05","guid":{"rendered":"https:\/\/crawl.es\/producto\/speedo-slide-am-crawl\/"},"modified":"2024-07-18T09:08:05","modified_gmt":"2024-07-18T09:08:05","slug":"speedo-slide-am-crawl","status":"publish","type":"product","link":"https:\/\/crawl.es\/ca\/producto\/speedo-slide-am-crawl\/","title":{"rendered":"SPEEDO SLIDE AM | CRAWL"},"content":{"rendered":"<p>Les xancletes SPEEDO SLIDE AM s\u00f3n l&#8217;opci\u00f3 perfecta per gaudir de la platja amb comoditat i estil. La seva construcci\u00f3 d&#8217;una sola pe\u00e7a proporciona m\u00e9s comoditat i lleugeresa, mentre que els forats de drenatge a la plantilla asseguren que l&#8217;aigua s&#8217;escorri r\u00e0pidament, mantenint els teus peus secs.<\/p>\n<p>\u00a0<\/p>\n<p>Caracter\u00edstiques destacables:<\/p>\n<p>&#8211; Construcci\u00f3 d&#8217;una sola pe\u00e7a: Per a m\u00e9s comoditat i durabilitat.<\/p>\n<p>&#8211; Lleugera: Ideal per a \u00fas diari a la platja.<\/p>\n<p>&#8211; Forats de drenatge: Permeten que l&#8217;aigua s&#8217;escorri r\u00e0pidament, mantenint els teus peus secs.<\/p>\n<p>\u00a0<\/p>\n<p>\u00das recomanat:<\/p>\n<p>Perfectes per a la platja, la piscina o qualsevol activitat aqu\u00e0tica. Aquestes xancletes lleugeres i c\u00f2modes us acompanyaran en tots els vostres moments de descans i diversi\u00f3.<\/p>\n<p>No perdis l&#8217;oportunitat de tenir les SPEEDO SLIDE AM de CRAWL. Compra ara i gaudeix de la comoditat i l&#8217;estil als teus dies de platja!<\/p>\n","protected":false},"excerpt":{"rendered":"<p>Compra les SPEEDO SLIDE AM a CRAWL. Xancletes de platja lleugeres i c\u00f2modes amb construcci\u00f3 d&#8217;una sola pe\u00e7a i forats de drenatge a la plantilla.<\/p>\n","protected":false},"featured_media":9359,"comment_status":"open","ping_status":"closed","template":"","meta":[],"product_cat":[134,146],"product_tag":[],"brands":[{"id":307,"name":"Speedo","slug":"speedo"}],"_links":{"self":[{"href":"https:\/\/crawl.es\/ca\/wp-json\/wp\/v2\/product\/12319"}],"collection":[{"href":"https:\/\/crawl.es\/ca\/wp-json\/wp\/v2\/product"}],"about":[{"href":"https:\/\/crawl.es\/ca\/wp-json\/wp\/v2\/types\/product"}],"replies":[{"embeddable":true,"href":"https:\/\/crawl.es\/ca\/wp-json\/wp\/v2\/comments?post=12319"}],"wp:featuredmedia":[{"embeddable":true,"href":"https:\/\/crawl.es\/ca\/wp-json\/wp\/v2\/media\/9359"}],"wp:attachment":[{"href":"https:\/\/crawl.es\/ca\/wp-json\/wp\/v2\/media?parent=12319"}],"wp:term":[{"taxonomy":"product_cat","embeddable":true,"href":"https:\/\/crawl.es\/ca\/wp-json\/wp\/v2\/product_cat?post=12319"},{"taxonomy":"product_tag","embeddable":true,"href":"https:\/\/crawl.es\/ca\/wp-json\/wp\/v2\/product_tag?post=12319"}],"curies":[{"name":"wp","href":"https:\/\/api.w.org\/{rel}","templated":true}]}}