{"id":12327,"date":"2024-06-13T16:20:26","date_gmt":"2024-06-13T16:20:26","guid":{"rendered":"https:\/\/crawl.es\/producto\/aletes-de-natacio-arena-unisex-negre-crawl\/"},"modified":"2024-06-13T16:20:26","modified_gmt":"2024-06-13T16:20:26","slug":"aletes-de-natacio-arena-unisex-negre-crawl","status":"publish","type":"product","link":"https:\/\/crawl.es\/ca\/producto\/aletes-de-natacio-arena-unisex-negre-crawl\/","title":{"rendered":"Aletes de Nataci\u00f3 Arena Unisex &#8211; Negre | CRAWL"},"content":{"rendered":"<p>Millora el teu entrenament amb aquestes aletes d\u00b4entrenament Arena unisex per a adults amb pala curta. Dissenyades per a l&#8217;entrenament de la pot\u00e8ncia i la t\u00e8cnica dels nedadors de fitness i de competici\u00f3. El material suau i durador proporciona el m\u00e0xim confort i redueix la possibilitat de formaci\u00f3 de butllofes. Amb construcci\u00f3 de tal\u00f3 obert per a una perfecta llibertat de moviments. Sense PVC.<\/p>\n<p>\u00a0<\/p>\n<p>Caracter\u00edstiques destacables:<\/p>\n<p>&#8211; Pala curta: Dissenyada per millorar la pot\u00e8ncia i la t\u00e8cnica.<\/p>\n<p>&#8211; Material suau i durador: Proporciona confort i redueix la formaci\u00f3 de butllofes.<\/p>\n<p>&#8211; Tal\u00f3 obert: Permet una perfecta llibertat de moviments.<\/p>\n<p>&#8211; Sense PVC: Fabricades amb materials segurs i d&#8217;alta qualitat.<\/p>\n<p>\u00a0<\/p>\n<p>Composici\u00f3 del material:<\/p>\n<p>&#8211; 100% elast\u00f2mer termopl\u00e0stic.<\/p>\n<p>\u00a0<\/p>\n<p>\u00das recomanat:<\/p>\n<p>Ideals per a nedadors de fitness i competici\u00f3 que busquen millorar la seva t\u00e8cnica i pot\u00e8ncia a l&#8217;aigua. Perfectes per a entrenaments intensius i sessions de millora t\u00e8cnica.<\/p>\n<p>\u00a0<\/p>\n<p>No perdis l&#8217;oportunitat de millorar el teu rendiment amb les Aletes de Nataci\u00f3 Arena Unisex &#8211; Negre de CRAWL. Compra ara i porta el teu entrenament de nataci\u00f3 al seg\u00fcent nivell!<\/p>\n","protected":false},"excerpt":{"rendered":"<p>Compra les Aletes de Nataci\u00f3 Arena Unisex &#8211; Negre a CRAWL. Millora el teu entrenament amb aletes de pala curta per a pot\u00e8ncia i t\u00e8cnica. 100% elast\u00f2mer termopl\u00e0stic.<\/p>\n","protected":false},"featured_media":9328,"comment_status":"open","ping_status":"closed","template":"","meta":[],"product_cat":[134,139],"product_tag":[],"brands":[{"id":312,"name":"ARENA","slug":"arena"}],"_links":{"self":[{"href":"https:\/\/crawl.es\/ca\/wp-json\/wp\/v2\/product\/12327"}],"collection":[{"href":"https:\/\/crawl.es\/ca\/wp-json\/wp\/v2\/product"}],"about":[{"href":"https:\/\/crawl.es\/ca\/wp-json\/wp\/v2\/types\/product"}],"replies":[{"embeddable":true,"href":"https:\/\/crawl.es\/ca\/wp-json\/wp\/v2\/comments?post=12327"}],"wp:featuredmedia":[{"embeddable":true,"href":"https:\/\/crawl.es\/ca\/wp-json\/wp\/v2\/media\/9328"}],"wp:attachment":[{"href":"https:\/\/crawl.es\/ca\/wp-json\/wp\/v2\/media?parent=12327"}],"wp:term":[{"taxonomy":"product_cat","embeddable":true,"href":"https:\/\/crawl.es\/ca\/wp-json\/wp\/v2\/product_cat?post=12327"},{"taxonomy":"product_tag","embeddable":true,"href":"https:\/\/crawl.es\/ca\/wp-json\/wp\/v2\/product_tag?post=12327"}],"curies":[{"name":"wp","href":"https:\/\/api.w.org\/{rel}","templated":true}]}}