{"id":12334,"date":"2024-06-13T14:50:00","date_gmt":"2024-06-13T14:50:00","guid":{"rendered":"https:\/\/crawl.es\/producto\/aletes-arena-dentrenament-powerfin-negre-plata-crawl\/"},"modified":"2024-06-13T14:50:00","modified_gmt":"2024-06-13T14:50:00","slug":"aletes-arena-dentrenament-powerfin-negre-plata-crawl","status":"publish","type":"product","link":"https:\/\/crawl.es\/ca\/producto\/aletes-arena-dentrenament-powerfin-negre-plata-crawl\/","title":{"rendered":"Aletes Arena d&#8217;Entrenament Powerfin Negre\/Plata | CRAWL"},"content":{"rendered":"<p>La curta aleta d&#8217;entrenament Arena Powerfin unisex \u00e9s ideal per al fitness i els nedadors competitius. Est\u00e0 dissenyada per a l&#8217;entrenament de la pot\u00e8ncia i per millorar la puntada de peu. El material de silicona suau i durador proporciona el m\u00e0xim confort i redueix la possibilitat de formaci\u00f3 de butllofes. Sense PVC.<\/p>\n<p>\u00a0<\/p>\n<p>Caracter\u00edstiques destacables:<\/p>\n<p>&#8211; Pala curta: Dissenyada per a l&#8217;entrenament de la pot\u00e8ncia i la millora de la puntada de peu.<\/p>\n<p>&#8211; Material de silicona suau i durador: Proporciona m\u00e0xim confort i redueix la formaci\u00f3 de butllofes.<\/p>\n<p>&#8211; Sense PVC: Fabricades amb materials segurs i d&#8217;alta qualitat.<\/p>\n<p>\u00a0<\/p>\n<p>Composici\u00f3 del material:<\/p>\n<p>&#8211; 100% silicona.<\/p>\n<p>\u00a0<\/p>\n<p>Instruccions de rentat:<\/p>\n<p>&#8211; Netegeu-les amb aigua dol\u00e7a despr\u00e9s de cada \u00fas i assequeu-les a l&#8217;aire lluny de radiadors o altres fonts de calor. Eviteu lexposici\u00f3 al sol.<\/p>\n<p>\u00a0<\/p>\n<p>\u00das recomanat:<\/p>\n<p>Ideals per a nedadors de fitness i competici\u00f3 que busquen millorar la seva t\u00e8cnica i pot\u00e8ncia a l&#8217;aigua. Perfectes per a entrenaments intensius i sessions de millora t\u00e8cnica.<\/p>\n<p>No perdis l&#8217;oportunitat de millorar el teu rendiment amb les Aletes Arena d&#8217;Entrenament Powerfin Negre\/Plata de CRAWL. Compra ara i porta el teu entrenament de nataci\u00f3 al seg\u00fcent nivell!<\/p>\n","protected":false},"excerpt":{"rendered":"<p>Compra les Aletes Sorra d&#8217;Entrenament Powerfin Negre\/Plata a CRAWL. Dissenyades per millorar la puntada de peu i la pot\u00e8ncia. Fabricades amb silicona suau i duradora. Sense PVC.<\/p>\n","protected":false},"featured_media":9320,"comment_status":"open","ping_status":"closed","template":"","meta":[],"product_cat":[134,139],"product_tag":[],"brands":[{"id":312,"name":"ARENA","slug":"arena"}],"_links":{"self":[{"href":"https:\/\/crawl.es\/ca\/wp-json\/wp\/v2\/product\/12334"}],"collection":[{"href":"https:\/\/crawl.es\/ca\/wp-json\/wp\/v2\/product"}],"about":[{"href":"https:\/\/crawl.es\/ca\/wp-json\/wp\/v2\/types\/product"}],"replies":[{"embeddable":true,"href":"https:\/\/crawl.es\/ca\/wp-json\/wp\/v2\/comments?post=12334"}],"wp:featuredmedia":[{"embeddable":true,"href":"https:\/\/crawl.es\/ca\/wp-json\/wp\/v2\/media\/9320"}],"wp:attachment":[{"href":"https:\/\/crawl.es\/ca\/wp-json\/wp\/v2\/media?parent=12334"}],"wp:term":[{"taxonomy":"product_cat","embeddable":true,"href":"https:\/\/crawl.es\/ca\/wp-json\/wp\/v2\/product_cat?post=12334"},{"taxonomy":"product_tag","embeddable":true,"href":"https:\/\/crawl.es\/ca\/wp-json\/wp\/v2\/product_tag?post=12334"}],"curies":[{"name":"wp","href":"https:\/\/api.w.org\/{rel}","templated":true}]}}