{"id":12340,"date":"2024-06-13T09:55:10","date_gmt":"2024-06-13T09:55:10","guid":{"rendered":"https:\/\/crawl.es\/producto\/ulleres-natacio-arena-unisex-airspeed-blau-blanc-crawl\/"},"modified":"2024-06-13T09:55:10","modified_gmt":"2024-06-13T09:55:10","slug":"ulleres-natacio-arena-unisex-airspeed-blau-blanc-crawl","status":"publish","type":"product","link":"https:\/\/crawl.es\/ca\/producto\/ulleres-natacio-arena-unisex-airspeed-blau-blanc-crawl\/","title":{"rendered":"Ulleres Nataci\u00f3 Arena Unisex Airspeed Blau\/Blanc | CRAWL"},"content":{"rendered":"<p>Descobreix les ultrac\u00f2modes Ulleres Nataci\u00f3 Arena Unisex Airspeed Blau\/Blanc, perfectes per a nedadors de competici\u00f3 i aprovades per la FINA. La innovadora tecnologia de segellat Air Seals t\u00e9 forma de niu d&#8217;abella per comprimir-se i adaptar-se a la cara, reduint la pressi\u00f3 al voltant dels ulls i proporcionant una sensaci\u00f3 de gran lleugeresa. Les lents amples ofereixen una visi\u00f3 lateral excel\u00b7lent.<\/p>\n<p>\u00a0<\/p>\n<p>Se subministren amb tres ponts de nas intercanviables per a una perfecta adaptaci\u00f3 a les diferents formes de la cara i el nas. La doble corretja s&#8217;ajusta f\u00e0cilment a la part posterior del cap, garantint un ajustament segur, fins i tot durant l&#8217;arrencada i el gir. Aquestes ulleres estan equipades amb una pel\u00b7l\u00edcula antibaf, protecci\u00f3 UV i no contenen PVC. Disponibles amb lents clares per a entorns amb poca llum i per als que prefereixen la m\u00e0xima lluminositat, o lents fosques per a entorns lluminosos o per als que volen la m\u00e0xima protecci\u00f3 contra la llum.<\/p>\n<p>\u00a0<\/p>\n<p>Caracter\u00edstiques destacables:<\/p>\n<p>&#8211; Tecnologia de segellat Air Seals: Forma de niu d&#8217;abella per a m\u00e0xima comoditat.<\/p>\n<p>&#8211; Lents amples: Gran visi\u00f3 lateral.<\/p>\n<p>&#8211; Tres ponts de nas intercanviables: Adaptaci\u00f3 perfecta.<\/p>\n<p>&#8211; Doble corretja ajustable: Subjecci\u00f3 segura.<\/p>\n<p>&#8211; Pel\u00b7l\u00edcula antibaf i protecci\u00f3 UV: Visi\u00f3 clara i protecci\u00f3.<\/p>\n<p>&#8211; Sense PVC: Respectuoses amb el medi ambient.<\/p>\n<p>\u00a0<\/p>\n<p>\u00das recomanat:<\/p>\n<p>Aquestes ulleres s\u00f3n ideals tant per a entrenaments diaris com per a competicions, proporcionant confort i un rendiment superior a cada bra\u00e7ada.<\/p>\n<p>\u00a0<\/p>\n<p>No deixis passar l&#8217;oportunitat de millorar el teu rendiment amb les Ulleres Nataci\u00f3 Arena Unisex Airspeed Blau\/Blanc de CRAWL. Compra ara i gaudeix d\u00b4una nataci\u00f3 superior!<\/p>\n","protected":false},"excerpt":{"rendered":"<p>Compra les Ulleres Nataci\u00f3 Arena Unisex Airspeed Blau\/Blanc a CRAWL. Innovadores i c\u00f2modes, ideals per a competici\u00f3 i entrenament.<\/p>\n","protected":false},"featured_media":9317,"comment_status":"open","ping_status":"closed","template":"","meta":[],"product_cat":[134,135],"product_tag":[],"brands":[{"id":312,"name":"ARENA","slug":"arena"}],"_links":{"self":[{"href":"https:\/\/crawl.es\/ca\/wp-json\/wp\/v2\/product\/12340"}],"collection":[{"href":"https:\/\/crawl.es\/ca\/wp-json\/wp\/v2\/product"}],"about":[{"href":"https:\/\/crawl.es\/ca\/wp-json\/wp\/v2\/types\/product"}],"replies":[{"embeddable":true,"href":"https:\/\/crawl.es\/ca\/wp-json\/wp\/v2\/comments?post=12340"}],"wp:featuredmedia":[{"embeddable":true,"href":"https:\/\/crawl.es\/ca\/wp-json\/wp\/v2\/media\/9317"}],"wp:attachment":[{"href":"https:\/\/crawl.es\/ca\/wp-json\/wp\/v2\/media?parent=12340"}],"wp:term":[{"taxonomy":"product_cat","embeddable":true,"href":"https:\/\/crawl.es\/ca\/wp-json\/wp\/v2\/product_cat?post=12340"},{"taxonomy":"product_tag","embeddable":true,"href":"https:\/\/crawl.es\/ca\/wp-json\/wp\/v2\/product_tag?post=12340"}],"curies":[{"name":"wp","href":"https:\/\/api.w.org\/{rel}","templated":true}]}}