{"id":12342,"date":"2024-06-13T09:12:56","date_gmt":"2024-06-13T09:12:56","guid":{"rendered":"https:\/\/crawl.es\/producto\/speedo-unisex-fastskin-speedsocket-2-mirror-ulleres-verd-taronja-crawl\/"},"modified":"2024-06-13T09:12:56","modified_gmt":"2024-06-13T09:12:56","slug":"speedo-unisex-fastskin-speedsocket-2-mirror-ulleres-verd-taronja-crawl","status":"publish","type":"product","link":"https:\/\/crawl.es\/ca\/producto\/speedo-unisex-fastskin-speedsocket-2-mirror-ulleres-verd-taronja-crawl\/","title":{"rendered":"Speedo Unisex Fastskin Speedsocket 2 Mirror Ulleres, Verd Taronja | CRAWL"},"content":{"rendered":"<p>Descobreix les Speedo Unisex Fastskin Speedsocket 2 Mirror Ulleres, Verd Taronja, dissenyades per oferir un rendiment superior en competicions. Ara part de la fam\u00edlia Fastskin, aquestes ulleres mantenen el cl\u00e0ssic ajust Speedsocket del seu predecessor, per\u00f2 amb una nova forma de lent hidrosc\u00f2pica que proporciona una excel\u00b7lent claredat i una visi\u00f3 perif\u00e8rica m\u00e9s gran. Aprovades per la FINA, s\u00f3n ideals per a triatlons i competicions.<\/p>\n<p>\u00a0<\/p>\n<p>\u00a0Caracter\u00edstiques destacables:<\/p>\n<p>&#8211; Lent hidrosc\u00f2pica: M\u00e0xima visi\u00f3 foveal i perif\u00e8rica amb m\u00ednim moviment del cap.<\/p>\n<p>&#8211; Junta d&#8217;ulleres Speedsocket: Tradicional per a un ajustament i rendiment fiable.<\/p>\n<p>&#8211; Ponts nasals intercanviables: D&#8217;arc alt per a un ajustament individual (S, M, L).<\/p>\n<p>&#8211; Corretja de silicona doble: Per a un ajustament r\u00e0pid i segur.<\/p>\n<p>&#8211; Clip del darrere corbat: Ergon\u00f2micament dissenyat per al muntatge sota la tapa.<\/p>\n<p>&#8211; Lents antibaf i protecci\u00f3 UV: 100% protecci\u00f3 contra radiaci\u00f3 UVA i UVB perjudicials.<\/p>\n<p>&#8211; Revestiment de mirall rob\u00ed: Redueix la brillantor i resplendor, ideal per a entorns lluminosos.<\/p>\n<p>\u00a0<\/p>\n<p>\u00das recomanat:<\/p>\n<p>Aquestes ulleres s\u00f3n perfectes tant per a entrenaments diaris com per a competicions d&#8217;alt nivell, proporcionant confort i un rendiment superior a cada bra\u00e7ada.<\/p>\n<p>\u00a0<\/p>\n<p>No deixis passar l&#8217;oportunitat de millorar el teu rendiment amb les Speedo Unisex Fastskin Speedsocket 2 Mirror Ulleres, Verd Taronja de CRAWL. Compra ara i gaudeix d\u00b4una nataci\u00f3 superior!<\/p>\n","protected":false},"excerpt":{"rendered":"<p>Compra les Speedo Unisex Fastskin Speedsocket 2 Mirror Ulleres, Verd Taronja a CRAWL. Lents hidrosc\u00f2piques per a m\u00e0xima visi\u00f3. Aprovades per la FINA.<\/p>\n","protected":false},"featured_media":9307,"comment_status":"open","ping_status":"closed","template":"","meta":[],"product_cat":[134,135],"product_tag":[],"brands":[{"id":307,"name":"Speedo","slug":"speedo"}],"_links":{"self":[{"href":"https:\/\/crawl.es\/ca\/wp-json\/wp\/v2\/product\/12342"}],"collection":[{"href":"https:\/\/crawl.es\/ca\/wp-json\/wp\/v2\/product"}],"about":[{"href":"https:\/\/crawl.es\/ca\/wp-json\/wp\/v2\/types\/product"}],"replies":[{"embeddable":true,"href":"https:\/\/crawl.es\/ca\/wp-json\/wp\/v2\/comments?post=12342"}],"wp:featuredmedia":[{"embeddable":true,"href":"https:\/\/crawl.es\/ca\/wp-json\/wp\/v2\/media\/9307"}],"wp:attachment":[{"href":"https:\/\/crawl.es\/ca\/wp-json\/wp\/v2\/media?parent=12342"}],"wp:term":[{"taxonomy":"product_cat","embeddable":true,"href":"https:\/\/crawl.es\/ca\/wp-json\/wp\/v2\/product_cat?post=12342"},{"taxonomy":"product_tag","embeddable":true,"href":"https:\/\/crawl.es\/ca\/wp-json\/wp\/v2\/product_tag?post=12342"}],"curies":[{"name":"wp","href":"https:\/\/api.w.org\/{rel}","templated":true}]}}