{"id":12343,"date":"2024-06-13T08:41:54","date_gmt":"2024-06-13T08:41:54","guid":{"rendered":"https:\/\/crawl.es\/producto\/ulleres-de-natacio-zoggs-fusion-air-titanium-crawl\/"},"modified":"2024-06-13T08:41:54","modified_gmt":"2024-06-13T08:41:54","slug":"ulleres-de-natacio-zoggs-fusion-air-titanium-crawl","status":"publish","type":"product","link":"https:\/\/crawl.es\/ca\/producto\/ulleres-de-natacio-zoggs-fusion-air-titanium-crawl\/","title":{"rendered":"Ulleres de Nataci\u00f3 Zoggs Fusion Air Titanium | CRAWL"},"content":{"rendered":"<p>Benvingut a la m\u00e0scara Fusion Air Titanium. Amb tecnologia Air Cushion per a un ajustament s\u00faper suau i contornejat, les suaus juntes de silicona estan farcides d&#8217;aire per crear un efecte de moll sense comprometre la seva estructura ni el segellat al voltant dels ulls. L&#8217;amortiment d&#8217;aire redueix les marques al voltant de l&#8217;ull i proporciona una sensaci\u00f3 &#8220;gaireb\u00e9 sobre l&#8217;ull&#8221;.<\/p>\n<p>\u00a0<\/p>\n<p>Les lents de mirall de titani eliminen el 97% dels raigs infrarojos, reduint significativament l&#8217;enlluernament i millorant el color i l&#8217;enfocament mitjan\u00e7ant el processament dels raigs de l&#8217;espectre de llum blava. Aquestes ulleres de nataci\u00f3 v\u00e9nen amb ponts nasals intercanviables per a un ajustament personalitzat i lents antibaf que proporcionen un control addicional.<\/p>\n<p>\u00a0<\/p>\n<p>Caracter\u00edstiques destacables:<\/p>\n<p>&#8211; Tecnologia Air Cushion: Ajust contornejat i c\u00f2mode.<\/p>\n<p>&#8211; Juntes de silicona farcides daire: Efecte de moll i reducci\u00f3 de marques.<\/p>\n<p>&#8211; Lents de mirall de titani: Eliminen el 97% dels raigs infrarojos i milloren el color.<\/p>\n<p>&#8211; Ponts nasals intercanviables: Ajust personalitzat.<\/p>\n<p>&#8211; Lents antibaf: Control d&#8217;humitat i claredat.<\/p>\n<p>&#8211; Protecci\u00f3 UV: Total protecci\u00f3 contra raigs UVA i UVB.<\/p>\n<p>\u00a0<\/p>\n<p>\u00das recomanat:<\/p>\n<p>Aquestes ulleres s\u00f3n perfectes tant per a entrenaments diaris com per a competicions, proporcionant confort i un rendiment superior a cada bra\u00e7ada.<\/p>\n<p>No deixeu passar l&#8217;oportunitat de millorar el vostre rendiment amb les Ulleres de Nataci\u00f3 Zoggs Fusion Air Titanium de CRAWL. Compra ara i gaudeix d\u00b4una nataci\u00f3 superior!<\/p>\n","protected":false},"excerpt":{"rendered":"<p>Compra las Gafas de Nataci\u00f3n Zoggs Fusion Air Titanium en CRAWL. Lentes espejadas de titanio para m\u00e1xima claridad y protecci\u00f3n.<\/p>\n<p>Ref: 084323<\/p>\n<p>\u00a0<\/p>\n","protected":false},"featured_media":13844,"comment_status":"open","ping_status":"closed","template":"","meta":[],"product_cat":[134,135],"product_tag":[],"brands":[{"id":24,"name":"Zoggs","slug":"zoggs"}],"_links":{"self":[{"href":"https:\/\/crawl.es\/ca\/wp-json\/wp\/v2\/product\/12343"}],"collection":[{"href":"https:\/\/crawl.es\/ca\/wp-json\/wp\/v2\/product"}],"about":[{"href":"https:\/\/crawl.es\/ca\/wp-json\/wp\/v2\/types\/product"}],"replies":[{"embeddable":true,"href":"https:\/\/crawl.es\/ca\/wp-json\/wp\/v2\/comments?post=12343"}],"wp:featuredmedia":[{"embeddable":true,"href":"https:\/\/crawl.es\/ca\/wp-json\/wp\/v2\/media\/13844"}],"wp:attachment":[{"href":"https:\/\/crawl.es\/ca\/wp-json\/wp\/v2\/media?parent=12343"}],"wp:term":[{"taxonomy":"product_cat","embeddable":true,"href":"https:\/\/crawl.es\/ca\/wp-json\/wp\/v2\/product_cat?post=12343"},{"taxonomy":"product_tag","embeddable":true,"href":"https:\/\/crawl.es\/ca\/wp-json\/wp\/v2\/product_tag?post=12343"}],"curies":[{"name":"wp","href":"https:\/\/api.w.org\/{rel}","templated":true}]}}