{"id":12344,"date":"2024-06-12T15:36:06","date_gmt":"2024-06-12T15:36:06","guid":{"rendered":"https:\/\/crawl.es\/producto\/calca-funky-turbo-snake-parade-crawl\/"},"modified":"2024-06-12T15:36:06","modified_gmt":"2024-06-12T15:36:06","slug":"calca-funky-turbo-snake-parade-crawl","status":"publish","type":"product","link":"https:\/\/crawl.es\/ca\/producto\/calca-funky-turbo-snake-parade-crawl\/","title":{"rendered":"Cal\u00e7a Funky Turbo Snake-Parade | Crawl"},"content":{"rendered":"<p>&#8211; Resist\u00e8ncia SPF +50: Protecci\u00f3 solar m\u00e0xima a tots els nostres biquinis i banyadors.<\/p>\n<p>&#8211; Resistent al clor ia l&#8217;aigua salada: Els biquinis de dona de Turbo garanteixen una gran durabilitat en \u00fas intensiu tant en aigua salada com en piscina.<\/p>\n<p>&#8211; Anti-pilling: Evita el frisat, els nostres vestits de bany i biquinis s\u00f3n de la millor qualitat i eviten l&#8217;aparici\u00f3 de nusos o boletes, comuns en productes de menor qualitat.<\/p>\n<p>&#8211; Ajustament perfecte: Bikinis de dona que s&#8217;ajusten a la perfecci\u00f3 a tot tipus de cossos. Talles des de la S fins a la 5XL disponibles a la majoria dels nostres biquinis de dona.<\/p>\n<p>&#8211; Lleugeresa: Bikinis lleugers i d&#8217;assecatge molt r\u00e0pid, perfectes per al seu \u00fas a qualsevol estaci\u00f3.<\/p>\n<p>&#8211; Esportius: Bikinis igual de c\u00f2modes que els banyadors de dona, dissenyats per garantir el confort en nedar.<\/p>\n","protected":false},"excerpt":{"rendered":"<p>La Cal\u00e7a Funky Turbo Snake-Parade (Ref. 43180183) presenta un disseny \u00fanic amb estampat de serp, oferint comoditat i un ajustament perfecte per a entrenaments de nataci\u00f3. Resistent al clor i amb materials d&#8217;alta durabilitat, \u00e9s l&#8217;opci\u00f3 ideal per a nedadores que busquen estil i rendiment a la piscina.<\/p>\n","protected":false},"featured_media":9280,"comment_status":"open","ping_status":"closed","template":"","meta":[],"product_cat":[133,227],"product_tag":[],"brands":[{"id":22,"name":"Turbo","slug":"turbo"}],"_links":{"self":[{"href":"https:\/\/crawl.es\/ca\/wp-json\/wp\/v2\/product\/12344"}],"collection":[{"href":"https:\/\/crawl.es\/ca\/wp-json\/wp\/v2\/product"}],"about":[{"href":"https:\/\/crawl.es\/ca\/wp-json\/wp\/v2\/types\/product"}],"replies":[{"embeddable":true,"href":"https:\/\/crawl.es\/ca\/wp-json\/wp\/v2\/comments?post=12344"}],"wp:featuredmedia":[{"embeddable":true,"href":"https:\/\/crawl.es\/ca\/wp-json\/wp\/v2\/media\/9280"}],"wp:attachment":[{"href":"https:\/\/crawl.es\/ca\/wp-json\/wp\/v2\/media?parent=12344"}],"wp:term":[{"taxonomy":"product_cat","embeddable":true,"href":"https:\/\/crawl.es\/ca\/wp-json\/wp\/v2\/product_cat?post=12344"},{"taxonomy":"product_tag","embeddable":true,"href":"https:\/\/crawl.es\/ca\/wp-json\/wp\/v2\/product_tag?post=12344"}],"curies":[{"name":"wp","href":"https:\/\/api.w.org\/{rel}","templated":true}]}}