{"id":12368,"date":"2024-06-12T11:18:08","date_gmt":"2024-06-12T11:18:08","guid":{"rendered":"https:\/\/crawl.es\/producto\/braga-bikini-speedo-classic-crawl\/"},"modified":"2024-06-12T11:18:08","modified_gmt":"2024-06-12T11:18:08","slug":"braga-bikini-speedo-classic-crawl","status":"publish","type":"product","link":"https:\/\/crawl.es\/ca\/producto\/braga-bikini-speedo-classic-crawl\/","title":{"rendered":"Braga Bikini Speedo Classic | CRAWL"},"content":{"rendered":"<p>Barreja i combina el teu estil d&#8217;entrenament amb la nova cal\u00e7a Racerback. Ideal per a llargues sessions d&#8217;entrenament, aquesta cal\u00e7a \u00e9s resistent a cremes solars i olis, permetent que facis la teva sessi\u00f3 de fitness a l&#8217;aire lliure sense preocupacions. Els entrenaments regulars no s\u00f3n rival per al nou teixit ultraresistent al clor. Inclou tecnologia XLANCE\u00ae amb elasticitat bidireccional per a un ajustament de rendiment durador. Fet en part a partir d\u00b4ampolles de pl\u00e0stic reciclades, el fil de poli\u00e8ster Repreve\u00ae d\u00b4aquest teixit est\u00e0 fet 100 % de deixalles postconsum.<\/p>\n<p>\u00a0<\/p>\n<p>Caracter\u00edstiques destacables:<\/p>\n<p>&#8211; Resist\u00e8ncia a cremes solars i olis: Ideal per a sessions de fitness a l&#8217;aire lliure.<\/p>\n<p>&#8211; Teixit ultraresistent al clor: Perfecte per a entrenaments regulars.<\/p>\n<p>&#8211; Tecnologia XLANCE\u00ae: Elasticitat bidireccional per a un ajustament de rendiment durador.<\/p>\n<p>&#8211; Sostenible: Fet a partir d&#8217;ampolles de pl\u00e0stic reciclades, el fil de poli\u00e8ster Repreve\u00ae est\u00e0 fet 100% de deixalles postconsum.<\/p>\n<p>\u00a0<\/p>\n<p>\u00das recomanat:<\/p>\n<p>Perfecte per a nedadores i persones actives que busquen una cal\u00e7a de biquini duradora, c\u00f2moda i sostenible. Ideal per a entrenaments intensius i exteriors.<\/p>\n<p>\u00a0<\/p>\n<p>No perdis l&#8217;oportunitat d&#8217;adquirir Braga Bikini Speedo Classic 8-00392100334 de CRAWL. Compra ara i millora el teu rendiment a les teves sessions d&#8217;entrenament!<\/p>\n","protected":false},"excerpt":{"rendered":"<p>Compra la Braga Bikini Speedo Classic a CRAWL. Ideal per a llargues sessions d\u00b4entrenament. Resistent a cremes solars i olis. Feta a partir de botelles de pl\u00e0stic reciclades.<\/p>\n<p>REF: 8-00392100334<\/p>\n","protected":false},"featured_media":9242,"comment_status":"open","ping_status":"closed","template":"","meta":[],"product_cat":[133,227],"product_tag":[],"brands":[{"id":307,"name":"Speedo","slug":"speedo"}],"_links":{"self":[{"href":"https:\/\/crawl.es\/ca\/wp-json\/wp\/v2\/product\/12368"}],"collection":[{"href":"https:\/\/crawl.es\/ca\/wp-json\/wp\/v2\/product"}],"about":[{"href":"https:\/\/crawl.es\/ca\/wp-json\/wp\/v2\/types\/product"}],"replies":[{"embeddable":true,"href":"https:\/\/crawl.es\/ca\/wp-json\/wp\/v2\/comments?post=12368"}],"wp:featuredmedia":[{"embeddable":true,"href":"https:\/\/crawl.es\/ca\/wp-json\/wp\/v2\/media\/9242"}],"wp:attachment":[{"href":"https:\/\/crawl.es\/ca\/wp-json\/wp\/v2\/media?parent=12368"}],"wp:term":[{"taxonomy":"product_cat","embeddable":true,"href":"https:\/\/crawl.es\/ca\/wp-json\/wp\/v2\/product_cat?post=12368"},{"taxonomy":"product_tag","embeddable":true,"href":"https:\/\/crawl.es\/ca\/wp-json\/wp\/v2\/product_tag?post=12368"}],"curies":[{"name":"wp","href":"https:\/\/api.w.org\/{rel}","templated":true}]}}