{"id":12380,"date":"2024-06-12T10:10:04","date_gmt":"2024-06-12T10:10:04","guid":{"rendered":"https:\/\/crawl.es\/producto\/banyador-home-speedo-digital-brief-17cm-banyadors-speedo-crawl\/"},"modified":"2024-06-12T10:10:04","modified_gmt":"2024-06-12T10:10:04","slug":"banyador-home-speedo-digital-brief-17cm-banyadors-speedo-crawl","status":"publish","type":"product","link":"https:\/\/crawl.es\/ca\/producto\/banyador-home-speedo-digital-brief-17cm-banyadors-speedo-crawl\/","title":{"rendered":"Banyador Home Speedo Digital Brief 17cm | Banyadors Speedo | Crawl"},"content":{"rendered":"<p>Conoce la PANTALONETA DE BA\u00d1O BRIEF PLACEMENT DIGITAL 17CM para hombre de Speedo, dise\u00f1ada con los m\u00e1s altos est\u00e1ndares calidad para brindar comodidad y estilo. Una pantaloneta de ba\u00f1o corta con silueta ajustada, pretina lisa con el\u00e1stico y cord\u00f3n de ajuste interno en la cintura para un ajuste perfecto, especialmente dise\u00f1ada por Speedo para brindarle libertad de movimiento y comodidad en el agua. Su tela ligera y suave con forro interno en la parte delantera garantiza una experiencia de uso c\u00f3moda para disfrutar mientras entrenas en la piscina.<\/p>\n<p>Fabricado con nuestro duradero tejido Endurance+, de secado r\u00e1pido y 100% resistente al cloro. Uno de los hilos de este est\u00e1 fabricado al 100% con residuos postconsumo, como botellas de pl\u00e1stico recicladas.<\/p>\n","protected":false},"excerpt":{"rendered":"<p>Banyador Speedo Digital Brief 17cm per a home, amb disseny modern i ajustament c\u00f2mode. Ideal per a entrenament i competicions. Compra a Crawl i gaudeix de qualitat i estil a l&#8217;aigua.<\/p>\n","protected":false},"featured_media":9219,"comment_status":"open","ping_status":"closed","template":"","meta":[],"product_cat":[147,152],"product_tag":[],"brands":[{"id":307,"name":"Speedo","slug":"speedo"}],"_links":{"self":[{"href":"https:\/\/crawl.es\/ca\/wp-json\/wp\/v2\/product\/12380"}],"collection":[{"href":"https:\/\/crawl.es\/ca\/wp-json\/wp\/v2\/product"}],"about":[{"href":"https:\/\/crawl.es\/ca\/wp-json\/wp\/v2\/types\/product"}],"replies":[{"embeddable":true,"href":"https:\/\/crawl.es\/ca\/wp-json\/wp\/v2\/comments?post=12380"}],"wp:featuredmedia":[{"embeddable":true,"href":"https:\/\/crawl.es\/ca\/wp-json\/wp\/v2\/media\/9219"}],"wp:attachment":[{"href":"https:\/\/crawl.es\/ca\/wp-json\/wp\/v2\/media?parent=12380"}],"wp:term":[{"taxonomy":"product_cat","embeddable":true,"href":"https:\/\/crawl.es\/ca\/wp-json\/wp\/v2\/product_cat?post=12380"},{"taxonomy":"product_tag","embeddable":true,"href":"https:\/\/crawl.es\/ca\/wp-json\/wp\/v2\/product_tag?post=12380"}],"curies":[{"name":"wp","href":"https:\/\/api.w.org\/{rel}","templated":true}]}}