{"id":12387,"date":"2024-06-12T09:49:09","date_gmt":"2024-06-12T09:49:09","guid":{"rendered":"https:\/\/crawl.es\/producto\/banyador-home-speedo-digital-brief-13-5-cm-banyadors-natacio-crawl\/"},"modified":"2025-01-16T10:13:57","modified_gmt":"2025-01-16T10:13:57","slug":"banyador-home-speedo-digital-brief-13-5-cm-banyadors-natacio-crawl","status":"publish","type":"product","link":"https:\/\/crawl.es\/ca\/producto\/banyador-home-speedo-digital-brief-13-5-cm-banyadors-natacio-crawl\/","title":{"rendered":"Banyador Home Speedo Digital Brief 13.5 cm | Banyadors Nataci\u00f3 | Crawl"},"content":{"rendered":"<p>Coneix la PANTALONETA DE BANY BRIEF PLACEMENT DIGITAL 17CM per a home de Speedo, dissenyada amb els m\u00e9s alts est\u00e0ndards qualitat per brindar comoditat i estil. Una pantaloneta de bany curta amb silueta ajustada, pretina llisa amb el\u00e0stic i cord\u00f3 d&#8217;ajust intern a la cintura per a un ajustament perfecte, especialment dissenyada per Speedo per brindar-li llibertat de moviment i comoditat a l&#8217;aigua. La seva tela lleugera i suau amb folre intern a la part davantera garanteix una experi\u00e8ncia d\u00fas c\u00f2moda per gaudir mentre entrenes a la piscina.<\/p>\n<p>Fabricat amb el nostre durador teixit Endurance+, d&#8217;assecat r\u00e0pid i 100% resistent al clor. Un dels fils est\u00e0 fabricat al 100% amb residus postconsum, com ampolles de pl\u00e0stic reciclades.<\/p>\n","protected":false},"excerpt":{"rendered":"<p>El banyador Speedo Digital Brief 13.5 cm per a home est\u00e0 dissenyat per oferir comoditat, ajustament perfecte i resist\u00e8ncia a cada entrenament. Ideal per a nedadors que busquen qualitat i estil. Aconsegueix-ho a Crawl!<\/p>\n","protected":false},"featured_media":13060,"comment_status":"open","ping_status":"closed","template":"","meta":[],"product_cat":[148,147,152],"product_tag":[],"brands":[{"id":307,"name":"Speedo","slug":"speedo"}],"_links":{"self":[{"href":"https:\/\/crawl.es\/ca\/wp-json\/wp\/v2\/product\/12387"}],"collection":[{"href":"https:\/\/crawl.es\/ca\/wp-json\/wp\/v2\/product"}],"about":[{"href":"https:\/\/crawl.es\/ca\/wp-json\/wp\/v2\/types\/product"}],"replies":[{"embeddable":true,"href":"https:\/\/crawl.es\/ca\/wp-json\/wp\/v2\/comments?post=12387"}],"wp:featuredmedia":[{"embeddable":true,"href":"https:\/\/crawl.es\/ca\/wp-json\/wp\/v2\/media\/13060"}],"wp:attachment":[{"href":"https:\/\/crawl.es\/ca\/wp-json\/wp\/v2\/media?parent=12387"}],"wp:term":[{"taxonomy":"product_cat","embeddable":true,"href":"https:\/\/crawl.es\/ca\/wp-json\/wp\/v2\/product_cat?post=12387"},{"taxonomy":"product_tag","embeddable":true,"href":"https:\/\/crawl.es\/ca\/wp-json\/wp\/v2\/product_tag?post=12387"}],"curies":[{"name":"wp","href":"https:\/\/api.w.org\/{rel}","templated":true}]}}