{"id":12397,"date":"2024-06-11T16:05:40","date_gmt":"2024-06-11T16:05:40","guid":{"rendered":"https:\/\/crawl.es\/producto\/top-bikini-queen-turbo-floral-party-crawl\/"},"modified":"2025-01-16T10:24:20","modified_gmt":"2025-01-16T10:24:20","slug":"top-bikini-queen-turbo-floral-party-crawl","status":"publish","type":"product","link":"https:\/\/crawl.es\/ca\/producto\/top-bikini-queen-turbo-floral-party-crawl\/","title":{"rendered":"Top Bikini Queen Turbo Floral-Party | CRAWL"},"content":{"rendered":"<p>El Top Bikini Queen Turbo Floral-Party est\u00e0 especialment dissenyat per a la pr\u00e0ctica esportiva, proporcionant una subjecci\u00f3 perfecta per fer tot tipus d&#8217;esports aqu\u00e0tics. A la nostra botiga de biquinis de nataci\u00f3, trobar\u00e0s models que s&#8217;adapten totalment al teu cos, garantint sempre un ajustament perfecte. Et recomanem triar una talla m\u00e9s gran del que \u00e9s habitual per a un millor ajustament.<\/p>\n<p><br data-mce-bogus=\"1\"><\/p>\n<p>Caracter\u00edstiques destacables:<\/p>\n<p>&#8211; Resist\u00e8ncia SPF +50: Protecci\u00f3 solar m\u00e0xima a tots els nostres biquinis i banyadors.<\/p>\n<p>&#8211; Resistent al clor i a l&#8217;aigua salada: Garanteix una gran durabilitat en \u00fas intensiu tant en aigua salada com en piscina.<\/p>\n<p>&#8211; Anti-pilling: Evita el frisat i l&#8217;aparici\u00f3 de nusos o boletes, comuns en productes de menor qualitat.<\/p>\n<p>&#8211; Ajustament perfecte: S&#8217;adapta a la perfecci\u00f3 a tot tipus de cossos. Talles disponibles des de la S fins a la 5XL.<\/p>\n<p>&#8211; Lleugeresa: Bikinis lleugers i d&#8217;assecatge molt r\u00e0pid, perfectes per al seu \u00fas a qualsevol estaci\u00f3.<\/p>\n<p>&#8211; Esportius: Dissenyats per garantir el confort en nedar, igual de c\u00f2modes que els banyadors de dona.<\/p>\n<p><br data-mce-bogus=\"1\"><\/p>\n<p>\u00das recomanat:<\/p>\n<p>Perfecte per a nedadores i persones actives que busquen un biquini amb protecci\u00f3 solar, resist\u00e8ncia i comoditat. Ideal per a la piscina, la platja o qualsevol activitat aqu\u00e0tica.<\/p>\n<p><br data-mce-bogus=\"1\"><\/p>\n<p>No perdis l&#8217;oportunitat d&#8217;adquirir el Top Bikini Queen Turbo Floral-Party de CRAWL. Compra ara i gaudeix de la millor qualitat a les teves activitats aqu\u00e0tiques!<\/p>\n","protected":false},"excerpt":{"rendered":"<p>Compra el Top Bikini Queen Turbo Floral-Party a CRAWL. Protecci\u00f3 solar m\u00e0xima, resist\u00e8ncia al clor i a l&#8217;aigua salada.<\/p>\n<p>Ref: 43180652.<\/p>\n","protected":false},"featured_media":9167,"comment_status":"open","ping_status":"closed","template":"","meta":[],"product_cat":[133,227],"product_tag":[],"brands":[{"id":22,"name":"Turbo","slug":"turbo"}],"_links":{"self":[{"href":"https:\/\/crawl.es\/ca\/wp-json\/wp\/v2\/product\/12397"}],"collection":[{"href":"https:\/\/crawl.es\/ca\/wp-json\/wp\/v2\/product"}],"about":[{"href":"https:\/\/crawl.es\/ca\/wp-json\/wp\/v2\/types\/product"}],"replies":[{"embeddable":true,"href":"https:\/\/crawl.es\/ca\/wp-json\/wp\/v2\/comments?post=12397"}],"wp:featuredmedia":[{"embeddable":true,"href":"https:\/\/crawl.es\/ca\/wp-json\/wp\/v2\/media\/9167"}],"wp:attachment":[{"href":"https:\/\/crawl.es\/ca\/wp-json\/wp\/v2\/media?parent=12397"}],"wp:term":[{"taxonomy":"product_cat","embeddable":true,"href":"https:\/\/crawl.es\/ca\/wp-json\/wp\/v2\/product_cat?post=12397"},{"taxonomy":"product_tag","embeddable":true,"href":"https:\/\/crawl.es\/ca\/wp-json\/wp\/v2\/product_tag?post=12397"}],"curies":[{"name":"wp","href":"https:\/\/api.w.org\/{rel}","templated":true}]}}