{"id":12425,"date":"2024-06-03T17:40:16","date_gmt":"2024-06-03T17:40:16","guid":{"rendered":"https:\/\/crawl.es\/producto\/arena-powerskin-carbon-core-fx-le-jammer-hombre-edicion-limitada-banadores-de-competicion-crawl\/"},"modified":"2024-06-03T17:40:16","modified_gmt":"2024-06-03T17:40:16","slug":"arena-powerskin-carbon-core-fx-le-jammer-hombre-edicion-limitada-banadores-de-competicion-crawl","status":"publish","type":"product","link":"https:\/\/crawl.es\/ca\/producto\/arena-powerskin-carbon-core-fx-le-jammer-hombre-edicion-limitada-banadores-de-competicion-crawl\/","title":{"rendered":"Arena Powerskin Carbon-Core FX LE Jammer Home Edici\u00f3 Limitada | Banyadors de Competici\u00f3 | Crawl"},"content":{"rendered":"<p>La manera com et sents a l&#8217;aigua t\u00e9 un gran impacte a la cursa. El nostre Powerskin Carbon Core FX Jammers est\u00e0 dissenyat per a una sensaci\u00f3 de m\u00e0xima for\u00e7a. Aquest vestit de bany comprimeix intensament, oxigenant grups de m\u00fasculs espec\u00edfics que treballen durant la nataci\u00f3. Est\u00e0 fet a base de roba amb bandes horitzontals i verticals que s&#8217;enganxen al cos. Les l\u00ednies paral\u00b7leles i les cintes dobles a la part posterior de les cames ajuden a mantenir una posici\u00f3 elevada i horitzontal a l&#8217;aigua, fins quan est\u00e0s cansat. Sent suport i estabilitat a l&#8217;interior amb el sistema d&#8217;embenat. A punt per guanyar! Ara disponible en combinaci\u00f3 de color negre i fluor yellow. Edici\u00f3 limitada!<\/p>\n<p>\u00a0<\/p>\n<p>PRODUCTE PERSONALITZAT NO ES POT RETORN<\/p>\n<p>\u00a0<\/p>\n<p>Composici\u00f3 del material<\/p>\n<p>52% Poliamida 47% Elast\u00e0 1% Fibra de Carboni<\/p>\n<p>\u00a0<\/p>\n<p>Instruccions de cura<\/p>\n<p>Per poder garantir que el seu vestit de bany ARENA mantingui les prestacions de forma \u00f2ptima al llarg del temps us recomanem seguir les recomanacions seg\u00fcents:<\/p>\n<p>Aclarir en aigua dol\u00e7a despr\u00e9s de fer servir;<\/p>\n<p>No deixeu durant molt de temps el vestit de bany humit dins d&#8217;una bossa o d&#8217;un embolcall tancat;<\/p>\n<p>No deixeu el vestit de bany humit exposat al sol durant molt de temps dins d&#8217;una bossa o d&#8217;un embolcall tancat;<\/p>\n<p>Rentar amb sabons per a roba delicada;<\/p>\n<p>Deixeu assecar de forma natural allunyat de tota font de calor.<\/p>\n<p>Seguir les instruccions de rentat indicades a l&#8217;etiqueta de la pe\u00e7a.<\/p>\n","protected":false},"excerpt":{"rendered":"<p>El vestit de bany Arena Powerskin Carbon-Core FX LE Jammer per a home, edici\u00f3 limitada, ofereix m\u00e0xima compressi\u00f3 i rendiment en competicions. Amb tecnologia avan\u00e7ada i disseny exclusiu, optimitza la teva velocitat a l&#8217;aigua.<\/p>\n<p>Obtingues el teu nom\u00e9s a Crawl!<\/p>\n","protected":false},"featured_media":9110,"comment_status":"open","ping_status":"closed","template":"","meta":[],"product_cat":[147,152],"product_tag":[],"brands":[{"id":312,"name":"ARENA","slug":"arena"}],"_links":{"self":[{"href":"https:\/\/crawl.es\/ca\/wp-json\/wp\/v2\/product\/12425"}],"collection":[{"href":"https:\/\/crawl.es\/ca\/wp-json\/wp\/v2\/product"}],"about":[{"href":"https:\/\/crawl.es\/ca\/wp-json\/wp\/v2\/types\/product"}],"replies":[{"embeddable":true,"href":"https:\/\/crawl.es\/ca\/wp-json\/wp\/v2\/comments?post=12425"}],"wp:featuredmedia":[{"embeddable":true,"href":"https:\/\/crawl.es\/ca\/wp-json\/wp\/v2\/media\/9110"}],"wp:attachment":[{"href":"https:\/\/crawl.es\/ca\/wp-json\/wp\/v2\/media?parent=12425"}],"wp:term":[{"taxonomy":"product_cat","embeddable":true,"href":"https:\/\/crawl.es\/ca\/wp-json\/wp\/v2\/product_cat?post=12425"},{"taxonomy":"product_tag","embeddable":true,"href":"https:\/\/crawl.es\/ca\/wp-json\/wp\/v2\/product_tag?post=12425"}],"curies":[{"name":"wp","href":"https:\/\/api.w.org\/{rel}","templated":true}]}}