{"id":12427,"date":"2024-05-30T08:57:12","date_gmt":"2024-05-30T08:57:12","guid":{"rendered":"https:\/\/crawl.es\/producto\/poncho-tovallola-zoggs-crawl\/"},"modified":"2024-05-30T08:57:12","modified_gmt":"2024-05-30T08:57:12","slug":"poncho-tovallola-zoggs-crawl","status":"publish","type":"product","link":"https:\/\/crawl.es\/ca\/producto\/poncho-tovallola-zoggs-crawl\/","title":{"rendered":"Ponxo Tovallola Zoggs | CRAWL"},"content":{"rendered":"<p>Mantingues els teus petits abrigats i calentets despr\u00e9s de nedar amb el ponxo tovallola Zoggs Junior Swimming Cloak. Perfecte per mantenir els nens c\u00f2modes mentre s&#8217;assequen. Amb divertits i colorits dissenys, aquesta tovallola Capa de nataci\u00f3 no nom\u00e9s \u00e9s pr\u00e0ctica, sin\u00f3 tamb\u00e9 divertida. Perfecta per utilitzar a la piscina, la platja o fins i tot a casa, aquesta tovallola ponxo Zoggs \u00e9s imprescindible per als joves nedadors.<\/p>\n<p>\u00a0<\/p>\n<p>Caracter\u00edstiques destacables:<\/p>\n<p>&#8211; Disseny divertit i colorit.<\/p>\n<p>&#8211; Mant\u00e9 els nens abrigats i c\u00f2modes despr\u00e9s de nedar.<\/p>\n<p>&#8211; Perfecte per a la piscina, la platja oa casa.<\/p>\n<p>&#8211; Material suau i absorbent per a un assecat r\u00e0pid i c\u00f2mode.<\/p>\n<p>\u00a0<\/p>\n<p>\u00das recomanat:<\/p>\n<p>Ideal per mantenir els nens c\u00f2modes i secs despr\u00e9s de nedar, aquesta tovallola ponxo \u00e9s perfecta per a la piscina, la platja o fins i tot a casa.<\/p>\n<p>\u00a0<\/p>\n<p>No perdis l&#8217;oportunitat de mantenir els teus petits abrigats amb el Ponxo Tovallola Zoggs de CRAWL. Compra ara i gaudeix d&#8217;una comoditat superior pels teus fills!<\/p>\n","protected":false},"excerpt":{"rendered":"<p>Compra el Ponxo Tovallola Zoggs a CRAWL. Mantingues els teus petits abrigats i calentets despr\u00e9s de nedar amb divertits i colorits dissenys.<\/p>\n","protected":false},"featured_media":9081,"comment_status":"open","ping_status":"closed","template":"","meta":[],"product_cat":[134,156,145],"product_tag":[],"brands":[{"id":24,"name":"Zoggs","slug":"zoggs"}],"_links":{"self":[{"href":"https:\/\/crawl.es\/ca\/wp-json\/wp\/v2\/product\/12427"}],"collection":[{"href":"https:\/\/crawl.es\/ca\/wp-json\/wp\/v2\/product"}],"about":[{"href":"https:\/\/crawl.es\/ca\/wp-json\/wp\/v2\/types\/product"}],"replies":[{"embeddable":true,"href":"https:\/\/crawl.es\/ca\/wp-json\/wp\/v2\/comments?post=12427"}],"wp:featuredmedia":[{"embeddable":true,"href":"https:\/\/crawl.es\/ca\/wp-json\/wp\/v2\/media\/9081"}],"wp:attachment":[{"href":"https:\/\/crawl.es\/ca\/wp-json\/wp\/v2\/media?parent=12427"}],"wp:term":[{"taxonomy":"product_cat","embeddable":true,"href":"https:\/\/crawl.es\/ca\/wp-json\/wp\/v2\/product_cat?post=12427"},{"taxonomy":"product_tag","embeddable":true,"href":"https:\/\/crawl.es\/ca\/wp-json\/wp\/v2\/product_tag?post=12427"}],"curies":[{"name":"wp","href":"https:\/\/api.w.org\/{rel}","templated":true}]}}