{"id":12428,"date":"2024-05-29T15:53:00","date_gmt":"2024-05-29T15:53:00","guid":{"rendered":"https:\/\/crawl.es\/producto\/speedo-fastskin-lzr-pure-intent-backstroke-edition-hombre-banador-de-competicion-para-nadadores-elite-crawl\/"},"modified":"2024-05-29T15:53:00","modified_gmt":"2024-05-29T15:53:00","slug":"speedo-fastskin-lzr-pure-intent-backstroke-edition-hombre-banador-de-competicion-para-nadadores-elite-crawl","status":"publish","type":"product","link":"https:\/\/crawl.es\/ca\/producto\/speedo-fastskin-lzr-pure-intent-backstroke-edition-hombre-banador-de-competicion-para-nadadores-elite-crawl\/","title":{"rendered":"Speedo Fastskin LZR Pure Intent Backstroke Edition Home | Banyador de Competici\u00f3 per a Nedadors Elite | Crawl"},"content":{"rendered":"<p>Senti&#8217;t imparable amb els \u00faltims i innovadors productes de Speedo, desenvolupats per i per a nedadors. El banyador entallat Fastskin LZR Pure Intent Backstroke Edition de cintura alta compta amb dues capes compressives i una construcci\u00f3 de costures ergon\u00f2miques dissenyades per connectar els grups musculars clau i obtenir m\u00e9s rendiment de pot\u00e8ncia.<\/p>\n<p>Les zones de teixit texturitzat se centren en la reducci\u00f3 de la resist\u00e8ncia perqu\u00e8 treguis tot el partit a les teves bra\u00e7ades, mentre que la construcci\u00f3 de triple teixit amb costures segellades s&#8217;ha dissenyat per permetre un moviment m\u00e9s gran.<\/p>\n<p>La nova banda a la part davantera de les cames est\u00e0 dissenyada per fomentar la for\u00e7a de les puntades de peu i optimitzar especialment la posici\u00f3 del cos en nedar amb la t\u00e8cnica d&#8217;esquena. Aquest banyador entallat de cintura alta ofereix m\u00e9s cobertura per millorar el rendiment. Aquest producte ha estat totalment aprovat per la FINA.<\/p>\n","protected":false},"excerpt":{"rendered":"<p>Arriba al teu m\u00e0xim rendiment amb el Speedo Fastskin LZR Pure Intent Backstroke Edition per a home. Dissenyat per al nedador competitiu, la seva innovadora tecnologia de compressi\u00f3 i ajustament permet millorar la teva velocitat a l&#8217;aigua. Ideal per als campionats d&#8217;alt nivell, aquest banyador ofereix un control total i m\u00e9s efici\u00e8ncia a cada bra\u00e7ada.<\/p>\n<p>Fes-te amb el teu a Crawl i millora la teva t\u00e8cnica d&#8217;esquena!<\/p>\n","protected":false},"featured_media":9077,"comment_status":"open","ping_status":"closed","template":"","meta":[],"product_cat":[148,147,152],"product_tag":[],"brands":[{"id":307,"name":"Speedo","slug":"speedo"}],"_links":{"self":[{"href":"https:\/\/crawl.es\/ca\/wp-json\/wp\/v2\/product\/12428"}],"collection":[{"href":"https:\/\/crawl.es\/ca\/wp-json\/wp\/v2\/product"}],"about":[{"href":"https:\/\/crawl.es\/ca\/wp-json\/wp\/v2\/types\/product"}],"replies":[{"embeddable":true,"href":"https:\/\/crawl.es\/ca\/wp-json\/wp\/v2\/comments?post=12428"}],"wp:featuredmedia":[{"embeddable":true,"href":"https:\/\/crawl.es\/ca\/wp-json\/wp\/v2\/media\/9077"}],"wp:attachment":[{"href":"https:\/\/crawl.es\/ca\/wp-json\/wp\/v2\/media?parent=12428"}],"wp:term":[{"taxonomy":"product_cat","embeddable":true,"href":"https:\/\/crawl.es\/ca\/wp-json\/wp\/v2\/product_cat?post=12428"},{"taxonomy":"product_tag","embeddable":true,"href":"https:\/\/crawl.es\/ca\/wp-json\/wp\/v2\/product_tag?post=12428"}],"curies":[{"name":"wp","href":"https:\/\/api.w.org\/{rel}","templated":true}]}}