{"id":12430,"date":"2024-05-24T11:22:03","date_gmt":"2024-05-24T11:22:03","guid":{"rendered":"https:\/\/crawl.es\/producto\/banador-natacion-turbo-mujer-sirene-seahorse-crawl\/"},"modified":"2024-05-24T11:22:03","modified_gmt":"2024-05-24T11:22:03","slug":"banador-natacion-turbo-mujer-sirene-seahorse-crawl","status":"publish","type":"product","link":"https:\/\/crawl.es\/ca\/producto\/banador-natacion-turbo-mujer-sirene-seahorse-crawl\/","title":{"rendered":"Banyador Nataci\u00f3 Turbo Dona Sirene Seahorse | Crawl"},"content":{"rendered":"<p>Aquest banyador Turbo est\u00e0 especialment dissenyat per a la pr\u00e0ctica de la Nataci\u00f3, i la seva esquena es va inspirar a la Nataci\u00f3 sincronitzada. Els tirants estrets aporten una total llibertat de moviment i flexibilitat, adaptant-se perfectament al cos de la dona. Est\u00e0 confeccionat amb el millor teixit del mercat amb un doble folre davanter. \u00c9s resistent al clor de la piscina i als raigs UV. I per aix\u00f2, la intensitat dels colors es mant\u00e9 amb l&#8217;\u00fas repetit en el temps.<\/p>\n<p>\u00c9s considerat un dels banyadors m\u00e9s resistents del m\u00f3n.<\/p>\n<p>\u00a0<\/p>\n<p>Caracter\u00edstiques destacables:<\/p>\n<p>&#8211; Tirants fins<\/p>\n<p>&#8211; Esquena amb doble creuat<\/p>\n<p>&#8211; Tall de cama alt<\/p>\n<p>&#8211; Folre davanter complet<\/p>\n<p>&#8211; Resistent al clor<\/p>\n<p>&#8211; Colors duradors<\/p>\n<p>&#8211; Composici\u00f3: 55% poli\u00e8ster PBT, 45% poli\u00e8ster<\/p>\n<p>\u00a0<\/p>\n<p>\u00a0<\/p>\n<p>\u00das recomanat:<\/p>\n<p>&#8211; Banyador perfecte per a la pr\u00e0ctica de la Nataci\u00f3 com a banyador d&#8217;entrenament. Gr\u00e0cies a la seva gran adaptabilitat al cos, no arrossega aigua en nedar i ho fa una opci\u00f3 comod\u00edssima per a \u00fas diari.<\/p>\n<p>\u00a0<\/p>\n<p>Moltes nedadores prefereixen el tirant estret durant els entrenaments a l&#8217;aire lliure quan estan exposades als raigs solars. D&#8217;aquesta manera, eviten tenir una marca evident pel bru a la pell.<\/p>\n<p>\u00a0<\/p>\n<p>*Aquest article t\u00e9 un tallatge m\u00e9s petit del que \u00e9s habitual, i per aix\u00f2, recomanem optar per una talla superior al que \u00e9s habitual. En cas de comparar-ho amb el banyador Turbo de tira ampla, suggerim optar per una talla inferior at\u00e8s que tallen una mica m\u00e9s grans.<\/p>\n","protected":false},"excerpt":{"rendered":"<p>Gaudeix de la comoditat i l&#8217;estil amb el banyador Turbo Dona Sirene Seahorse. El disseny elegant i l&#8217;ajustament prec\u00eds el converteixen en l&#8217;opci\u00f3 ideal per a nedadores que busquen rendiment i confort.<\/p>\n<p>Ref: 83185047<\/p>\n","protected":false},"featured_media":9064,"comment_status":"open","ping_status":"closed","template":"","meta":[],"product_cat":[227,231,232],"product_tag":[],"brands":[{"id":22,"name":"Turbo","slug":"turbo"}],"_links":{"self":[{"href":"https:\/\/crawl.es\/ca\/wp-json\/wp\/v2\/product\/12430"}],"collection":[{"href":"https:\/\/crawl.es\/ca\/wp-json\/wp\/v2\/product"}],"about":[{"href":"https:\/\/crawl.es\/ca\/wp-json\/wp\/v2\/types\/product"}],"replies":[{"embeddable":true,"href":"https:\/\/crawl.es\/ca\/wp-json\/wp\/v2\/comments?post=12430"}],"wp:featuredmedia":[{"embeddable":true,"href":"https:\/\/crawl.es\/ca\/wp-json\/wp\/v2\/media\/9064"}],"wp:attachment":[{"href":"https:\/\/crawl.es\/ca\/wp-json\/wp\/v2\/media?parent=12430"}],"wp:term":[{"taxonomy":"product_cat","embeddable":true,"href":"https:\/\/crawl.es\/ca\/wp-json\/wp\/v2\/product_cat?post=12430"},{"taxonomy":"product_tag","embeddable":true,"href":"https:\/\/crawl.es\/ca\/wp-json\/wp\/v2\/product_tag?post=12430"}],"curies":[{"name":"wp","href":"https:\/\/api.w.org\/{rel}","templated":true}]}}