{"id":12440,"date":"2024-05-18T10:27:36","date_gmt":"2024-05-18T10:27:36","guid":{"rendered":"https:\/\/crawl.es\/producto\/kickboard-aqua-turbo-crawl\/"},"modified":"2024-05-18T10:27:36","modified_gmt":"2024-05-18T10:27:36","slug":"kickboard-aqua-turbo-crawl","status":"publish","type":"product","link":"https:\/\/crawl.es\/ca\/producto\/kickboard-aqua-turbo-crawl\/","title":{"rendered":"Kickboard Aqua Turbo | CRAWL"},"content":{"rendered":"<p>Tant si ets un nedador ocasional o un nedador competitiu a nivell professional, Turbo posa al teu abast el millor material d&#8217;entrenament per a \u00fas a la piscina i en aig\u00fces obertes. Amb aquest material d&#8217;entrenament aconseguir\u00e0s millorar els teus resultats, t\u00e8cnica, resist\u00e8ncia i pot\u00e8ncia a l&#8217;aigua. Aquest material de nataci\u00f3 \u00e9s perfecte per afegir dinamisme i qualitat als exercicis dels teus entrenaments a la piscina. El material d&#8217;entrenament far\u00e0 que augmenti la teva intensitat als entrenaments i es treballin zones musculars que no se solen treballar de forma habitual.<\/p>\n<p>\u00a0<\/p>\n<p>Caracter\u00edstiques destacables:<\/p>\n<p>&#8211; Resist\u00e8ncia total al clor: Ideal per a \u00fas en piscines.<\/p>\n<p>&#8211; Material resistent i el\u00e0stic: Garanteix durabilitat i comoditat.<\/p>\n<p>&#8211; Resist\u00e8ncia a l&#8217;aigua salada: perfecte per a entrenaments en aig\u00fces obertes.<\/p>\n<p>&#8211; Colors duradors: Mantenen la seva vivesa i qualitat amb el temps.<\/p>\n<p>\u2013 Testat per professionals: Garantia de qualitat i efic\u00e0cia.<\/p>\n<p>\u00a0<\/p>\n<p>\u00das recomanat:<\/p>\n<p>Perfecte per millorar el to muscular i la t\u00e8cnica de nataci\u00f3, aconseguint la posici\u00f3 corporal id\u00f2nia. Ideal per a qualsevol nedador que busqui un entrenament efectiu i d&#8217;alta qualitat.<\/p>\n<p>\u00a0<\/p>\n<p>No us perdeu l&#8217;oportunitat d&#8217;adquirir la Kickboard Aqua Turbo REF.97224 de CRAWL. Compra ara i porta els teus entrenaments al nivell seg\u00fcent!<\/p>\n","protected":false},"excerpt":{"rendered":"<p>Compra la Kickboard Aqua Turbo REF.97224 a CRAWL. Millora la teva t\u00e8cnica, resist\u00e8ncia i pot\u00e8ncia a la nataci\u00f3. Resistent al clor ia laigua salada. Colors duradors.<\/p>\n","protected":false},"featured_media":9043,"comment_status":"open","ping_status":"closed","template":"","meta":[],"product_cat":[134,139],"product_tag":[],"brands":[{"id":22,"name":"Turbo","slug":"turbo"}],"_links":{"self":[{"href":"https:\/\/crawl.es\/ca\/wp-json\/wp\/v2\/product\/12440"}],"collection":[{"href":"https:\/\/crawl.es\/ca\/wp-json\/wp\/v2\/product"}],"about":[{"href":"https:\/\/crawl.es\/ca\/wp-json\/wp\/v2\/types\/product"}],"replies":[{"embeddable":true,"href":"https:\/\/crawl.es\/ca\/wp-json\/wp\/v2\/comments?post=12440"}],"wp:featuredmedia":[{"embeddable":true,"href":"https:\/\/crawl.es\/ca\/wp-json\/wp\/v2\/media\/9043"}],"wp:attachment":[{"href":"https:\/\/crawl.es\/ca\/wp-json\/wp\/v2\/media?parent=12440"}],"wp:term":[{"taxonomy":"product_cat","embeddable":true,"href":"https:\/\/crawl.es\/ca\/wp-json\/wp\/v2\/product_cat?post=12440"},{"taxonomy":"product_tag","embeddable":true,"href":"https:\/\/crawl.es\/ca\/wp-json\/wp\/v2\/product_tag?post=12440"}],"curies":[{"name":"wp","href":"https:\/\/api.w.org\/{rel}","templated":true}]}}