{"id":12487,"date":"2025-01-16T18:26:22","date_gmt":"2025-01-16T18:26:22","guid":{"rendered":"https:\/\/crawl.es\/producto\/aletes-powerfin-pro-ii-white-pink-crawl\/"},"modified":"2025-01-16T18:26:22","modified_gmt":"2025-01-16T18:26:22","slug":"aletes-powerfin-pro-ii-white-pink-crawl","status":"publish","type":"product","link":"https:\/\/crawl.es\/ca\/producto\/aletes-powerfin-pro-ii-white-pink-crawl\/","title":{"rendered":"ALETES POWERFIN PRO II WHITE-PINK | Crawl"},"content":{"rendered":"<p>Millora la teva t\u00e8cnica de puntada de peu i la for\u00e7a de la part inferior del cos amb les nostres aletes Powerfin Pro II. Estan dissenyades amb una pala curta i inclinada per maximitzar l&#8217;empenta cap endavant, mentre que l&#8217;obertura oberta del tal\u00f3 i la puntera garanteixen flexibilitat, puntades de peu m\u00e9s r\u00e0pides i comoditat. Personalitzades per al peu esquerre i dret, cada aleta t\u00e9 els laterals estriats per millorar el control.<\/p>\n","protected":false},"excerpt":{"rendered":"<p>Millora la teva t\u00e8cnica de puntada de peu i la for\u00e7a de la part inferior del cos amb les nostres aletes Powerfin Pro II. Estan dissenyades amb una pala curta i inclinada per maximitzar l&#8217;empenta cap endavant, mentre l&#8217;obertura oberta del tal\u00f3 i la puntera garanteixen flexibilitat.<\/p>\n","protected":false},"featured_media":12453,"comment_status":"open","ping_status":"closed","template":"","meta":[],"product_cat":[134,139],"product_tag":[],"brands":[{"id":312,"name":"ARENA","slug":"arena"}],"_links":{"self":[{"href":"https:\/\/crawl.es\/ca\/wp-json\/wp\/v2\/product\/12487"}],"collection":[{"href":"https:\/\/crawl.es\/ca\/wp-json\/wp\/v2\/product"}],"about":[{"href":"https:\/\/crawl.es\/ca\/wp-json\/wp\/v2\/types\/product"}],"replies":[{"embeddable":true,"href":"https:\/\/crawl.es\/ca\/wp-json\/wp\/v2\/comments?post=12487"}],"wp:featuredmedia":[{"embeddable":true,"href":"https:\/\/crawl.es\/ca\/wp-json\/wp\/v2\/media\/12453"}],"wp:attachment":[{"href":"https:\/\/crawl.es\/ca\/wp-json\/wp\/v2\/media?parent=12487"}],"wp:term":[{"taxonomy":"product_cat","embeddable":true,"href":"https:\/\/crawl.es\/ca\/wp-json\/wp\/v2\/product_cat?post=12487"},{"taxonomy":"product_tag","embeddable":true,"href":"https:\/\/crawl.es\/ca\/wp-json\/wp\/v2\/product_tag?post=12487"}],"curies":[{"name":"wp","href":"https:\/\/api.w.org\/{rel}","templated":true}]}}